{"id":8949,"date":"2020-08-31T15:24:01","date_gmt":"2020-08-31T15:24:01","guid":{"rendered":"https:\/\/food-shop.org\/?product=eilles-tee-sonne-asiens-arom-gruentee-250g"},"modified":"2023-04-10T18:24:16","modified_gmt":"2023-04-10T18:24:16","slug":"eilles-tee-sonne-asiens-arom-gruentee-250g","status":"publish","type":"product","link":"https:\/\/food-shop.org\/?product=eilles-tee-sonne-asiens-arom-gruentee-250g","title":{"rendered":"Eilles Tee Sonne Asiens (Arom. Gr\u00fcntee) 250g"},"content":{"rendered":"<p><!-- show up to 2 reviews by default --> <\/p>\n<h3>Produktbeschreibungen<\/h3>\n<p>Gr\u00fcner Sencha, mit zart-herbem Geschmack, versetzt mit Lemongras und Saflorbl\u00fcten, dezent benotet mit exotisch &#8211; frischem Zitrusfrucht &#8211; Aroma. K\u00f6stlich &#8211; traditionell pur genossen. Zum Aufguss kochendes Wasser auf ca. 80\u00b0C abgek\u00fchlt f\u00fchrt zu weniger Gerbstoffen. Mit Eilles Tee erhalten Sie eine besondere Marke, die es normalerweise nur in der gehobenen Gastronomie und in luxuri\u00f6sen Hotels gibt. Verglichen mit der hochwertigen G\u00fcte der Eilles Tees sind die Preise hier im original Shop ein echtes Schn\u00e4ppchen. Empfohlene Ziehzeit des Tee: 2-3 Min. Das Haus EILLES geh\u00f6rt seit 1873 zu den ersten Adressen, wenn es um feinste Genusswaren und hochwertigsten Tee geht. Auch K\u00f6nig Ludwig II. fand an der bedingungslosen Qualit\u00e4tsphilosophie von EILLES Gefallen und verlieh EILLES den Status des offziellen Hoflieferanten. K\u00f6nigliches Aroma ist auch heute noch unser Wahlspruch, den wir mit jedem Produkt einl\u00f6sen. <\/p>\n<h3>Inhaltsstoffe \/ Zutaten<\/h3>\n<p>Gr\u00fcner Tee <\/p>\n<div data-a-expander-name=\"toggle_description\" class=\"a-row a-expander-container a-expander-extend-container\">\n<div class=\"a-expander-content a-expander-extend-content\">\n<h3>Gebrauchsanweisung<\/h3>\n<p>empfohlene Ziehzeit des Tee: 2-3 Minuten <\/p>\n<h3>Warnhinweise<\/h3>\n<p>Mindesthalbarkeit: 6 Monate <\/p>\n<\/p><\/div>\n<p> <a href=\"void(0)\" data-action=\"a-expander-toggle\" class=\"a-expander-header a-declarative a-expander-extend-header\" data-a-expander-toggle=\"{\"><i class=\"a-icon a-icon-extender-expand\"><\/i><span class=\"a-expander-prompt\">Weitere Informationen<\/span><\/a> <\/div>\n<p>Zutaten: Gr\u00fcner Tee<br \/>\n<div class=\"main-cross-sell\" data-asin=\"B0035WEI0I\">\n\n\t<div class=\"WooZone-cross-sell-loader\">\n\t\t<div>\n\t\t\t<div id=\"floatingBarsG\">\n\t\t\t\t<div class=\"blockG\" id=\"rotateG_01\"><\/div>\n\t\t\t\t<div class=\"blockG\" id=\"rotateG_02\"><\/div>\n\t\t\t\t<div class=\"blockG\" id=\"rotateG_03\"><\/div>\n\t\t\t\t<div class=\"blockG\" id=\"rotateG_04\"><\/div>\n\t\t\t\t<div class=\"blockG\" id=\"rotateG_05\"><\/div>\n\t\t\t\t<div class=\"blockG\" id=\"rotateG_06\"><\/div>\n\t\t\t\t<div class=\"blockG\" id=\"rotateG_07\"><\/div>\n\t\t\t\t<div class=\"blockG\" id=\"rotateG_08\"><\/div>\n\t\t\t<\/div>\n\t\t\t<div class=\"WooZone-cross-sell-loader-text\"><\/div>\n\t\t<\/div>\n\t<\/div>\n\n\t\t\n<\/div>\n<div style=\"clear:both;\"><\/div>\n","protected":false},"excerpt":{"rendered":"Zutaten: Gr\u00fcner Tee","protected":false},"featured_media":8950,"comment_status":"open","ping_status":"closed","template":"","meta":[],"product_cat":[8457,65],"product_tag":[],"_links":{"self":[{"href":"https:\/\/food-shop.org\/index.php?rest_route=\/wp\/v2\/product\/8949"}],"collection":[{"href":"https:\/\/food-shop.org\/index.php?rest_route=\/wp\/v2\/product"}],"about":[{"href":"https:\/\/food-shop.org\/index.php?rest_route=\/wp\/v2\/types\/product"}],"replies":[{"embeddable":true,"href":"https:\/\/food-shop.org\/index.php?rest_route=%2Fwp%2Fv2%2Fcomments&post=8949"}],"wp:featuredmedia":[{"embeddable":true,"href":"https:\/\/food-shop.org\/index.php?rest_route=\/wp\/v2\/media\/8950"}],"wp:attachment":[{"href":"https:\/\/food-shop.org\/index.php?rest_route=%2Fwp%2Fv2%2Fmedia&parent=8949"}],"wp:term":[{"taxonomy":"product_cat","embeddable":true,"href":"https:\/\/food-shop.org\/index.php?rest_route=%2Fwp%2Fv2%2Fproduct_cat&post=8949"},{"taxonomy":"product_tag","embeddable":true,"href":"https:\/\/food-shop.org\/index.php?rest_route=%2Fwp%2Fv2%2Fproduct_tag&post=8949"}],"curies":[{"name":"wp","href":"https:\/\/api.w.org\/{rel}","templated":true}]}}