{"id":8941,"date":"2020-08-31T15:23:58","date_gmt":"2020-08-31T15:23:58","guid":{"rendered":"https:\/\/food-shop.org\/?product=paulis-kitchen-erdbeer-cranberry-fruechtetee-tee-fuer-kinder-140"},"modified":"2023-04-10T18:24:16","modified_gmt":"2023-04-10T18:24:16","slug":"paulis-kitchen-erdbeer-cranberry-fruechtetee-tee-fuer-kinder-140","status":"publish","type":"product","link":"https:\/\/food-shop.org\/?product=paulis-kitchen-erdbeer-cranberry-fruechtetee-tee-fuer-kinder-140","title":{"rendered":"Paulis Kitchen Erdbeer Cranberry Fr\u00fcchtetee &#8211; Tee f\u00fcr Kinder &#8211; Loser Fr\u00fcchtetee (140)"},"content":{"rendered":"<p>Speziell Kinder aber auch Erwachsene m\u00f6gen diesen fruchtigen Geschmack nach Erdbeer und Cranberry des Tees. Kinderg\u00e4rten ( KiGa) verwendet und empfohlen<br \/>\nZutaten &#8211; Kontrolle und Verarbeitung erfolgt in \u00d6sterreich &#8211; Tee und Eistee tauglich<br \/>\nDer Tee wird in einer gro\u00dfen, wiederverschlie\u00dfbaren T\u00fcte geliefert<br \/>\nZutaten: Apfelst\u00fccke Hagebutten Hibiskus, Weinbeeren, Rote Bete, Cranberries Erdbeeren<br \/>\nNat\u00fcrlich aromatisierte Fr\u00fcchteteemischung fruchtig s\u00fc\u00dflich<br \/>\n<div class=\"main-cross-sell\" data-asin=\"B07H3TS3DV\">\n\n\t<div class=\"WooZone-cross-sell-loader\">\n\t\t<div>\n\t\t\t<div id=\"floatingBarsG\">\n\t\t\t\t<div class=\"blockG\" id=\"rotateG_01\"><\/div>\n\t\t\t\t<div class=\"blockG\" id=\"rotateG_02\"><\/div>\n\t\t\t\t<div class=\"blockG\" id=\"rotateG_03\"><\/div>\n\t\t\t\t<div class=\"blockG\" id=\"rotateG_04\"><\/div>\n\t\t\t\t<div class=\"blockG\" id=\"rotateG_05\"><\/div>\n\t\t\t\t<div class=\"blockG\" id=\"rotateG_06\"><\/div>\n\t\t\t\t<div class=\"blockG\" id=\"rotateG_07\"><\/div>\n\t\t\t\t<div class=\"blockG\" id=\"rotateG_08\"><\/div>\n\t\t\t<\/div>\n\t\t\t<div class=\"WooZone-cross-sell-loader-text\"><\/div>\n\t\t<\/div>\n\t<\/div>\n\n\t\t\n<\/div>\n<div style=\"clear:both;\"><\/div>\n","protected":false},"excerpt":{"rendered":"Speziell Kinder aber auch Erwachsene m\u00f6gen diesen fruchtigen Geschmack nach Erdbeer und Cranberry des Tees. Kinderg\u00e4rten ( KiGa) verwendet und empfohlen\nZutaten - Kontrolle und Verarbeitung erfolgt in \u00d6sterreich - Tee und Eistee tauglich\nDer Tee wird in einer gro\u00dfen, wiederverschlie\u00dfbaren T\u00fcte geliefert","protected":false},"featured_media":8942,"comment_status":"open","ping_status":"closed","template":"","meta":[],"product_cat":[8457,65],"product_tag":[],"_links":{"self":[{"href":"https:\/\/food-shop.org\/index.php?rest_route=\/wp\/v2\/product\/8941"}],"collection":[{"href":"https:\/\/food-shop.org\/index.php?rest_route=\/wp\/v2\/product"}],"about":[{"href":"https:\/\/food-shop.org\/index.php?rest_route=\/wp\/v2\/types\/product"}],"replies":[{"embeddable":true,"href":"https:\/\/food-shop.org\/index.php?rest_route=%2Fwp%2Fv2%2Fcomments&post=8941"}],"wp:featuredmedia":[{"embeddable":true,"href":"https:\/\/food-shop.org\/index.php?rest_route=\/wp\/v2\/media\/8942"}],"wp:attachment":[{"href":"https:\/\/food-shop.org\/index.php?rest_route=%2Fwp%2Fv2%2Fmedia&parent=8941"}],"wp:term":[{"taxonomy":"product_cat","embeddable":true,"href":"https:\/\/food-shop.org\/index.php?rest_route=%2Fwp%2Fv2%2Fproduct_cat&post=8941"},{"taxonomy":"product_tag","embeddable":true,"href":"https:\/\/food-shop.org\/index.php?rest_route=%2Fwp%2Fv2%2Fproduct_tag&post=8941"}],"curies":[{"name":"wp","href":"https:\/\/api.w.org\/{rel}","templated":true}]}}