{"id":8927,"date":"2020-08-31T15:23:52","date_gmt":"2020-08-31T15:23:52","guid":{"rendered":"https:\/\/food-shop.org\/?product=guayusa-energy-tea-pur-100g-loser-feinschnitt"},"modified":"2023-04-10T18:24:16","modified_gmt":"2023-04-10T18:24:16","slug":"guayusa-energy-tea-pur-100g-loser-feinschnitt","status":"publish","type":"product","link":"https:\/\/food-shop.org\/?product=guayusa-energy-tea-pur-100g-loser-feinschnitt","title":{"rendered":"Guayusa Energy Tea &#8211; Pur &#8211; 150g loser Feinschnitt"},"content":{"rendered":"<div class=\"disclaim\"> Geschmack:<strong>Guayusa Energy Tea &#8211; Pur loser Feinschnitt<\/strong> | Gr\u00f6\u00dfe:<strong>100<\/strong> <\/div>\n<p> <!-- show up to 2 reviews by default --> <\/p>\n<h3>Produktbeschreibungen<\/h3>\n<p>Unser Handelsmodell: Lange Lieferketten m\u00f6gen wir nicht. Den fairen, direkten Handel jedoch sehr. Deshalb beziehen wir Guayusa direkt von einer Bauernkooperative aus Ecuador. Durch den Verzicht auf Marketing und Zwischenh\u00e4ndler, k\u00f6nnen wir Guayusa in einer Spitzenqualit\u00e4t zu einem g\u00fcnstigen Preis anbieten \u2013 und den Kleinbauern trotzdem faire Preise zahlen. So macht unser Guayusa dich und auch die Kleinbauern wach und gl\u00fccklich. <\/p>\n<h3>Inhaltsstoffe \/ Zutaten<\/h3>\n<p>Guayusa Tee <\/p>\n<div data-a-expander-name=\"toggle_description\" class=\"a-row a-expander-container a-expander-extend-container\">\n<div class=\"a-expander-content a-expander-extend-content\">\n<h3>Gebrauchsanweisung<\/h3>\n<p>1-2 TL, 100 Grad, 5-99 Minuten &#8211; wird nicht bitter <\/p>\n<h3>Rechtliche Hinweise<\/h3>\n<p>Enth\u00e4lt Koffein. Ist f\u00fcr Kinder und Schwangere nicht geeignet. <\/p>\n<h3>Anschrift Hersteller\/Importeur<\/h3>\n<p>GTC Guayusa Tea &amp; Co. Company, 60431 Frankfurt am Main <\/p>\n<\/p><\/div>\n<p> <a href=\"void(0)\" data-action=\"a-expander-toggle\" class=\"a-expander-header a-declarative a-expander-extend-header\" data-a-expander-toggle=\"{\"><i class=\"a-icon a-icon-extender-expand\"><\/i><span class=\"a-expander-prompt\">Weitere Informationen<\/span><\/a> <\/div>\n<p>Pure &#8211; 100% Guayusa Tee mit einem einzigartigen Gleichgewicht aus Koffein, Antioxidantien und L-Theanin.<br \/>\nZubereitung: 1-2 TL, 100 Grad, 5-99 Minuten &#8211; wird nicht bitter, optimal f\u00fcr die Teeflasche To Go.<br \/>\nUnser Guayusa ist nachhaltig in den Dschungelg\u00e4rten Ecuadors angebaut, ohne Pestizide und chemische D\u00fcnger. 100% nat\u00fcrliche Zutaten ohne Zusatz- und Konservierungsstoffe.<br \/>\nDurch Verzicht auf Marketing und Zwischenh\u00e4ndler, k\u00f6nnen wir Guayusa in einer Spitzenqualit\u00e4t zu einem g\u00fcnstigen Preis anbieten und den Kleinbauern trotzdem faire Preise zahlen. So macht unser Guayusa dich, die Kleinbauernund uns wach und gl\u00fccklich.<br \/>\n\u00dcbrigens: Jedes unserer Guayusa Produkte stellen wir f\u00fcr dich von Hand in den Reha-Werkst\u00e4tten Frankfurt mit viel Liebe zum Detail her \u2013 wir w\u00fcnschen #Genuss #Entspannung #Tatendrang und ein #FokussiertesWach bei deinem #GuayusaMoment. Wir freuen uns auf dein Feedback.<br \/>\n<div class=\"main-cross-sell\" data-asin=\"B07QYWTM3X\">\n\n\t<div class=\"WooZone-cross-sell-loader\">\n\t\t<div>\n\t\t\t<div id=\"floatingBarsG\">\n\t\t\t\t<div class=\"blockG\" id=\"rotateG_01\"><\/div>\n\t\t\t\t<div class=\"blockG\" id=\"rotateG_02\"><\/div>\n\t\t\t\t<div class=\"blockG\" id=\"rotateG_03\"><\/div>\n\t\t\t\t<div class=\"blockG\" id=\"rotateG_04\"><\/div>\n\t\t\t\t<div class=\"blockG\" id=\"rotateG_05\"><\/div>\n\t\t\t\t<div class=\"blockG\" id=\"rotateG_06\"><\/div>\n\t\t\t\t<div class=\"blockG\" id=\"rotateG_07\"><\/div>\n\t\t\t\t<div class=\"blockG\" id=\"rotateG_08\"><\/div>\n\t\t\t<\/div>\n\t\t\t<div class=\"WooZone-cross-sell-loader-text\"><\/div>\n\t\t<\/div>\n\t<\/div>\n\n\t\t\n<\/div>\n<div style=\"clear:both;\"><\/div>\n","protected":false},"excerpt":{"rendered":"Pure - 100% Guayusa Tee mit einem einzigartigen Gleichgewicht aus Koffein, Antioxidantien und L-Theanin.\nZubereitung: 1-2 TL, 100 Grad, 5-99 Minuten - wird nicht bitter, optimal f\u00fcr die Teeflasche To Go.\nUnser Guayusa ist nachhaltig in den Dschungelg\u00e4rten Ecuadors angebaut, ohne Pestizide und chemische D\u00fcnger. 100% nat\u00fcrliche Zutaten ohne Zusatz- und Konservierungsstoffe.","protected":false},"featured_media":8928,"comment_status":"open","ping_status":"closed","template":"","meta":[],"product_cat":[8457,65],"product_tag":[],"_links":{"self":[{"href":"https:\/\/food-shop.org\/index.php?rest_route=\/wp\/v2\/product\/8927"}],"collection":[{"href":"https:\/\/food-shop.org\/index.php?rest_route=\/wp\/v2\/product"}],"about":[{"href":"https:\/\/food-shop.org\/index.php?rest_route=\/wp\/v2\/types\/product"}],"replies":[{"embeddable":true,"href":"https:\/\/food-shop.org\/index.php?rest_route=%2Fwp%2Fv2%2Fcomments&post=8927"}],"wp:featuredmedia":[{"embeddable":true,"href":"https:\/\/food-shop.org\/index.php?rest_route=\/wp\/v2\/media\/8928"}],"wp:attachment":[{"href":"https:\/\/food-shop.org\/index.php?rest_route=%2Fwp%2Fv2%2Fmedia&parent=8927"}],"wp:term":[{"taxonomy":"product_cat","embeddable":true,"href":"https:\/\/food-shop.org\/index.php?rest_route=%2Fwp%2Fv2%2Fproduct_cat&post=8927"},{"taxonomy":"product_tag","embeddable":true,"href":"https:\/\/food-shop.org\/index.php?rest_route=%2Fwp%2Fv2%2Fproduct_tag&post=8927"}],"curies":[{"name":"wp","href":"https:\/\/api.w.org\/{rel}","templated":true}]}}