{"id":8869,"date":"2020-08-31T15:21:39","date_gmt":"2020-08-31T15:21:39","guid":{"rendered":"https:\/\/food-shop.org\/?product=kneipp-bio-kraeutertee-verwoehn-dich-30-g"},"modified":"2023-04-10T18:24:15","modified_gmt":"2023-04-10T18:24:15","slug":"kneipp-bio-kraeutertee-verwoehn-dich-30-g","status":"publish","type":"product","link":"https:\/\/food-shop.org\/?product=kneipp-bio-kraeutertee-verwoehn-dich-30-g","title":{"rendered":"Kneipp BIO Kr\u00e4utertee Verw\u00f6hn Dich, 30 g"},"content":{"rendered":"<div class=\"disclaim\"> Stilbezeichnung:<strong>Verw\u00f6hn Dich<\/strong> <\/div>\n<p> <!-- show up to 2 reviews by default --> <\/p>\n<h3>Produktbeschreibung<\/h3>\n<p>Bio Kr\u00e4uter-, Fr\u00fcchte- und gr\u00fcn Teemischung mit \u00e4therischem Orangen\u00f6l. Genie\u00dfe deinen Kneipp Moment! Sei dir selbst am wichtigsten: mit diesem Tee nimmst du dir mal einen Moment Zeit f\u00fcr dich! Dabei verw\u00f6hnt dich unser sorgf\u00e4ltig Ausgew\u00e4hlter Kneipp Bio Kr\u00e4utertee Verw\u00f6hn dich, verfeinert mit \u00e4therischem Orangen\u00f6l. Unsere Premium Tees wurden mit ausgesuchten \u00e4therischen \u00d6len verfeinert. Sie geben dem Tee seinen Charakter, runden ihn auf nat\u00fcrliche Weise ab und sorgen f\u00fcr grandiose Gaumenfreuden. Der gro\u00dfr\u00e4umige Pyramidenbeutel bietet Platz f\u00fcr naturbelassene und hochwertige pflanzeninhaltsstoffe. Sie k\u00f6nnen intensiv vom hei\u00dfen Wasser umsp\u00fclt werden und rufen durch die optimale Entfaltung der wird- und Geschmacksstoffe ein rundes Geschmackserlebnis hervor. Die Natur liegt uns am Herzen. Daher sind unsere Pyramidenbeutel aus dem nachwachsenden Material Maisst\u00e4rke. Au\u00dferdem ist unsere aromaschutz-verpackung wiederverschlie\u00dfbar und wir k\u00f6nnen Daher auf eine Formulierung der einzelnen Pyramidenbeutel verzichten. <\/p>\n<h3>Gebrauchsanweisung<\/h3>\n<p>Immer einen Pyramidenbeutel mit 200 ml sprudelnd kochendem Wasser aufgie\u00dfen und mindestens 5\u20138 Minuten ziehen lassen. <\/p>\n<div data-a-expander-name=\"toggle_description\" class=\"a-row a-expander-container a-expander-extend-container\">\n<div class=\"a-expander-content a-expander-extend-content\">\n<h3>Warnhinweise<\/h3>\n<p>Nicht zutreffend <\/p>\n<\/p><\/div>\n<p> <a href=\"void(0)\" data-action=\"a-expander-toggle\" class=\"a-expander-header a-declarative a-expander-extend-header\" data-a-expander-toggle=\"{\"><i class=\"a-icon a-icon-extender-expand\"><\/i><span class=\"a-expander-prompt\">Weitere Informationen<\/span><\/a> <\/div>\n<p>Sinnlich &amp; fruchtig<br \/>\nNimm dir mal wieder Zeit f\u00fcr dich!<br \/>\nPremium Qualit\u00e4t verfeinert mit nat\u00fcrlichem bio-orangen\u00f6l<br \/>\nAus nachwachsendem Material<br \/>\n<div class=\"main-cross-sell\" data-asin=\"B07YZK8GQ2\">\n\n\t<div class=\"WooZone-cross-sell-loader\">\n\t\t<div>\n\t\t\t<div id=\"floatingBarsG\">\n\t\t\t\t<div class=\"blockG\" id=\"rotateG_01\"><\/div>\n\t\t\t\t<div class=\"blockG\" id=\"rotateG_02\"><\/div>\n\t\t\t\t<div class=\"blockG\" id=\"rotateG_03\"><\/div>\n\t\t\t\t<div class=\"blockG\" id=\"rotateG_04\"><\/div>\n\t\t\t\t<div class=\"blockG\" id=\"rotateG_05\"><\/div>\n\t\t\t\t<div class=\"blockG\" id=\"rotateG_06\"><\/div>\n\t\t\t\t<div class=\"blockG\" id=\"rotateG_07\"><\/div>\n\t\t\t\t<div class=\"blockG\" id=\"rotateG_08\"><\/div>\n\t\t\t<\/div>\n\t\t\t<div class=\"WooZone-cross-sell-loader-text\"><\/div>\n\t\t<\/div>\n\t<\/div>\n\n\t\t\n<\/div>\n<div style=\"clear:both;\"><\/div>\n","protected":false},"excerpt":{"rendered":"Sinnlich &amp; fruchtig\nNimm dir mal wieder Zeit f\u00fcr dich!\nPremium Qualit\u00e4t verfeinert mit nat\u00fcrlichem bio-orangen\u00f6l","protected":false},"featured_media":8870,"comment_status":"open","ping_status":"closed","template":"","meta":[],"product_cat":[8457,65],"product_tag":[],"_links":{"self":[{"href":"https:\/\/food-shop.org\/index.php?rest_route=\/wp\/v2\/product\/8869"}],"collection":[{"href":"https:\/\/food-shop.org\/index.php?rest_route=\/wp\/v2\/product"}],"about":[{"href":"https:\/\/food-shop.org\/index.php?rest_route=\/wp\/v2\/types\/product"}],"replies":[{"embeddable":true,"href":"https:\/\/food-shop.org\/index.php?rest_route=%2Fwp%2Fv2%2Fcomments&post=8869"}],"wp:featuredmedia":[{"embeddable":true,"href":"https:\/\/food-shop.org\/index.php?rest_route=\/wp\/v2\/media\/8870"}],"wp:attachment":[{"href":"https:\/\/food-shop.org\/index.php?rest_route=%2Fwp%2Fv2%2Fmedia&parent=8869"}],"wp:term":[{"taxonomy":"product_cat","embeddable":true,"href":"https:\/\/food-shop.org\/index.php?rest_route=%2Fwp%2Fv2%2Fproduct_cat&post=8869"},{"taxonomy":"product_tag","embeddable":true,"href":"https:\/\/food-shop.org\/index.php?rest_route=%2Fwp%2Fv2%2Fproduct_tag&post=8869"}],"curies":[{"name":"wp","href":"https:\/\/api.w.org\/{rel}","templated":true}]}}