{"id":8853,"date":"2020-08-31T15:21:33","date_gmt":"2020-08-31T15:21:33","guid":{"rendered":"https:\/\/food-shop.org\/?product=rosamonte-mate-tee-1er-pack-1-x-1000-g"},"modified":"2023-04-10T18:24:15","modified_gmt":"2023-04-10T18:24:15","slug":"rosamonte-mate-tee-1er-pack-1-x-1000-g","status":"publish","type":"product","link":"https:\/\/food-shop.org\/?product=rosamonte-mate-tee-1er-pack-1-x-1000-g","title":{"rendered":"Rosamonte Mate Tee, 1er Pack (1 x 1000 g)"},"content":{"rendered":"<div class=\"disclaim\"> Gr\u00f6\u00dfe:<strong>1 kg (1er Pack)<\/strong> <\/div>\n<p> <!-- show up to 2 reviews by default --> <\/p>\n<h3>Produktbeschreibung<\/h3>\n<p>Mate Tee mit St\u00e4ngeln und Pulver. Dieser Mate Tee nimmt w\u00e4hrend der 12-monatigen Lagerung seinen charakteristisch intensiven Geschmack an. Eine Sorte f\u00fcr den ge\u00fcbten Mate Tee Trinker. <\/p>\n<h3>Inhaltsstoffe \/ Zutaten<\/h3>\n<p>Mate Tee, Rauch <\/p>\n<div data-a-expander-name=\"toggle_description\" class=\"a-row a-expander-container a-expander-extend-container\">\n<div class=\"a-expander-content a-expander-extend-content\">\n<h3>Gebrauchsanweisung<\/h3>\n<p>F\u00fcr 1 Liter nehmen Sie circa 12g Mate Tee und lassen ihn bei 80 Grad circa 5 Minuten ziehen <\/p>\n<h3>Warnhinweise<\/h3>\n<p>Keine <\/p>\n<h3>Anschrift Hersteller\/Importeur<\/h3>\n<p>Delicatino GmbH, Neidenburger Str. 9, 28207 Bremen <\/p>\n<\/p><\/div>\n<p> <a href=\"void(0)\" data-action=\"a-expander-toggle\" class=\"a-expander-header a-declarative a-expander-extend-header\" data-a-expander-toggle=\"{\"><i class=\"a-icon a-icon-extender-expand\"><\/i><span class=\"a-expander-prompt\">Weitere Informationen<\/span><\/a> <\/div>\n<p>Mate Tee aus Argentinien<br \/>\nKr\u00e4ftiger Geschmack<br \/>\nMate Tee mit St\u00e4ngel<br \/>\n<div class=\"main-cross-sell\" data-asin=\"B002ZBBTLG\">\n\n\t<div class=\"WooZone-cross-sell-loader\">\n\t\t<div>\n\t\t\t<div id=\"floatingBarsG\">\n\t\t\t\t<div class=\"blockG\" id=\"rotateG_01\"><\/div>\n\t\t\t\t<div class=\"blockG\" id=\"rotateG_02\"><\/div>\n\t\t\t\t<div class=\"blockG\" id=\"rotateG_03\"><\/div>\n\t\t\t\t<div class=\"blockG\" id=\"rotateG_04\"><\/div>\n\t\t\t\t<div class=\"blockG\" id=\"rotateG_05\"><\/div>\n\t\t\t\t<div class=\"blockG\" id=\"rotateG_06\"><\/div>\n\t\t\t\t<div class=\"blockG\" id=\"rotateG_07\"><\/div>\n\t\t\t\t<div class=\"blockG\" id=\"rotateG_08\"><\/div>\n\t\t\t<\/div>\n\t\t\t<div class=\"WooZone-cross-sell-loader-text\"><\/div>\n\t\t<\/div>\n\t<\/div>\n\n\t\t\n<\/div>\n<div style=\"clear:both;\"><\/div>\n","protected":false},"excerpt":{"rendered":"Mate Tee aus Argentinien\nKr\u00e4ftiger Geschmack\nMate Tee mit St\u00e4ngel","protected":false},"featured_media":8854,"comment_status":"open","ping_status":"closed","template":"","meta":[],"product_cat":[8457,65],"product_tag":[],"_links":{"self":[{"href":"https:\/\/food-shop.org\/index.php?rest_route=\/wp\/v2\/product\/8853"}],"collection":[{"href":"https:\/\/food-shop.org\/index.php?rest_route=\/wp\/v2\/product"}],"about":[{"href":"https:\/\/food-shop.org\/index.php?rest_route=\/wp\/v2\/types\/product"}],"replies":[{"embeddable":true,"href":"https:\/\/food-shop.org\/index.php?rest_route=%2Fwp%2Fv2%2Fcomments&post=8853"}],"wp:featuredmedia":[{"embeddable":true,"href":"https:\/\/food-shop.org\/index.php?rest_route=\/wp\/v2\/media\/8854"}],"wp:attachment":[{"href":"https:\/\/food-shop.org\/index.php?rest_route=%2Fwp%2Fv2%2Fmedia&parent=8853"}],"wp:term":[{"taxonomy":"product_cat","embeddable":true,"href":"https:\/\/food-shop.org\/index.php?rest_route=%2Fwp%2Fv2%2Fproduct_cat&post=8853"},{"taxonomy":"product_tag","embeddable":true,"href":"https:\/\/food-shop.org\/index.php?rest_route=%2Fwp%2Fv2%2Fproduct_tag&post=8853"}],"curies":[{"name":"wp","href":"https:\/\/api.w.org\/{rel}","templated":true}]}}