{"id":8784,"date":"2020-08-31T15:21:00","date_gmt":"2020-08-31T15:21:00","guid":{"rendered":"https:\/\/food-shop.org\/?product=messmer-apfelstrudel-tee-18-beutel-40-5g"},"modified":"2023-04-10T18:24:14","modified_gmt":"2023-04-10T18:24:14","slug":"messmer-apfelstrudel-tee-18-beutel-40-5g","status":"publish","type":"product","link":"https:\/\/food-shop.org\/?product=messmer-apfelstrudel-tee-18-beutel-40-5g","title":{"rendered":"Me\u00dfmer Apfelstrudel | 18 Teebeutel | Vegan | Glutenfrei | Laktosefrei"},"content":{"rendered":"<p><!-- show up to 2 reviews by default --> <\/p>\n<h3>Produktbeschreibung<\/h3>\n<p>Me\u00dfmer stillt die Kuchenlust. Ganz ohne Backen und ganz gleich, zu welcher Tageszeit. Denn den Me\u00dfmer Tea-Mastern ist es gelungen, den unwiderstehlichen Geschmack nach s\u00fc\u00df-s\u00e4uerlichem Apfelstrudel in einem verf\u00fchrerischen Tee einzufangen. S\u00fc\u00dfe Gl\u00fccksgef\u00fchle Tasse f\u00fcr Tasse f\u00fcr Tasse. Von Me\u00dfmer kreiert- von Kuchenfreunden geliebt. So wird jeder Moment zum Kuchen-Moment. <\/p>\n<h3>Inhaltsstoffe \/ Zutaten<\/h3>\n<p>Zutaten: \u00c4pfel (32%), Hagebutten, Aroma (Apfelstrudel), Orangenschalen, Steviabl\u00e4tter, Hibiskus, wei\u00dfer Hibiskus. <\/p>\n<div data-a-expander-name=\"toggle_description\" class=\"a-row a-expander-container a-expander-extend-container\">\n<div class=\"a-expander-content a-expander-extend-content\">\n<h3>Gebrauchsanweisung<\/h3>\n<p>Wichtiger Hinweis: Nehmen Sie f\u00fcr eine Tasse 1 Teebeutel und mindestens 4 Teebeutel f\u00fcr eine Kanne (1 l). Immer mit sprudelnd kochendem Wasser aufgie\u00dfen und mindestens 5 bis 8 Minuten ziehen lassen! Nur so erhalten Sie ein sicheres Lebensmittel! <\/p>\n<h3>Anschrift Hersteller\/Importeur<\/h3>\n<p>21218 Seevetal Deutschland <\/p>\n<\/p><\/div>\n<p> <a href=\"void(0)\" data-action=\"a-expander-toggle\" class=\"a-expander-header a-declarative a-expander-extend-header\" data-a-expander-toggle=\"{\"><i class=\"a-icon a-icon-extender-expand\"><\/i><span class=\"a-expander-prompt\">Weitere Informationen<\/span><\/a> <\/div>\n<p>Fr\u00fcchtetee mit Apfelstrudel-Aroma<br \/>\nDoppelkammerbeutel im Einzelkuvert<br \/>\nohne Metallklammer<br \/>\n<div class=\"main-cross-sell\" data-asin=\"B01MDKR1IK\">\n\n\t<div class=\"WooZone-cross-sell-loader\">\n\t\t<div>\n\t\t\t<div id=\"floatingBarsG\">\n\t\t\t\t<div class=\"blockG\" id=\"rotateG_01\"><\/div>\n\t\t\t\t<div class=\"blockG\" id=\"rotateG_02\"><\/div>\n\t\t\t\t<div class=\"blockG\" id=\"rotateG_03\"><\/div>\n\t\t\t\t<div class=\"blockG\" id=\"rotateG_04\"><\/div>\n\t\t\t\t<div class=\"blockG\" id=\"rotateG_05\"><\/div>\n\t\t\t\t<div class=\"blockG\" id=\"rotateG_06\"><\/div>\n\t\t\t\t<div class=\"blockG\" id=\"rotateG_07\"><\/div>\n\t\t\t\t<div class=\"blockG\" id=\"rotateG_08\"><\/div>\n\t\t\t<\/div>\n\t\t\t<div class=\"WooZone-cross-sell-loader-text\"><\/div>\n\t\t<\/div>\n\t<\/div>\n\n\t\t\n<\/div>\n<div style=\"clear:both;\"><\/div>\n","protected":false},"excerpt":{"rendered":"Fr\u00fcchtetee mit Apfelstrudel-Aroma\nDoppelkammerbeutel im Einzelkuvert\nohne Metallklammer","protected":false},"featured_media":8785,"comment_status":"open","ping_status":"closed","template":"","meta":[],"product_cat":[8457,65],"product_tag":[],"_links":{"self":[{"href":"https:\/\/food-shop.org\/index.php?rest_route=\/wp\/v2\/product\/8784"}],"collection":[{"href":"https:\/\/food-shop.org\/index.php?rest_route=\/wp\/v2\/product"}],"about":[{"href":"https:\/\/food-shop.org\/index.php?rest_route=\/wp\/v2\/types\/product"}],"replies":[{"embeddable":true,"href":"https:\/\/food-shop.org\/index.php?rest_route=%2Fwp%2Fv2%2Fcomments&post=8784"}],"wp:featuredmedia":[{"embeddable":true,"href":"https:\/\/food-shop.org\/index.php?rest_route=\/wp\/v2\/media\/8785"}],"wp:attachment":[{"href":"https:\/\/food-shop.org\/index.php?rest_route=%2Fwp%2Fv2%2Fmedia&parent=8784"}],"wp:term":[{"taxonomy":"product_cat","embeddable":true,"href":"https:\/\/food-shop.org\/index.php?rest_route=%2Fwp%2Fv2%2Fproduct_cat&post=8784"},{"taxonomy":"product_tag","embeddable":true,"href":"https:\/\/food-shop.org\/index.php?rest_route=%2Fwp%2Fv2%2Fproduct_tag&post=8784"}],"curies":[{"name":"wp","href":"https:\/\/api.w.org\/{rel}","templated":true}]}}