{"id":8676,"date":"2020-08-31T15:16:44","date_gmt":"2020-08-31T15:16:44","guid":{"rendered":"https:\/\/food-shop.org\/?product=teekanne-wohlfuehl-collection-box"},"modified":"2023-04-10T18:24:12","modified_gmt":"2023-04-10T18:24:12","slug":"teekanne-wohlfuehl-collection-box","status":"publish","type":"product","link":"https:\/\/food-shop.org\/?product=teekanne-wohlfuehl-collection-box","title":{"rendered":"Teekanne Wohlf\u00fchl-Collection Box, 180 Teebeutel"},"content":{"rendered":"<p><!-- show up to 2 reviews by default --> <\/p>\n<h3>Produktbeschreibung<\/h3>\n<p>Teekanne Wohlf\u00fchl &#8211; Collection selbst bestimmen, wie man sich f\u00fchlt&#8230;&#8230;Das garantiert die Teekanne Wohlf\u00fchl-Collection Box. Die formsch\u00f6ne und stabile Box im modernen wohlf\u00fchl-design bietet zw\u00f6lf ausgew\u00e4hlte, harmonische Kr\u00e4uterteemischungen f\u00fcr alle Stimmungen und f\u00fcr das pers\u00f6nliche Wohlbefinden. <\/p>\n<h3>Gebrauchsanweisung<\/h3>\n<p>Nehmen Sie f\u00fcr eine Tasse 1 Teebeutel und mindestens 3 Teebeutel f\u00fcr eine Kanne. Immer mit sprudelnd kochendem Wasser aufgie\u00dfen und mindestens 5 Minuten ziehen lassen! Nur so erhalten Sie ein sicheres Lebensmittel! <\/p>\n<div data-a-expander-name=\"toggle_description\" class=\"a-row a-expander-container a-expander-extend-container\">\n<div class=\"a-expander-content a-expander-extend-content\">\n<h3>Warnhinweise<\/h3>\n<p>nicht zutreffend <\/p>\n<\/p><\/div>\n<p> <a href=\"void(0)\" data-action=\"a-expander-toggle\" class=\"a-expander-header a-declarative a-expander-extend-header\" data-a-expander-toggle=\"{\"><i class=\"a-icon a-icon-extender-expand\"><\/i><span class=\"a-expander-prompt\">Weitere Informationen<\/span><\/a> <\/div>\n<p>Insgesamt 180 einzeln aromaversiegelte Portionen<br \/>\n12 verschiedene kr\u00e4utertee-sorten<br \/>\nOhne Zusatz von Aromen, reine Kr\u00e4uterteemischungen<br \/>\nIdeal f\u00fcr alle kr\u00e4utertee-liebhaber oder die, die es werden wollen!<br \/>\nAuch zur Pr\u00e4sentation f\u00fcr den Au\u00dfer-Haus-Markt geeignet<br \/>\n<div class=\"main-cross-sell\" data-asin=\"B07ZP2BZW4\">\n\n\t<div class=\"WooZone-cross-sell-loader\">\n\t\t<div>\n\t\t\t<div id=\"floatingBarsG\">\n\t\t\t\t<div class=\"blockG\" id=\"rotateG_01\"><\/div>\n\t\t\t\t<div class=\"blockG\" id=\"rotateG_02\"><\/div>\n\t\t\t\t<div class=\"blockG\" id=\"rotateG_03\"><\/div>\n\t\t\t\t<div class=\"blockG\" id=\"rotateG_04\"><\/div>\n\t\t\t\t<div class=\"blockG\" id=\"rotateG_05\"><\/div>\n\t\t\t\t<div class=\"blockG\" id=\"rotateG_06\"><\/div>\n\t\t\t\t<div class=\"blockG\" id=\"rotateG_07\"><\/div>\n\t\t\t\t<div class=\"blockG\" id=\"rotateG_08\"><\/div>\n\t\t\t<\/div>\n\t\t\t<div class=\"WooZone-cross-sell-loader-text\"><\/div>\n\t\t<\/div>\n\t<\/div>\n\n\t\t\n<\/div>\n<div style=\"clear:both;\"><\/div>\n","protected":false},"excerpt":{"rendered":"Insgesamt 180 einzeln aromaversiegelte Portionen\n12 verschiedene kr\u00e4utertee-sorten\nOhne Zusatz von Aromen, reine Kr\u00e4uterteemischungen","protected":false},"featured_media":8677,"comment_status":"open","ping_status":"closed","template":"","meta":[],"product_cat":[8457,65],"product_tag":[],"_links":{"self":[{"href":"https:\/\/food-shop.org\/index.php?rest_route=\/wp\/v2\/product\/8676"}],"collection":[{"href":"https:\/\/food-shop.org\/index.php?rest_route=\/wp\/v2\/product"}],"about":[{"href":"https:\/\/food-shop.org\/index.php?rest_route=\/wp\/v2\/types\/product"}],"replies":[{"embeddable":true,"href":"https:\/\/food-shop.org\/index.php?rest_route=%2Fwp%2Fv2%2Fcomments&post=8676"}],"wp:featuredmedia":[{"embeddable":true,"href":"https:\/\/food-shop.org\/index.php?rest_route=\/wp\/v2\/media\/8677"}],"wp:attachment":[{"href":"https:\/\/food-shop.org\/index.php?rest_route=%2Fwp%2Fv2%2Fmedia&parent=8676"}],"wp:term":[{"taxonomy":"product_cat","embeddable":true,"href":"https:\/\/food-shop.org\/index.php?rest_route=%2Fwp%2Fv2%2Fproduct_cat&post=8676"},{"taxonomy":"product_tag","embeddable":true,"href":"https:\/\/food-shop.org\/index.php?rest_route=%2Fwp%2Fv2%2Fproduct_tag&post=8676"}],"curies":[{"name":"wp","href":"https:\/\/api.w.org\/{rel}","templated":true}]}}