{"id":8633,"date":"2020-08-31T15:16:26","date_gmt":"2020-08-31T15:16:26","guid":{"rendered":"https:\/\/food-shop.org\/?product=azafran-gruener-tee-japanischer-bio-sencha-uchiyama-gruentee-1kg"},"modified":"2023-04-10T18:24:12","modified_gmt":"2023-04-10T18:24:12","slug":"azafran-gruener-tee-japanischer-bio-sencha-uchiyama-gruentee-1kg","status":"publish","type":"product","link":"https:\/\/food-shop.org\/?product=azafran-gruener-tee-japanischer-bio-sencha-uchiyama-gruentee-1kg","title":{"rendered":"Azafran Gr\u00fcner Tee &#8211; Japanischer BIO Sencha Uchiyama Gr\u00fcntee 1kg"},"content":{"rendered":"<p><!-- show up to 2 reviews by default --> <\/p>\n<h3>Produktbeschreibungen<\/h3>\n<\/p>\n<p>Unser Gr\u00fcntee stammt <b>original aus biologischem Anbau<\/b> im S\u00fcd-Westen von Japan (Kyushu) und geh\u00f6rt zu den beliebtesten japanischen Teesorten (Sencha). Wir liefern Ihnen dabei eine <b>\u201ePremiumversion der Sorte Uchiyama\u201c<\/b>, die sich durch sein <b>typisches japanisches Aroma<\/b> (aus dem S\u00fcd-Westen) auszeichnet. Unser Stammtee zeichnet sich aber auch durch einen geringeren typischen Geschmackswert (Umami) aus. Teilweise haben wir aber auch Chargen mit h\u00f6heren Umami Werten im Sortiment.<\/p>\n<p>Genie\u00dfen Sie einen besonderen Tee, der Ihnen die Vorz\u00fcge einer typischen japanischen Teezeremonie direkt nach Hause bringt.<\/p>\n<p><b>Zubereitungsempfehlung:<\/b> ca. 75\u00b0 C- Ziehzeit: 5 Minuten &#8211; Sie k\u00f6nnen den Tee 3 mal aufgie\u00dfen<\/p>\n<p>Dieser Sencha ist sehr ergiebig und kann 3-mal aufgegossen werden. Ein vierter Aufguss kann bei kurzer Ziehzeit von 3 Minuten evtl. auch noch gelingen. Der Geschmack der 3 Minuten Ziehzeit ist angenehm weich bis blumig. M\u00f6chte man eher die etwas \u201ebitteren\u201c Teekatechine in seinem Tee haben, sollte man als Aufgusszeit 8-10 Minuten w\u00e4hlen. Der Tee bleibt aber auch hier eher \u201emilder\u201c im Geschmack, als andere Gr\u00fcnteesorten.<\/p>\n<p>Achtung: Dieser Tee mag keine Wassertemperatur \u00fcber etwa 75\u00b0C, er ver\u00e4ndert dann evtl. seinen Geschmack unangenehm ins grasige.<\/p>\n<p><b>Bitte beachten Sie:<\/b> Sencha Tee ist der Tee der &#8222;einfachen Leute&#8220; in Japan. Dieser Tee ist ein hochwertiger Sencha Tee, jedoch nicht zu vergleichen mit z.B. einem Gyokuru oder anderem japanischen &#8222;Edel-Tee&#8220; (z.B. Sencha Extra Fine). Vereinzelte Kunde beschreiben den Tee auch als &#8222;Fischig oder Heuig&#8220; &#8211; unser Tee hat etwas h\u00f6here Bitterstoffe (durch den h\u00f6heren EGCG Wert siehe Zertifikat in den Bildern). Da wir einen Sencha Uchiyama verkaufen ist dieses auch so gewollt. Teilweise haben einige wenige Packungen produktionsbedingt auch einen h\u00f6heren Staubanteil.<\/p>\n<p>\u00d6KO-Kontrollstelle: DE-\u00d6KO-009<\/p>\n<\/p>\n<h3>Inhaltsstoffe \/ Zutaten<\/h3>\n<p>100% japanischer Gr\u00fcntee <\/p>\n<div data-a-expander-name=\"toggle_description\" class=\"a-row a-expander-container a-expander-extend-container\">\n<div class=\"a-expander-content a-expander-extend-content\">\n<h3>Gebrauchsanweisung<\/h3>\n<p>Zubereitungsempfehlung: ca. 75\u00b0 C Wasser (Kochendes Wasser ca. 10 Minuten abk\u00fchlen lassen) &#8211; Ziehzeit: 3-5 Minuten &#8211; Sie k\u00f6nnen den Tee 2-3 mal aufgie\u00dfen &#8211; Kann Spuren von SENF, SELLERIE, SESAM und N\u00dcSSEN enthalten. <\/p>\n<\/p><\/div>\n<p> <a href=\"void(0)\" data-action=\"a-expander-toggle\" class=\"a-expander-header a-declarative a-expander-extend-header\" data-a-expander-toggle=\"{\"><i class=\"a-icon a-icon-extender-expand\"><\/i><span class=\"a-expander-prompt\">Weitere Informationen<\/span><\/a> <\/div>\n<p>Gr\u00fcner Tee (engl. Green Tea) 1kg &#8211; Japanischer BIO Sencha (lose) ohne Aromen aus kontrolliertem biologischen Anbau im S\u00fcd-Westen von Japan (Kagoshima).<br \/>\nSencha Gr\u00fcntee ist der beliebteste Tee in Japan. Der Azafran Sencha zeichnet sich durch sauber eingerollte Bl\u00e4tter, wenige Stielans\u00e4tze und eine sch\u00f6ne gr\u00fcne Farbe aus. Geschmacklich ist er typisch f\u00fcr einen Sencha aus Kagoshima aber anders als ein Sencha z.B. aus Shizuoka oder ein Gyokuru first flush Tee.<br \/>\n&#8222;Premiumversion&#8220;, die sich durch ein typisches aber auch &#8222;mildes&#8220; japanisches Aroma auszeichnet. Unser Stammtee hat dabei eher geringere &#8222;Umami&#8220; Werte, als andere Sencha Sorten. Einige Chargen unserer Marke k\u00f6nnen jedoch abweichen und h\u00f6here Werte haben. Original japanischer Sencha ist intensiver und hochwertiger im Geschmack als z.B. China Sencha. Chinesischer Japan Style Sencha hat optisch dabei auch in der Regel minderwertige bzw. unregelm\u00e4\u00dfige Bl\u00e4tter und keine tiefgr\u00fcne Farbe.<br \/>\nZubereitungsempfehlung: 1 TL Tee in einen Tee Beutel \/ Tasse geben: dann ca. 75\u00b0 C Wasser &#8211; Ziehzeit: 3-5 Minuten. (H\u00f6here Temperaturen k\u00f6nnen den Geschmack unangenehm ins grasige oder auch bittere ver\u00e4ndern!) Sie k\u00f6nnen den Tee 2-3 mal aufgie\u00dfen.<br \/>\nAuf Radioaktivit\u00e4t, Pestizide etc gepr\u00fcft und kontolliert &#8211; Die EGCG \/ Tee Catechine Analyse finden Sie in den Bildern. \u00d6ko-Kontrollstelle: DE-\u00d6KO-009 Vegetarisch Vegan<br \/>\n<div class=\"main-cross-sell\" data-asin=\"B00NEQYWVU\">\n\n\t<div class=\"WooZone-cross-sell-loader\">\n\t\t<div>\n\t\t\t<div id=\"floatingBarsG\">\n\t\t\t\t<div class=\"blockG\" id=\"rotateG_01\"><\/div>\n\t\t\t\t<div class=\"blockG\" id=\"rotateG_02\"><\/div>\n\t\t\t\t<div class=\"blockG\" id=\"rotateG_03\"><\/div>\n\t\t\t\t<div class=\"blockG\" id=\"rotateG_04\"><\/div>\n\t\t\t\t<div class=\"blockG\" id=\"rotateG_05\"><\/div>\n\t\t\t\t<div class=\"blockG\" id=\"rotateG_06\"><\/div>\n\t\t\t\t<div class=\"blockG\" id=\"rotateG_07\"><\/div>\n\t\t\t\t<div class=\"blockG\" id=\"rotateG_08\"><\/div>\n\t\t\t<\/div>\n\t\t\t<div class=\"WooZone-cross-sell-loader-text\"><\/div>\n\t\t<\/div>\n\t<\/div>\n\n\t\t\n<\/div>\n<div style=\"clear:both;\"><\/div>\n","protected":false},"excerpt":{"rendered":"Gr\u00fcner Tee (engl. Green Tea) 1kg - Japanischer BIO Sencha (lose) ohne Aromen aus kontrolliertem biologischen Anbau im S\u00fcd-Westen von Japan (Kagoshima).\nSencha Gr\u00fcntee ist der beliebteste Tee in Japan. Der Azafran Sencha zeichnet sich durch sauber eingerollte Bl\u00e4tter, wenige Stielans\u00e4tze und eine sch\u00f6ne gr\u00fcne Farbe aus. Geschmacklich ist er typisch f\u00fcr einen Sencha aus Kagoshima aber anders als ein Sencha z.B. aus Shizuoka oder ein Gyokuru first flush Tee.\n\"Premiumversion\", die sich durch ein typisches aber auch \"mildes\" japanisches Aroma auszeichnet. Unser Stammtee hat dabei eher geringere \"Umami\" Werte, als andere Sencha Sorten. Einige Chargen unserer Marke k\u00f6nnen jedoch abweichen und h\u00f6here Werte haben. Original japanischer Sencha ist intensiver und hochwertiger im Geschmack als z.B. China Sencha. Chinesischer Japan Style Sencha hat optisch dabei auch in der Regel minderwertige bzw. unregelm\u00e4\u00dfige Bl\u00e4tter und keine tiefgr\u00fcne Farbe.","protected":false},"featured_media":8634,"comment_status":"open","ping_status":"closed","template":"","meta":[],"product_cat":[8457,65],"product_tag":[],"_links":{"self":[{"href":"https:\/\/food-shop.org\/index.php?rest_route=\/wp\/v2\/product\/8633"}],"collection":[{"href":"https:\/\/food-shop.org\/index.php?rest_route=\/wp\/v2\/product"}],"about":[{"href":"https:\/\/food-shop.org\/index.php?rest_route=\/wp\/v2\/types\/product"}],"replies":[{"embeddable":true,"href":"https:\/\/food-shop.org\/index.php?rest_route=%2Fwp%2Fv2%2Fcomments&post=8633"}],"wp:featuredmedia":[{"embeddable":true,"href":"https:\/\/food-shop.org\/index.php?rest_route=\/wp\/v2\/media\/8634"}],"wp:attachment":[{"href":"https:\/\/food-shop.org\/index.php?rest_route=%2Fwp%2Fv2%2Fmedia&parent=8633"}],"wp:term":[{"taxonomy":"product_cat","embeddable":true,"href":"https:\/\/food-shop.org\/index.php?rest_route=%2Fwp%2Fv2%2Fproduct_cat&post=8633"},{"taxonomy":"product_tag","embeddable":true,"href":"https:\/\/food-shop.org\/index.php?rest_route=%2Fwp%2Fv2%2Fproduct_tag&post=8633"}],"curies":[{"name":"wp","href":"https:\/\/api.w.org\/{rel}","templated":true}]}}