{"id":8555,"date":"2020-08-31T15:13:18","date_gmt":"2020-08-31T15:13:18","guid":{"rendered":"https:\/\/food-shop.org\/?product=mariasole-caffe-espresso-ganze-bohnen-1-kg"},"modified":"2023-04-07T17:02:50","modified_gmt":"2023-04-07T17:02:50","slug":"mariasole-caffe-espresso-ganze-bohnen-1-kg","status":"publish","type":"product","link":"https:\/\/food-shop.org\/?product=mariasole-caffe-espresso-ganze-bohnen-1-kg","title":{"rendered":"MariaSole Caff\u00e8 Espresso Ganze Kaffeebohnen aus Italien 1kg Premium Espressobohnen \u00fcber Holzfeuer handger\u00f6stet 1000g"},"content":{"rendered":"<div class=\"disclaim\"> Gr\u00f6\u00dfe:<strong>1 kg<\/strong> <\/div>\n<p> <!-- show up to 2 reviews by default --> <\/p>\n<h3>Produktbeschreibung<\/h3>\n<p>Die Kaffeebohnen der italienischen R\u00f6sterei MariaSole werden im traditionellen Trommelr\u00f6stverfahren \u00fcber dem offenen Holzfeuer ger\u00f6stet. Schonend und in Handarbeit \u2013 wie vor \u00fcber 100 Jahren. Die lange R\u00f6stzeit von 15 bis 25 Minuten macht die Kaffee- und Espressosorten besonders mild und cremig. Altes Wissen, ausgereifte Handwerkskunst und die sorgf\u00e4ltige Auswahl hochwertigster Arabica- und eines kleinen Anteils Robusta-Bohnen erschaffen diesen vollendet harmonischen Espressokaffee, welcher sich perfekt f\u00fcr die Zubereitung von leckeren Kaffeespezialit\u00e4ten aus dem Kaffeevollautomaten oder der Siebtr\u00e4germaschine eignet. <\/p>\n<h3>Inhaltsstoffe \/ Zutaten<\/h3>\n<p>100% R\u00f6stkaffee <\/p>\n<div data-a-expander-name=\"toggle_description\" class=\"a-row a-expander-container a-expander-extend-container\">\n<div class=\"a-expander-content a-expander-extend-content\">\n<h3>Gebrauchsanweisung<\/h3>\n<p>Die angebrochene Caff\u00e8-Packung in einen Beh\u00e4lter mit luftdichtem Verschlu\u00df f\u00fcllen und im K\u00fchlschrank aufbewahren <\/p>\n<h3>Warnhinweise<\/h3>\n<p>Koffeinhaltig <\/p>\n<h3>Anschrift Hersteller\/Importeur<\/h3>\n<p>Caff\u00e8 Cultura GmbH, DE 40210 D\u00fcsseldorf <\/p>\n<\/p><\/div>\n<p> <a href=\"void(0)\" data-action=\"a-expander-toggle\" class=\"a-expander-header a-declarative a-expander-extend-header\" data-a-expander-toggle=\"{\"><i class=\"a-icon a-icon-extender-expand\"><\/i><span class=\"a-expander-prompt\">Weitere Informationen<\/span><\/a> <\/div>\n<p>Italienischer Premiumkaffee aus S\u00fcditalien (Sizilien) in ganzen Bohnen f\u00fcr Kaffeevollautomaten und Siebtr\u00e4ger<br \/>\nMariaSole Caff\u00e8 Espresso wird im traditionellen Trommelr\u00f6stverfahren \u00fcber offenem Holzfeuer ger\u00f6stet. Schonend und in Handarbeit \u2013 wie vor \u00fcber 100 Jahren. Die lange R\u00f6stzeit von 15 bis 25 Minuten macht ihn einzigartig mild mit einer perfekten Crema<br \/>\nAus sorgf\u00e4ltig ausgew\u00e4hlten Arabica- &amp; Robusta-Bohnen. Intensiv nussig-schokoladig, Samtweiche schokoladige Aromen, milde S\u00fc\u00dfe &amp; typisch lateinamerikanische W\u00fcrze, Zitrus, Karamell und Haselnuss.<br \/>\nKleinste Chargen frisch und mit handarbeit schonend ger\u00f6stet. Perfekt als Espresso, Lungo, Cappuccino und Latte Macchiato.<br \/>\nMariaSole Caff\u00e8 Espresso ist mit dem goldenen Preis ausgezeichnet: DLG pr\u00e4mierte Spitzenqualit\u00e4t 2019. Die Pr\u00fcfer der compamedia haben diese Marke mit dem Top-Innovator Preis 2020 ausgezeichnet.<br \/>\n<div class=\"main-cross-sell\" data-asin=\"B01MYN5BO0\">\n\n\t<div class=\"WooZone-cross-sell-loader\">\n\t\t<div>\n\t\t\t<div id=\"floatingBarsG\">\n\t\t\t\t<div class=\"blockG\" id=\"rotateG_01\"><\/div>\n\t\t\t\t<div class=\"blockG\" id=\"rotateG_02\"><\/div>\n\t\t\t\t<div class=\"blockG\" id=\"rotateG_03\"><\/div>\n\t\t\t\t<div class=\"blockG\" id=\"rotateG_04\"><\/div>\n\t\t\t\t<div class=\"blockG\" id=\"rotateG_05\"><\/div>\n\t\t\t\t<div class=\"blockG\" id=\"rotateG_06\"><\/div>\n\t\t\t\t<div class=\"blockG\" id=\"rotateG_07\"><\/div>\n\t\t\t\t<div class=\"blockG\" id=\"rotateG_08\"><\/div>\n\t\t\t<\/div>\n\t\t\t<div class=\"WooZone-cross-sell-loader-text\"><\/div>\n\t\t<\/div>\n\t<\/div>\n\n\t\t\n<\/div>\n<div style=\"clear:both;\"><\/div>\n","protected":false},"excerpt":{"rendered":"Italienischer Premiumkaffee aus S\u00fcditalien (Sizilien) in ganzen Bohnen f\u00fcr Kaffeevollautomaten und Siebtr\u00e4ger\nMariaSole Caff\u00e8 Espresso wird im traditionellen Trommelr\u00f6stverfahren \u00fcber offenem Holzfeuer ger\u00f6stet. Schonend und in Handarbeit \u2013 wie vor \u00fcber 100 Jahren. Die lange R\u00f6stzeit von 15 bis 25 Minuten macht ihn einzigartig mild mit einer perfekten Crema\nAus sorgf\u00e4ltig ausgew\u00e4hlten Arabica- &amp; Robusta-Bohnen. Intensiv nussig-schokoladig, Samtweiche schokoladige Aromen, milde S\u00fc\u00dfe &amp; typisch lateinamerikanische W\u00fcrze, Zitrus, Karamell und Haselnuss.","protected":false},"featured_media":8556,"comment_status":"open","ping_status":"closed","template":"","meta":[],"product_cat":[65,63],"product_tag":[],"_links":{"self":[{"href":"https:\/\/food-shop.org\/index.php?rest_route=\/wp\/v2\/product\/8555"}],"collection":[{"href":"https:\/\/food-shop.org\/index.php?rest_route=\/wp\/v2\/product"}],"about":[{"href":"https:\/\/food-shop.org\/index.php?rest_route=\/wp\/v2\/types\/product"}],"replies":[{"embeddable":true,"href":"https:\/\/food-shop.org\/index.php?rest_route=%2Fwp%2Fv2%2Fcomments&post=8555"}],"wp:featuredmedia":[{"embeddable":true,"href":"https:\/\/food-shop.org\/index.php?rest_route=\/wp\/v2\/media\/8556"}],"wp:attachment":[{"href":"https:\/\/food-shop.org\/index.php?rest_route=%2Fwp%2Fv2%2Fmedia&parent=8555"}],"wp:term":[{"taxonomy":"product_cat","embeddable":true,"href":"https:\/\/food-shop.org\/index.php?rest_route=%2Fwp%2Fv2%2Fproduct_cat&post=8555"},{"taxonomy":"product_tag","embeddable":true,"href":"https:\/\/food-shop.org\/index.php?rest_route=%2Fwp%2Fv2%2Fproduct_tag&post=8555"}],"curies":[{"name":"wp","href":"https:\/\/api.w.org\/{rel}","templated":true}]}}