{"id":8533,"date":"2020-08-31T15:13:08","date_gmt":"2020-08-31T15:13:08","guid":{"rendered":"https:\/\/food-shop.org\/?product=8x250g-trung-nguyen-vietnam-kaffee-creative-1-culi-robusta-gemahlen"},"modified":"2023-04-07T17:02:50","modified_gmt":"2023-04-07T17:02:50","slug":"8x250g-trung-nguyen-vietnam-kaffee-creative-1-culi-robusta-gemahlen","status":"publish","type":"product","link":"https:\/\/food-shop.org\/?product=8x250g-trung-nguyen-vietnam-kaffee-creative-1-culi-robusta-gemahlen","title":{"rendered":"8x250g Trung Nguyen Vietnam Kaffee Creative 1 Culi Robusta gemahlen"},"content":{"rendered":"<p><!-- show up to 2 reviews by default --> <\/p>\n<h3>Produktbeschreibungen<\/h3>\n<p>Der \u201eCreative 1\u201c ist ein dunkler Kaffee mit vollem K\u00f6rper, reichhaltigem Geschmack und intensivem Aroma aus Culi-Bohnen (ungeteilte Perlenbohnen \u201ePeaberry\u201c). Der Kaffee eignet sich aufgrund seines hohen Koffeinanteils sehr gut als \u201eFr\u00fchst\u00fcckskaffee\u201c, um wach zu werden. Er ist so intensiv, dass sogar eine Zugabe weiterer Zutaten den Schokoladengeschmack nicht \u00fcbertreffen kann, weshalb er sich auch wunderbar als Eiskaffee genie\u00dfen l\u00e4sst. Trung Nguyen CREATIVE 1 Klicken um Bilddetails zu sehen Der \u201eCreative 1\u201c ist ein dunkler Kaffee mit vollem K\u00f6rper, reichhaltigem Geschmack und intensivem Aroma aus Culi-Bohnen (ungeteilte Perlenbohnen \u201ePeaberry\u201c). Der Kaffee eignet sich aufgrund seines hohen Koffeinanteils sehr gut als \u201eFr\u00fchst\u00fcckskaffee\u201c, um wach zu werden. Er ist so intensiv, dass sogar eine Zugabe weiterer Zutaten den Schokoladengeschmack nicht \u00fcbertreffen kann, weshalb er sich auch wunderbar als Eiskaffee genie\u00dfen l\u00e4sst. In Vietnam wird diese Robusta-Variation schon seit \u00fcber 100 Jahren angebaut. Zum Ende des 20. Jahrhunderts litten Qualit\u00e4t und Ernte aufgrund mangelhafter Kultivierung. Mit Trung Ngyuen erlebt der Culi-Robusta sein Comeback als einer der besten Schlemmer-Robusta-Kaffees der Welt. Er w\u00e4chst im perfekten Klima, wird in mehreren Phasen handverlesen und in der Sonne bis zu 100 Tage getrocknet, wodurch er seine volle Reife und wunderbaren Geschmackst\u00f6ne erreicht. <\/p>\n<h3>Inhaltsstoffe \/ Zutaten<\/h3>\n<p>100% Culi Robusta <\/p>\n<div data-a-expander-name=\"toggle_description\" class=\"a-row a-expander-container a-expander-extend-container\">\n<div class=\"a-expander-content a-expander-extend-content\">\n<h3>Anschrift Hersteller\/Importeur<\/h3>\n<p>Herman Kuiper B.V. , Noorddammerweg 91b, 1187ZS Amstelveen, Niederlande <\/p>\n<\/p><\/div>\n<p> <a href=\"void(0)\" data-action=\"a-expander-toggle\" class=\"a-expander-header a-declarative a-expander-extend-header\" data-a-expander-toggle=\"{\"><i class=\"a-icon a-icon-extender-expand\"><\/i><span class=\"a-expander-prompt\">Weitere Informationen<\/span><\/a> <\/div>\n<p>Der \u201eCreative 1\u201c ist ein dunkler Kaffee mit vollem K\u00f6rper, reichhaltigem Geschmack und intensivem Aroma aus Culi-Bohnen (ungeteilte Perlenbohnen \u201ePeaberry\u201c). Der Kaffee eignet sich aufgrund seines hohen Koffeinanteils sehr gut als \u201eFr\u00fchst\u00fcckskaffee\u201c, um wach zu werden. Er ist so intensiv, dass sogar eine Zugabe weiterer Zutaten den Schokoladengeschmack nicht \u00fcbertreffen kann, weshalb er sich auch wunderbar als Eiskaffee genie\u00dfen l\u00e4sst.<br \/>\nNettogewicht: 8x250g=2kg<br \/>\nGemahlener Kaffee<br \/>\nZutaten: 100 % Culi Robusta<br \/>\n<div class=\"main-cross-sell\" data-asin=\"B06VXDLR1Q\">\n\n\t<div class=\"WooZone-cross-sell-loader\">\n\t\t<div>\n\t\t\t<div id=\"floatingBarsG\">\n\t\t\t\t<div class=\"blockG\" id=\"rotateG_01\"><\/div>\n\t\t\t\t<div class=\"blockG\" id=\"rotateG_02\"><\/div>\n\t\t\t\t<div class=\"blockG\" id=\"rotateG_03\"><\/div>\n\t\t\t\t<div class=\"blockG\" id=\"rotateG_04\"><\/div>\n\t\t\t\t<div class=\"blockG\" id=\"rotateG_05\"><\/div>\n\t\t\t\t<div class=\"blockG\" id=\"rotateG_06\"><\/div>\n\t\t\t\t<div class=\"blockG\" id=\"rotateG_07\"><\/div>\n\t\t\t\t<div class=\"blockG\" id=\"rotateG_08\"><\/div>\n\t\t\t<\/div>\n\t\t\t<div class=\"WooZone-cross-sell-loader-text\"><\/div>\n\t\t<\/div>\n\t<\/div>\n\n\t\t\n<\/div>\n<div style=\"clear:both;\"><\/div>\n","protected":false},"excerpt":{"rendered":"Der \u201eCreative 1\u201c ist ein dunkler Kaffee mit vollem K\u00f6rper, reichhaltigem Geschmack und intensivem Aroma aus Culi-Bohnen (ungeteilte Perlenbohnen \u201ePeaberry\u201c). Der Kaffee eignet sich aufgrund seines hohen Koffeinanteils sehr gut als \u201eFr\u00fchst\u00fcckskaffee\u201c, um wach zu werden. Er ist so intensiv, dass sogar eine Zugabe weiterer Zutaten den Schokoladengeschmack nicht \u00fcbertreffen kann, weshalb er sich auch wunderbar als Eiskaffee genie\u00dfen l\u00e4sst.\nNettogewicht: 8x250g=2kg\nGemahlener Kaffee","protected":false},"featured_media":8534,"comment_status":"open","ping_status":"closed","template":"","meta":[],"product_cat":[65,63],"product_tag":[],"_links":{"self":[{"href":"https:\/\/food-shop.org\/index.php?rest_route=\/wp\/v2\/product\/8533"}],"collection":[{"href":"https:\/\/food-shop.org\/index.php?rest_route=\/wp\/v2\/product"}],"about":[{"href":"https:\/\/food-shop.org\/index.php?rest_route=\/wp\/v2\/types\/product"}],"replies":[{"embeddable":true,"href":"https:\/\/food-shop.org\/index.php?rest_route=%2Fwp%2Fv2%2Fcomments&post=8533"}],"wp:featuredmedia":[{"embeddable":true,"href":"https:\/\/food-shop.org\/index.php?rest_route=\/wp\/v2\/media\/8534"}],"wp:attachment":[{"href":"https:\/\/food-shop.org\/index.php?rest_route=%2Fwp%2Fv2%2Fmedia&parent=8533"}],"wp:term":[{"taxonomy":"product_cat","embeddable":true,"href":"https:\/\/food-shop.org\/index.php?rest_route=%2Fwp%2Fv2%2Fproduct_cat&post=8533"},{"taxonomy":"product_tag","embeddable":true,"href":"https:\/\/food-shop.org\/index.php?rest_route=%2Fwp%2Fv2%2Fproduct_tag&post=8533"}],"curies":[{"name":"wp","href":"https:\/\/api.w.org\/{rel}","templated":true}]}}