{"id":8520,"date":"2020-08-31T15:13:02","date_gmt":"2020-08-31T15:13:02","guid":{"rendered":"https:\/\/food-shop.org\/?product=lavazza-espresso-cremoso-bohnen-6x1kg"},"modified":"2023-04-07T17:02:50","modified_gmt":"2023-04-07T17:02:50","slug":"lavazza-espresso-cremoso-bohnen-6x1kg","status":"publish","type":"product","link":"https:\/\/food-shop.org\/?product=lavazza-espresso-cremoso-bohnen-6x1kg","title":{"rendered":"Lavazza Espresso Cremoso Bohnen 6x1kg"},"content":{"rendered":"<p><!-- show up to 2 reviews by default --> <\/p>\n<h3>Produktbeschreibungen<\/h3>\n<p>Eine Mischung mit einem sehr starken charakteristischen Aroma und angenehmen Geschmack. Erh\u00e4lt nur besten mittel- und s\u00fcdamerikanischen Arabica und ausgesuchte Robusta-Bohnen aus Afrika. Die cremige Krone l\u00e4dt zum Genie\u00dfen ein. Cremoso ist einfach zuzubereiten und garantiert Ihnen jederzeit volles Aroma.<\/p>\n<p>Cremoso ist auch deswegen die Espresso-Bohne Nr. 1 in Deutschland, weil sie zu jedem Verwendungszweck optimale Ergebnisse liefert.<\/p>\n<p>&#8211; Geschmack: stark und aromatisch, besonders samtige Crema<br \/>&#8211; Mischung: k\u00f6stliche Arabica- und Robusta-Bohnen<br \/>&#8211; Verwendung: ideal f\u00fcr alle Kaffee- und Milchzubereitungen sowie f\u00fcr Espresso <\/p>\n<h3>Inhaltsstoffe \/ Zutaten<\/h3>\n<p>60% Robusta, 40% Arabica <\/p>\n<p>Starker, charkterisischer italienischer Espresso<br \/>\n<div class=\"main-cross-sell\" data-asin=\"B01COZYZNG\">\n\n\t<div class=\"WooZone-cross-sell-loader\">\n\t\t<div>\n\t\t\t<div id=\"floatingBarsG\">\n\t\t\t\t<div class=\"blockG\" id=\"rotateG_01\"><\/div>\n\t\t\t\t<div class=\"blockG\" id=\"rotateG_02\"><\/div>\n\t\t\t\t<div class=\"blockG\" id=\"rotateG_03\"><\/div>\n\t\t\t\t<div class=\"blockG\" id=\"rotateG_04\"><\/div>\n\t\t\t\t<div class=\"blockG\" id=\"rotateG_05\"><\/div>\n\t\t\t\t<div class=\"blockG\" id=\"rotateG_06\"><\/div>\n\t\t\t\t<div class=\"blockG\" id=\"rotateG_07\"><\/div>\n\t\t\t\t<div class=\"blockG\" id=\"rotateG_08\"><\/div>\n\t\t\t<\/div>\n\t\t\t<div class=\"WooZone-cross-sell-loader-text\"><\/div>\n\t\t<\/div>\n\t<\/div>\n\n\t\t\n<\/div>\n<div style=\"clear:both;\"><\/div>\n","protected":false},"excerpt":{"rendered":"Starker, charkterisischer italienischer Espresso","protected":false},"featured_media":8521,"comment_status":"open","ping_status":"closed","template":"","meta":[],"product_cat":[65,63],"product_tag":[],"_links":{"self":[{"href":"https:\/\/food-shop.org\/index.php?rest_route=\/wp\/v2\/product\/8520"}],"collection":[{"href":"https:\/\/food-shop.org\/index.php?rest_route=\/wp\/v2\/product"}],"about":[{"href":"https:\/\/food-shop.org\/index.php?rest_route=\/wp\/v2\/types\/product"}],"replies":[{"embeddable":true,"href":"https:\/\/food-shop.org\/index.php?rest_route=%2Fwp%2Fv2%2Fcomments&post=8520"}],"wp:featuredmedia":[{"embeddable":true,"href":"https:\/\/food-shop.org\/index.php?rest_route=\/wp\/v2\/media\/8521"}],"wp:attachment":[{"href":"https:\/\/food-shop.org\/index.php?rest_route=%2Fwp%2Fv2%2Fmedia&parent=8520"}],"wp:term":[{"taxonomy":"product_cat","embeddable":true,"href":"https:\/\/food-shop.org\/index.php?rest_route=%2Fwp%2Fv2%2Fproduct_cat&post=8520"},{"taxonomy":"product_tag","embeddable":true,"href":"https:\/\/food-shop.org\/index.php?rest_route=%2Fwp%2Fv2%2Fproduct_tag&post=8520"}],"curies":[{"name":"wp","href":"https:\/\/api.w.org\/{rel}","templated":true}]}}