{"id":8486,"date":"2020-08-31T15:04:02","date_gmt":"2020-08-31T15:04:02","guid":{"rendered":"https:\/\/food-shop.org\/?product=jacobs-kaffeebohnen-barista-editions-crema-intense-1-kg-bohnenkaffee"},"modified":"2023-04-07T17:02:49","modified_gmt":"2023-04-07T17:02:49","slug":"jacobs-kaffeebohnen-barista-editions-crema-intense-1-kg-bohnenkaffee","status":"publish","type":"product","link":"https:\/\/food-shop.org\/?product=jacobs-kaffeebohnen-barista-editions-crema-intense-1-kg-bohnenkaffee","title":{"rendered":"Jacobs Kaffeebohnen Barista Editions Crema Intense, 1kg"},"content":{"rendered":"<div class=\"disclaim\"> Geschmack:<strong>Crema Intense<\/strong> | Gr\u00f6\u00dfe:<strong>1 kg (1er Pack)<\/strong> <\/div>\n<p> <!-- show up to 2 reviews by default --> <\/p>\n<h3>Produktbeschreibung<\/h3>\n<p>Entdecken Sie jetzt die Jacobs Barista Editions &#8211; Kaffee vom Barista inspiriert. Sie lieben Caff\u00e8 Crema, Caff\u00e8 Latte oder Caf\u00e9 au lait mit intensivem Geschmack? Dann lernen Sie unseren Jacobs Barista Editions Crema Intense kennen. Die Bohnen werden sorgf\u00e4ltig und schonend im Trommelr\u00f6ster ger\u00f6stet und haben einen kr\u00e4ftigen Geschmack mit dunklen R\u00f6staromen und einem Hauch von Karamell. Ideal f\u00fcr die Zubereitung mit Kaffeevollautomat oder Siebtr\u00e4ger. <\/p>\n<h3>Gebrauchsanweisung<\/h3>\n<p>Zubereitung: Mit Kaffeevollautomat oder Siebtr\u00e4ger. <\/p>\n<div data-a-expander-name=\"toggle_description\" class=\"a-row a-expander-container a-expander-extend-container\">\n<div class=\"a-expander-content a-expander-extend-content\">\n<h3>Anschrift Hersteller\/Importeur<\/h3>\n<p>Oosterdoksstraat 80, NL-1011 DK Amsterdam # Langemarckstra\u00dfe 4-20, D-28199 Bremen <\/p>\n<\/p><\/div>\n<p> <a href=\"void(0)\" data-action=\"a-expander-toggle\" class=\"a-expander-header a-declarative a-expander-extend-header\" data-a-expander-toggle=\"{\"><i class=\"a-icon a-icon-extender-expand\"><\/i><span class=\"a-expander-prompt\">Weitere Informationen<\/span><\/a> <\/div>\n<p>Kaffee vom Barista inspiriert: hochwertige Mischung aus den besten Anbaugebieten der Welt.<br \/>\nKr\u00e4ftig, mit dunklen R\u00f6staromen und einem Hauch von Karamell<br \/>\nSorgf\u00e4ltig und schonend im Trommelr\u00f6ster ger\u00f6stet<br \/>\nErste Wahl f\u00fcr Caff\u00e8 Crema, Caff\u00e8 Latte oder Caf\u00e9 au lait<br \/>\nLieferumfang 1x 1000g Packung<br \/>\n<div class=\"main-cross-sell\" data-asin=\"B00JZKB1WM\">\n\n\t<div class=\"WooZone-cross-sell-loader\">\n\t\t<div>\n\t\t\t<div id=\"floatingBarsG\">\n\t\t\t\t<div class=\"blockG\" id=\"rotateG_01\"><\/div>\n\t\t\t\t<div class=\"blockG\" id=\"rotateG_02\"><\/div>\n\t\t\t\t<div class=\"blockG\" id=\"rotateG_03\"><\/div>\n\t\t\t\t<div class=\"blockG\" id=\"rotateG_04\"><\/div>\n\t\t\t\t<div class=\"blockG\" id=\"rotateG_05\"><\/div>\n\t\t\t\t<div class=\"blockG\" id=\"rotateG_06\"><\/div>\n\t\t\t\t<div class=\"blockG\" id=\"rotateG_07\"><\/div>\n\t\t\t\t<div class=\"blockG\" id=\"rotateG_08\"><\/div>\n\t\t\t<\/div>\n\t\t\t<div class=\"WooZone-cross-sell-loader-text\"><\/div>\n\t\t<\/div>\n\t<\/div>\n\n\t\t\n<\/div>\n<div style=\"clear:both;\"><\/div>\n","protected":false},"excerpt":{"rendered":"Kaffee vom Barista inspiriert: hochwertige Mischung aus den besten Anbaugebieten der Welt.\nKr\u00e4ftig, mit dunklen R\u00f6staromen und einem Hauch von Karamell\nSorgf\u00e4ltig und schonend im Trommelr\u00f6ster ger\u00f6stet","protected":false},"featured_media":8487,"comment_status":"open","ping_status":"closed","template":"","meta":[],"product_cat":[65,63],"product_tag":[],"_links":{"self":[{"href":"https:\/\/food-shop.org\/index.php?rest_route=\/wp\/v2\/product\/8486"}],"collection":[{"href":"https:\/\/food-shop.org\/index.php?rest_route=\/wp\/v2\/product"}],"about":[{"href":"https:\/\/food-shop.org\/index.php?rest_route=\/wp\/v2\/types\/product"}],"replies":[{"embeddable":true,"href":"https:\/\/food-shop.org\/index.php?rest_route=%2Fwp%2Fv2%2Fcomments&post=8486"}],"wp:featuredmedia":[{"embeddable":true,"href":"https:\/\/food-shop.org\/index.php?rest_route=\/wp\/v2\/media\/8487"}],"wp:attachment":[{"href":"https:\/\/food-shop.org\/index.php?rest_route=%2Fwp%2Fv2%2Fmedia&parent=8486"}],"wp:term":[{"taxonomy":"product_cat","embeddable":true,"href":"https:\/\/food-shop.org\/index.php?rest_route=%2Fwp%2Fv2%2Fproduct_cat&post=8486"},{"taxonomy":"product_tag","embeddable":true,"href":"https:\/\/food-shop.org\/index.php?rest_route=%2Fwp%2Fv2%2Fproduct_tag&post=8486"}],"curies":[{"name":"wp","href":"https:\/\/api.w.org\/{rel}","templated":true}]}}