{"id":8406,"date":"2020-08-31T15:03:27","date_gmt":"2020-08-31T15:03:27","guid":{"rendered":"https:\/\/food-shop.org\/?product=bonomi-kaffee-espresso-blu-miscela-di-caffe-1000g-bohnen"},"modified":"2023-04-07T17:02:48","modified_gmt":"2023-04-07T17:02:48","slug":"bonomi-kaffee-espresso-blu-miscela-di-caffe-1000g-bohnen","status":"publish","type":"product","link":"https:\/\/food-shop.org\/?product=bonomi-kaffee-espresso-blu-miscela-di-caffe-1000g-bohnen","title":{"rendered":"Bonomi Kaffee Espresso Blu Miscela Di Caffe, 1000g Bohnen"},"content":{"rendered":"<p><!-- show up to 2 reviews by default --> <\/p>\n<h3>Produktbeschreibung<\/h3>\n<p>Bonomi Kaffee Espresso Blu Miscela Di Caff\u00e9 besteht zu 100% aus besten Arabica Kaffeebohnen und ist die Prestigemarke der R\u00f6sterei Bonomi aus Binasco bei Mailand. F\u00fcr diesen hochwertigen Kaffee werden beste Hochland Kaffee verwendet, die nach der EG Richtlinie 2092\/91 f\u00fcr BIO Anbau zertifiziert sind. Wie bei allen hochwertigen Kaffee kommt es auch bei diesem Bonomi Kaffee Espresso Blu Miscela Di Caff\u00e9 100% Arabica auf die richtige Auswahl der Arabica Kaffeebohnen an. Normalerweise werden mindestens 6 bis 8 verschiedene Arabicas aus verschiedenen Provienzen verwendet, zum einen f\u00fcr die F\u00fclle, der harmonischen Abstimmung der optimalen S\u00e4urewerte, ein bis zwei Sorten die das Aroma tragen und vor allem die k\u00f6rperreichen Sorten f\u00fcr den optimalen Geschmack. Dies alles erst verbindet einzelne gute Kaffeebohnen zu einer vollendeten erstklassigen Kaffeemischung. Die langsame schonende R\u00f6stung ist ein weiterer wesentlicher Aspekt, der bei einer perfekten Handr\u00f6stung in der Drehtrommel zum einen alle Aromakomponenten perfekt verbindet, zum anderen den gewaschenen Arabica Kaffeebohnen die bitteren S\u00e4urewerte fast vollst\u00e4ndig entzieht. <\/p>\n<h3>Inhaltsstoffe \/ Zutaten<\/h3>\n<p>Kaffee <\/p>\n<div data-a-expander-name=\"toggle_description\" class=\"a-row a-expander-container a-expander-extend-container\">\n<div class=\"a-expander-content a-expander-extend-content\">\n<h3>Gebrauchsanweisung<\/h3>\n<p>F\u00fcr Kaffee Vollautomaten <\/p>\n<\/p><\/div>\n<p> <a href=\"void(0)\" data-action=\"a-expander-toggle\" class=\"a-expander-header a-declarative a-expander-extend-header\" data-a-expander-toggle=\"{\"><i class=\"a-icon a-icon-extender-expand\"><\/i><span class=\"a-expander-prompt\">Weitere Informationen<\/span><\/a> <\/div>\n<p>Bonomi Miscela di Caffe` Blu<br \/>\nganze Bohnen 1 Kg.<br \/>\nHersteller\/Importeur: Bonomi SPA V.le Delle Scienze 6, 20082 Binasco Milano<br \/>\n<div class=\"main-cross-sell\" data-asin=\"B000FWHX08\">\n\n\t<div class=\"WooZone-cross-sell-loader\">\n\t\t<div>\n\t\t\t<div id=\"floatingBarsG\">\n\t\t\t\t<div class=\"blockG\" id=\"rotateG_01\"><\/div>\n\t\t\t\t<div class=\"blockG\" id=\"rotateG_02\"><\/div>\n\t\t\t\t<div class=\"blockG\" id=\"rotateG_03\"><\/div>\n\t\t\t\t<div class=\"blockG\" id=\"rotateG_04\"><\/div>\n\t\t\t\t<div class=\"blockG\" id=\"rotateG_05\"><\/div>\n\t\t\t\t<div class=\"blockG\" id=\"rotateG_06\"><\/div>\n\t\t\t\t<div class=\"blockG\" id=\"rotateG_07\"><\/div>\n\t\t\t\t<div class=\"blockG\" id=\"rotateG_08\"><\/div>\n\t\t\t<\/div>\n\t\t\t<div class=\"WooZone-cross-sell-loader-text\"><\/div>\n\t\t<\/div>\n\t<\/div>\n\n\t\t\n<\/div>\n<div style=\"clear:both;\"><\/div>\n","protected":false},"excerpt":{"rendered":"Bonomi Miscela di Caffe` Blu\nganze Bohnen 1 Kg.\nHersteller\/Importeur: Bonomi SPA V.le Delle Scienze 6, 20082 Binasco Milano","protected":false},"featured_media":8407,"comment_status":"open","ping_status":"closed","template":"","meta":[],"product_cat":[65,63],"product_tag":[],"_links":{"self":[{"href":"https:\/\/food-shop.org\/index.php?rest_route=\/wp\/v2\/product\/8406"}],"collection":[{"href":"https:\/\/food-shop.org\/index.php?rest_route=\/wp\/v2\/product"}],"about":[{"href":"https:\/\/food-shop.org\/index.php?rest_route=\/wp\/v2\/types\/product"}],"replies":[{"embeddable":true,"href":"https:\/\/food-shop.org\/index.php?rest_route=%2Fwp%2Fv2%2Fcomments&post=8406"}],"wp:featuredmedia":[{"embeddable":true,"href":"https:\/\/food-shop.org\/index.php?rest_route=\/wp\/v2\/media\/8407"}],"wp:attachment":[{"href":"https:\/\/food-shop.org\/index.php?rest_route=%2Fwp%2Fv2%2Fmedia&parent=8406"}],"wp:term":[{"taxonomy":"product_cat","embeddable":true,"href":"https:\/\/food-shop.org\/index.php?rest_route=%2Fwp%2Fv2%2Fproduct_cat&post=8406"},{"taxonomy":"product_tag","embeddable":true,"href":"https:\/\/food-shop.org\/index.php?rest_route=%2Fwp%2Fv2%2Fproduct_tag&post=8406"}],"curies":[{"name":"wp","href":"https:\/\/api.w.org\/{rel}","templated":true}]}}