{"id":8384,"date":"2020-08-31T15:03:17","date_gmt":"2020-08-31T15:03:17","guid":{"rendered":"https:\/\/food-shop.org\/?product=dallmayr-kaffee-crema-doro-selektion-des-jahres-kaffeebohnen-1kg"},"modified":"2023-04-07T17:02:48","modified_gmt":"2023-04-07T17:02:48","slug":"dallmayr-kaffee-crema-doro-selektion-des-jahres-kaffeebohnen-1kg","status":"publish","type":"product","link":"https:\/\/food-shop.org\/?product=dallmayr-kaffee-crema-doro-selektion-des-jahres-kaffeebohnen-1kg","title":{"rendered":"Dallmayr Kaffee Crema d&#8217;Oro Selektion des Jahres Kaffeebohnen, 1kg"},"content":{"rendered":"<p><!-- show up to 2 reviews by default --> <\/p>\n<h3>Produktbeschreibung<\/h3>\n<p>Unsere aktuelle Selektion des Jahres ist ein 100%iger Arabica Ursprungskaffee aus Mexiko. Die einzigartige Kaffeequalit\u00e4t besticht durch w\u00fcrzig-weiche Noten mit feinen Schokoladen-Nuancen, abgerundet durch eine beerige S\u00e4ure. Ideal f\u00fcr die Zubereitung im Vollautomaten oder in der French Press. <\/p>\n<h3>Anschrift Hersteller\/Importeur<\/h3>\n<p>Dienerstr. 14-15 80331 M\u00fcnchen <\/p>\n<p>Exklusiver Crema d\u00b4Oro Artikel<br \/>\nsortenreiner Ursprungskaffee aus Mexiko<br \/>\nIdeal f\u00fcr Vollautomaten<br \/>\nBei Verkauf und Versand durch Amazon.de erhalten Sie die Selektion des Jahres 2020 aus Mexiko<br \/>\n<div class=\"main-cross-sell\" data-asin=\"B01M9DY7ET\">\n\n\t<div class=\"WooZone-cross-sell-loader\">\n\t\t<div>\n\t\t\t<div id=\"floatingBarsG\">\n\t\t\t\t<div class=\"blockG\" id=\"rotateG_01\"><\/div>\n\t\t\t\t<div class=\"blockG\" id=\"rotateG_02\"><\/div>\n\t\t\t\t<div class=\"blockG\" id=\"rotateG_03\"><\/div>\n\t\t\t\t<div class=\"blockG\" id=\"rotateG_04\"><\/div>\n\t\t\t\t<div class=\"blockG\" id=\"rotateG_05\"><\/div>\n\t\t\t\t<div class=\"blockG\" id=\"rotateG_06\"><\/div>\n\t\t\t\t<div class=\"blockG\" id=\"rotateG_07\"><\/div>\n\t\t\t\t<div class=\"blockG\" id=\"rotateG_08\"><\/div>\n\t\t\t<\/div>\n\t\t\t<div class=\"WooZone-cross-sell-loader-text\"><\/div>\n\t\t<\/div>\n\t<\/div>\n\n\t\t\n<\/div>\n<div style=\"clear:both;\"><\/div>\n","protected":false},"excerpt":{"rendered":"Exklusiver Crema d\u00b4Oro Artikel\nsortenreiner Ursprungskaffee aus Mexiko\nIdeal f\u00fcr Vollautomaten","protected":false},"featured_media":8385,"comment_status":"open","ping_status":"closed","template":"","meta":[],"product_cat":[65,63],"product_tag":[],"_links":{"self":[{"href":"https:\/\/food-shop.org\/index.php?rest_route=\/wp\/v2\/product\/8384"}],"collection":[{"href":"https:\/\/food-shop.org\/index.php?rest_route=\/wp\/v2\/product"}],"about":[{"href":"https:\/\/food-shop.org\/index.php?rest_route=\/wp\/v2\/types\/product"}],"replies":[{"embeddable":true,"href":"https:\/\/food-shop.org\/index.php?rest_route=%2Fwp%2Fv2%2Fcomments&post=8384"}],"wp:featuredmedia":[{"embeddable":true,"href":"https:\/\/food-shop.org\/index.php?rest_route=\/wp\/v2\/media\/8385"}],"wp:attachment":[{"href":"https:\/\/food-shop.org\/index.php?rest_route=%2Fwp%2Fv2%2Fmedia&parent=8384"}],"wp:term":[{"taxonomy":"product_cat","embeddable":true,"href":"https:\/\/food-shop.org\/index.php?rest_route=%2Fwp%2Fv2%2Fproduct_cat&post=8384"},{"taxonomy":"product_tag","embeddable":true,"href":"https:\/\/food-shop.org\/index.php?rest_route=%2Fwp%2Fv2%2Fproduct_tag&post=8384"}],"curies":[{"name":"wp","href":"https:\/\/api.w.org\/{rel}","templated":true}]}}