{"id":8350,"date":"2020-08-31T15:03:01","date_gmt":"2020-08-31T15:03:01","guid":{"rendered":"https:\/\/food-shop.org\/?product=premium-bio-kaffeebohnen-preisgekroent-koestlich-sehr-saeurearm-und-sehr-besonders-von-360-rundum-ehrlich-ganze-bohnen-ideal-fuer-bulletproof-coffee-i"},"modified":"2024-03-17T17:51:43","modified_gmt":"2024-03-17T17:51:43","slug":"premium-bio-kaffeebohnen-preisgekroent-koestlich-sehr-saeurearm-und-sehr-besonders-von-360-rundum-ehrlich-ganze-bohnen-ideal-fuer-bulletproof-coffee-i","status":"publish","type":"product","link":"https:\/\/food-shop.org\/?product=premium-bio-kaffeebohnen-preisgekroent-koestlich-sehr-saeurearm-und-sehr-besonders-von-360-rundum-ehrlich-ganze-bohnen-ideal-fuer-bulletproof-coffee-i","title":{"rendered":"360\u00b0 Premium Bio Kaffeebohnen, 100% Honduras Hochland Arabica &#8211; K\u00f6stlich, mild, s\u00e4urearm &#8211; Bio Kaffee ganze Bohnen\u2026"},"content":{"rendered":"<p>&#x2705; Rundum AUSGEZEICHNET: Produkt des Jahres und Testsieger beim anspruchsvollen Test des Food Blogs paleo360.de<br \/>\n&#x2705; Rundum K\u00d6STLICH: Besondere R\u00f6staromen, Schokoladen- und Karamell-Aroma. Optimal f\u00fcr Filter-Kaffee, Handfilter, Vollautomaten, French-Press und als Geschenk<br \/>\n&#x2705; Rundum HOCHWERTIG: Sorgf\u00e4ltig optimierte Prozesse vom Hochland in Honduras bis nach Deutschland sorgen f\u00fcr besonders reinen Premium-Kaffee. Kleine Chargen stets schonend und frisch ger\u00f6stet, S\u00c4UREARM und regelm\u00e4\u00dfig im Lebensmittellabor untersucht. Das Ergebnis ist dieser besondere Kaffee.<br \/>\n&#x2705; Rundum NACHHALTIG und SOZIAL: Bio-zertifizierte fair gehandelte Bohnen, F\u00f6rderung sozialer Projekte, liebevoll ger\u00f6stet und handverpackt von Menschen mit Beeintr\u00e4chtigungen (Lebenshilfewerk Hagenow), Umweltschonende Aromaschutzverpackung<br \/>\n&#x2705; Rundum BULLETPROOF: Durch besondere Reinheit perfekt geeignet f\u00fcr Bulletproof Coffee<br \/>\n<div class=\"main-cross-sell\" data-asin=\"B01CTC6GZO\">\n\n\t<div class=\"WooZone-cross-sell-loader\">\n\t\t<div>\n\t\t\t<div id=\"floatingBarsG\">\n\t\t\t\t<div class=\"blockG\" id=\"rotateG_01\"><\/div>\n\t\t\t\t<div class=\"blockG\" id=\"rotateG_02\"><\/div>\n\t\t\t\t<div class=\"blockG\" id=\"rotateG_03\"><\/div>\n\t\t\t\t<div class=\"blockG\" id=\"rotateG_04\"><\/div>\n\t\t\t\t<div class=\"blockG\" id=\"rotateG_05\"><\/div>\n\t\t\t\t<div class=\"blockG\" id=\"rotateG_06\"><\/div>\n\t\t\t\t<div class=\"blockG\" id=\"rotateG_07\"><\/div>\n\t\t\t\t<div class=\"blockG\" id=\"rotateG_08\"><\/div>\n\t\t\t<\/div>\n\t\t\t<div class=\"WooZone-cross-sell-loader-text\"><\/div>\n\t\t<\/div>\n\t<\/div>\n\n\t\t\n<\/div>\n<div style=\"clear:both;\"><\/div>\n","protected":false},"excerpt":{"rendered":"&#x2705; Rundum AUSGEZEICHNET: Produkt des Jahres und Testsieger beim anspruchsvollen Test des Food Blogs paleo360.de\n&#x2705; Rundum K\u00d6STLICH: Besondere R\u00f6staromen, Schokoladen- und Karamell-Aroma. Optimal f\u00fcr Filter-Kaffee, Handfilter, Vollautomaten, French-Press und als Geschenk\n&#x2705; Rundum HOCHWERTIG: Sorgf\u00e4ltig optimierte Prozesse vom Hochland in Honduras bis nach Deutschland sorgen f\u00fcr besonders reinen Premium-Kaffee. Kleine Chargen stets schonend und frisch ger\u00f6stet, S\u00c4UREARM und regelm\u00e4\u00dfig im Lebensmittellabor untersucht. Das Ergebnis ist dieser besondere Kaffee.","protected":false},"featured_media":8351,"comment_status":"open","ping_status":"closed","template":"","meta":[],"product_cat":[65,63],"product_tag":[],"_links":{"self":[{"href":"https:\/\/food-shop.org\/index.php?rest_route=\/wp\/v2\/product\/8350"}],"collection":[{"href":"https:\/\/food-shop.org\/index.php?rest_route=\/wp\/v2\/product"}],"about":[{"href":"https:\/\/food-shop.org\/index.php?rest_route=\/wp\/v2\/types\/product"}],"replies":[{"embeddable":true,"href":"https:\/\/food-shop.org\/index.php?rest_route=%2Fwp%2Fv2%2Fcomments&post=8350"}],"wp:featuredmedia":[{"embeddable":true,"href":"https:\/\/food-shop.org\/index.php?rest_route=\/wp\/v2\/media\/8351"}],"wp:attachment":[{"href":"https:\/\/food-shop.org\/index.php?rest_route=%2Fwp%2Fv2%2Fmedia&parent=8350"}],"wp:term":[{"taxonomy":"product_cat","embeddable":true,"href":"https:\/\/food-shop.org\/index.php?rest_route=%2Fwp%2Fv2%2Fproduct_cat&post=8350"},{"taxonomy":"product_tag","embeddable":true,"href":"https:\/\/food-shop.org\/index.php?rest_route=%2Fwp%2Fv2%2Fproduct_tag&post=8350"}],"curies":[{"name":"wp","href":"https:\/\/api.w.org\/{rel}","templated":true}]}}