{"id":8334,"date":"2020-08-31T15:02:54","date_gmt":"2020-08-31T15:02:54","guid":{"rendered":"https:\/\/food-shop.org\/?product=jacobs-kaffeebohnen-kroenung-crema-1-kg-bohnenkaffee"},"modified":"2023-04-07T17:02:47","modified_gmt":"2023-04-07T17:02:47","slug":"jacobs-kaffeebohnen-kroenung-crema-1-kg-bohnenkaffee","status":"publish","type":"product","link":"https:\/\/food-shop.org\/?product=jacobs-kaffeebohnen-kroenung-crema-1-kg-bohnenkaffee","title":{"rendered":"Jacobs Kaffeebohnen Kr\u00f6nung Crema, 1 kg Bohnenkaffee"},"content":{"rendered":"<div class=\"disclaim\"> Gr\u00f6\u00dfe:<strong>1 kg<\/strong> <\/div>\n<p> <!-- show up to 2 reviews by default --> <\/p>\n<h3>Produktbeschreibung<\/h3>\n<p>Die bew\u00e4hrte Spitzenqualit\u00e4t der Kr\u00f6nung gibt es jetzt auch als Ganze Bohne f\u00fcr den Vollautomaten. Jacobs Kr\u00f6nung Caff\u00e8 Crema zeichnet sich durch sorgf\u00e4ltig ausgew\u00e4hlte Bohnen und die typische Jacobs Aromar\u00f6stung aus. Sie sind ideal geeignet f\u00fcr die Zubereitung von Caff\u00e8 Crema und Kaffeespezialit\u00e4ten wie Cappuccino und Latte Macchiato aus Ihrem Kaffeevollautomaten. <\/p>\n<h3>Inhaltsstoffe \/ Zutaten<\/h3>\n<p>R\u00f6stkaffee <\/p>\n<div data-a-expander-name=\"toggle_description\" class=\"a-row a-expander-container a-expander-extend-container\">\n<div class=\"a-expander-content a-expander-extend-content\">\n<h3>Gebrauchsanweisung<\/h3>\n<p>Ideal f\u00fcr Kaffeevollautomaten. <\/p>\n<h3>Anschrift Hersteller\/Importeur<\/h3>\n<p>Oosterdoksstraat 80, NL-1011 DK Amsterdam # Langemarckstra\u00dfe 4-20, D-28199 Bremen <\/p>\n<\/p><\/div>\n<p> <a href=\"void(0)\" data-action=\"a-expander-toggle\" class=\"a-expander-header a-declarative a-expander-extend-header\" data-a-expander-toggle=\"{\"><i class=\"a-icon a-icon-extender-expand\"><\/i><span class=\"a-expander-prompt\">Weitere Informationen<\/span><\/a> <\/div>\n<p>Ausgewogener Geschmack mit feiner S\u00e4ure<br \/>\nPerfekter Kaffeegenuss mit dem einzigartigen Verw\u00f6hnaroma<br \/>\nIdeal f\u00fcr Kaffeevollautomaten<br \/>\nGeeignet f\u00fcr die Zubereitung von Caffe Crema und Kaffeespezialit\u00e4ten wie Latte Macchiato oder Cappuccino.<br \/>\n1 x 1000g Packung<br \/>\n<div class=\"main-cross-sell\" data-asin=\"B002OEBMR0\">\n\n\t<div class=\"WooZone-cross-sell-loader\">\n\t\t<div>\n\t\t\t<div id=\"floatingBarsG\">\n\t\t\t\t<div class=\"blockG\" id=\"rotateG_01\"><\/div>\n\t\t\t\t<div class=\"blockG\" id=\"rotateG_02\"><\/div>\n\t\t\t\t<div class=\"blockG\" id=\"rotateG_03\"><\/div>\n\t\t\t\t<div class=\"blockG\" id=\"rotateG_04\"><\/div>\n\t\t\t\t<div class=\"blockG\" id=\"rotateG_05\"><\/div>\n\t\t\t\t<div class=\"blockG\" id=\"rotateG_06\"><\/div>\n\t\t\t\t<div class=\"blockG\" id=\"rotateG_07\"><\/div>\n\t\t\t\t<div class=\"blockG\" id=\"rotateG_08\"><\/div>\n\t\t\t<\/div>\n\t\t\t<div class=\"WooZone-cross-sell-loader-text\"><\/div>\n\t\t<\/div>\n\t<\/div>\n\n\t\t\n<\/div>\n<div style=\"clear:both;\"><\/div>\n","protected":false},"excerpt":{"rendered":"Ausgewogener Geschmack mit feiner S\u00e4ure\nPerfekter Kaffeegenuss mit dem einzigartigen Verw\u00f6hnaroma\nIdeal f\u00fcr Kaffeevollautomaten","protected":false},"featured_media":8335,"comment_status":"open","ping_status":"closed","template":"","meta":[],"product_cat":[65,63],"product_tag":[],"_links":{"self":[{"href":"https:\/\/food-shop.org\/index.php?rest_route=\/wp\/v2\/product\/8334"}],"collection":[{"href":"https:\/\/food-shop.org\/index.php?rest_route=\/wp\/v2\/product"}],"about":[{"href":"https:\/\/food-shop.org\/index.php?rest_route=\/wp\/v2\/types\/product"}],"replies":[{"embeddable":true,"href":"https:\/\/food-shop.org\/index.php?rest_route=%2Fwp%2Fv2%2Fcomments&post=8334"}],"wp:featuredmedia":[{"embeddable":true,"href":"https:\/\/food-shop.org\/index.php?rest_route=\/wp\/v2\/media\/8335"}],"wp:attachment":[{"href":"https:\/\/food-shop.org\/index.php?rest_route=%2Fwp%2Fv2%2Fmedia&parent=8334"}],"wp:term":[{"taxonomy":"product_cat","embeddable":true,"href":"https:\/\/food-shop.org\/index.php?rest_route=%2Fwp%2Fv2%2Fproduct_cat&post=8334"},{"taxonomy":"product_tag","embeddable":true,"href":"https:\/\/food-shop.org\/index.php?rest_route=%2Fwp%2Fv2%2Fproduct_tag&post=8334"}],"curies":[{"name":"wp","href":"https:\/\/api.w.org\/{rel}","templated":true}]}}