{"id":8326,"date":"2020-08-31T15:02:50","date_gmt":"2020-08-31T15:02:50","guid":{"rendered":"https:\/\/food-shop.org\/?product=der-franz-crema-kaffee-utz-ganze-bohne-1000-g"},"modified":"2023-04-07T17:02:47","modified_gmt":"2023-04-07T17:02:47","slug":"der-franz-crema-kaffee-utz-ganze-bohne-1000-g","status":"publish","type":"product","link":"https:\/\/food-shop.org\/?product=der-franz-crema-kaffee-utz-ganze-bohne-1000-g","title":{"rendered":"Der-Franz Crema-Kaffee UTZ, ganze Bohne, 1000\u00a0g"},"content":{"rendered":"<div class=\"disclaim\"> Stil:<strong>ganze Bohne 1 kg<\/strong> <\/div>\n<p> <!-- show up to 2 reviews by default --> <\/p>\n<h3>Produktbeschreibung<\/h3>\n<p>Diese Mischung aus 100 % Arabica-Bohnen bietet Ihnen den authentischen Geschmack von Bohnen aus nur einem Anbaugebiet in den ber\u00fchmtesten Kaffeeanbaul\u00e4ndern der Welt. Schmecken Sie die Blumen \u00c4thiopiens, die H\u00fcgel von Honduras, die Berge Guatemalas und die einzigartige, fein abgestimmte Mischung aus Kaffee, S\u00e4ure und Aroma. <\/p>\n<h3>Inhaltsstoffe \/ Zutaten<\/h3>\n<p>100% Arabica, ger\u00f6stet, ganze Bohne <\/p>\n<p>Sorgf\u00e4ltig ausgew\u00e4hlte Hochland-Arabica-Kaffeebohnen (100 %) f\u00fcr einen leichten, fruchtigen Geschmack, ein perfektes Aroma und ausgewogene S\u00e4ure<br \/>\nDer-Franz Crema: ger\u00f6steter Kaffee in ganzen Bohnen; Intensit\u00e4t 4 von 5; R\u00f6stung 3 von 5; S\u00e4ure 2 von 5; perfekte Mischung f\u00fcr Espresso, Lungo oder Cappuccino<br \/>\nAlle unsere Kaffeevarianten haben UTZ-Zertifizierung als Teil der Rainforest Alliance, denn Nachhaltigkeit und verantwortungsvoller Umgang mit der Umwelt liegen uns am Herzen<br \/>\nSeit 1929 r\u00f6sten wir Kaffee mit Leidenschaft und nach fachkundiger Wiener Tradition; ein leichtes Aroma mit langsamer Trommelr\u00f6stung<br \/>\n<div class=\"main-cross-sell\" data-asin=\"B07YCLYYYV\">\n\n\t<div class=\"WooZone-cross-sell-loader\">\n\t\t<div>\n\t\t\t<div id=\"floatingBarsG\">\n\t\t\t\t<div class=\"blockG\" id=\"rotateG_01\"><\/div>\n\t\t\t\t<div class=\"blockG\" id=\"rotateG_02\"><\/div>\n\t\t\t\t<div class=\"blockG\" id=\"rotateG_03\"><\/div>\n\t\t\t\t<div class=\"blockG\" id=\"rotateG_04\"><\/div>\n\t\t\t\t<div class=\"blockG\" id=\"rotateG_05\"><\/div>\n\t\t\t\t<div class=\"blockG\" id=\"rotateG_06\"><\/div>\n\t\t\t\t<div class=\"blockG\" id=\"rotateG_07\"><\/div>\n\t\t\t\t<div class=\"blockG\" id=\"rotateG_08\"><\/div>\n\t\t\t<\/div>\n\t\t\t<div class=\"WooZone-cross-sell-loader-text\"><\/div>\n\t\t<\/div>\n\t<\/div>\n\n\t\t\n<\/div>\n<div style=\"clear:both;\"><\/div>\n","protected":false},"excerpt":{"rendered":"Sorgf\u00e4ltig ausgew\u00e4hlte Hochland-Arabica-Kaffeebohnen (100 %) f\u00fcr einen leichten, fruchtigen Geschmack, ein perfektes Aroma und ausgewogene S\u00e4ure\nDer-Franz Crema: ger\u00f6steter Kaffee in ganzen Bohnen; Intensit\u00e4t 4 von 5; R\u00f6stung 3 von 5; S\u00e4ure 2 von 5; perfekte Mischung f\u00fcr Espresso, Lungo oder Cappuccino\nAlle unsere Kaffeevarianten haben UTZ-Zertifizierung als Teil der Rainforest Alliance, denn Nachhaltigkeit und verantwortungsvoller Umgang mit der Umwelt liegen uns am Herzen","protected":false},"featured_media":8327,"comment_status":"open","ping_status":"closed","template":"","meta":[],"product_cat":[65,63],"product_tag":[],"_links":{"self":[{"href":"https:\/\/food-shop.org\/index.php?rest_route=\/wp\/v2\/product\/8326"}],"collection":[{"href":"https:\/\/food-shop.org\/index.php?rest_route=\/wp\/v2\/product"}],"about":[{"href":"https:\/\/food-shop.org\/index.php?rest_route=\/wp\/v2\/types\/product"}],"replies":[{"embeddable":true,"href":"https:\/\/food-shop.org\/index.php?rest_route=%2Fwp%2Fv2%2Fcomments&post=8326"}],"wp:featuredmedia":[{"embeddable":true,"href":"https:\/\/food-shop.org\/index.php?rest_route=\/wp\/v2\/media\/8327"}],"wp:attachment":[{"href":"https:\/\/food-shop.org\/index.php?rest_route=%2Fwp%2Fv2%2Fmedia&parent=8326"}],"wp:term":[{"taxonomy":"product_cat","embeddable":true,"href":"https:\/\/food-shop.org\/index.php?rest_route=%2Fwp%2Fv2%2Fproduct_cat&post=8326"},{"taxonomy":"product_tag","embeddable":true,"href":"https:\/\/food-shop.org\/index.php?rest_route=%2Fwp%2Fv2%2Fproduct_tag&post=8326"}],"curies":[{"name":"wp","href":"https:\/\/api.w.org\/{rel}","templated":true}]}}