{"id":8251,"date":"2020-08-31T15:02:15","date_gmt":"2020-08-31T15:02:15","guid":{"rendered":"https:\/\/food-shop.org\/?product=schreyoegg-kaffee-espresso-vending-1000g-bohnen"},"modified":"2023-04-07T17:02:46","modified_gmt":"2023-04-07T17:02:46","slug":"schreyoegg-kaffee-espresso-vending-1000g-bohnen","status":"publish","type":"product","link":"https:\/\/food-shop.org\/?product=schreyoegg-kaffee-espresso-vending-1000g-bohnen","title":{"rendered":"Schrey\u00f6gg Kaffee Espresso &#8211; Vending, 1000g Bohnen"},"content":{"rendered":"<p><!-- show up to 2 reviews by default --> <\/p>\n<h3>Produktbeschreibung<\/h3>\n<p>Der Schrey\u00f6gg Sch\u00fcmli Cafe Creme ist etwas heller als die traditionellen Espressomischungen ger\u00f6stet und zeichnet sich vor allem durch seinen weichen, milden und aromatischen Geschmack aus. Ein ausgezeichneter Kaffee, perfekt von Espresso bis hin zur langen Tasse. Die Philosophie der R\u00f6sterei Schreyoegg aus Rabland ist so einfach wie gut. Kaffee genie\u00dft oberste Priorit\u00e4t und mit hoher Wertsch\u00f6pfung be- und verarbeitet. Alle verwendeten Rohkaffee werden in Anbetracht der perfekten Harmonie der einzelnen Bohnenvariet\u00e4ten zueinander sorgf\u00e4ltig ausgew\u00e4hlt und schonend im traditionellen Langzeitr\u00f6stverfahren ger\u00f6stet. Durch die Verfahren einer optimalen R\u00f6stung beh\u00e4lt jede Bohnenmischung, auch Blend genannt, ihr individuelles Aroma und Geschmack. Caffe Schrey\u00f6gg garantiert mit ihrem Namen f\u00fcr optimale Qualit\u00e4t. Der Schrey\u00f6gg Vending weist eine mittelhelle R\u00f6stung auf und zeichnet sich durch sein feinw\u00fcrziges vollmundiges Aroma mit ausgepr\u00e4gtem Geschmack aus. Die Bohnenauswahl wurde so getroffen, dass sich dieser Schreogg Vending f\u00fcr nahezu alle Anwendungsm\u00f6glichkeiten eignet. Zar fehlt im dadurch ein wenig an Individualit\u00e4t, bietet aber dennoch als Einsteigerkaffee f\u00fcr alle, die Ihre Kaffeemarke noch nicht gefunden haben einen guten Einstieg. In nahezu allen Kaffee Vollautomaten mit perfekter Anwendung, als Filterkaffee nicht zu empfehlen. <\/p>\n<h3>Inhaltsstoffe \/ Zutaten<\/h3>\n<p>90% Arabica Kaffeebohnen, 10% Robusta Kaffeebohnen <\/p>\n<div data-a-expander-name=\"toggle_description\" class=\"a-row a-expander-container a-expander-extend-container\">\n<div class=\"a-expander-content a-expander-extend-content\">\n<h3>Gebrauchsanweisung<\/h3>\n<p>F\u00fcr Kaffee Vollautomaten <\/p>\n<\/p><\/div>\n<p> <a href=\"void(0)\" data-action=\"a-expander-toggle\" class=\"a-expander-header a-declarative a-expander-extend-header\" data-a-expander-toggle=\"{\"><i class=\"a-icon a-icon-extender-expand\"><\/i><span class=\"a-expander-prompt\">Weitere Informationen<\/span><\/a> <\/div>\n<p>Kaffee in Bohnen<br \/>\n90% Arabica Kaffeebohnen, 10% Robusta Kaffeebohnen<br \/>\n<div class=\"main-cross-sell\" data-asin=\"B000FWHWD6\">\n\n\t<div class=\"WooZone-cross-sell-loader\">\n\t\t<div>\n\t\t\t<div id=\"floatingBarsG\">\n\t\t\t\t<div class=\"blockG\" id=\"rotateG_01\"><\/div>\n\t\t\t\t<div class=\"blockG\" id=\"rotateG_02\"><\/div>\n\t\t\t\t<div class=\"blockG\" id=\"rotateG_03\"><\/div>\n\t\t\t\t<div class=\"blockG\" id=\"rotateG_04\"><\/div>\n\t\t\t\t<div class=\"blockG\" id=\"rotateG_05\"><\/div>\n\t\t\t\t<div class=\"blockG\" id=\"rotateG_06\"><\/div>\n\t\t\t\t<div class=\"blockG\" id=\"rotateG_07\"><\/div>\n\t\t\t\t<div class=\"blockG\" id=\"rotateG_08\"><\/div>\n\t\t\t<\/div>\n\t\t\t<div class=\"WooZone-cross-sell-loader-text\"><\/div>\n\t\t<\/div>\n\t<\/div>\n\n\t\t\n<\/div>\n<div style=\"clear:both;\"><\/div>\n","protected":false},"excerpt":{"rendered":"Kaffee in Bohnen\n90% Arabica Kaffeebohnen, 10% Robusta Kaffeebohnen","protected":false},"featured_media":8252,"comment_status":"open","ping_status":"closed","template":"","meta":[],"product_cat":[65,63],"product_tag":[],"_links":{"self":[{"href":"https:\/\/food-shop.org\/index.php?rest_route=\/wp\/v2\/product\/8251"}],"collection":[{"href":"https:\/\/food-shop.org\/index.php?rest_route=\/wp\/v2\/product"}],"about":[{"href":"https:\/\/food-shop.org\/index.php?rest_route=\/wp\/v2\/types\/product"}],"replies":[{"embeddable":true,"href":"https:\/\/food-shop.org\/index.php?rest_route=%2Fwp%2Fv2%2Fcomments&post=8251"}],"wp:featuredmedia":[{"embeddable":true,"href":"https:\/\/food-shop.org\/index.php?rest_route=\/wp\/v2\/media\/8252"}],"wp:attachment":[{"href":"https:\/\/food-shop.org\/index.php?rest_route=%2Fwp%2Fv2%2Fmedia&parent=8251"}],"wp:term":[{"taxonomy":"product_cat","embeddable":true,"href":"https:\/\/food-shop.org\/index.php?rest_route=%2Fwp%2Fv2%2Fproduct_cat&post=8251"},{"taxonomy":"product_tag","embeddable":true,"href":"https:\/\/food-shop.org\/index.php?rest_route=%2Fwp%2Fv2%2Fproduct_tag&post=8251"}],"curies":[{"name":"wp","href":"https:\/\/api.w.org\/{rel}","templated":true}]}}