{"id":8227,"date":"2020-08-31T14:57:21","date_gmt":"2020-08-31T14:57:21","guid":{"rendered":"https:\/\/food-shop.org\/?product=lavazza-kaffeebohnen-caffe-crema-classico-1kg"},"modified":"2023-04-07T17:02:45","modified_gmt":"2023-04-07T17:02:45","slug":"lavazza-kaffeebohnen-caffe-crema-classico-1kg","status":"publish","type":"product","link":"https:\/\/food-shop.org\/?product=lavazza-kaffeebohnen-caffe-crema-classico-1kg","title":{"rendered":"Lavazza, Caff\u00e8 Crema Classico, Arabica &amp; Robusta Kaffeebohnen, Ideal f\u00fcr Espressomaschinen, mit Aromanoten von\u2026"},"content":{"rendered":"<div class=\"disclaim\"> Gr\u00f6\u00dfe:<strong>1 kg (1er Pack)<\/strong> <\/div>\n<p> <!-- show up to 2 reviews by default --> <\/p>\n<h3>Produktbeschreibung<\/h3>\n<p>Caff\u00e8 Crema Classico: Lavazzas jahrelange Expertise und Leidenschaft lassen uns w\u00fcrzige Arabica- und milde Robusta-Bohnen w\u00e4hlen, um Caff\u00e8 Crema Classico zu kreieren. Damit schafft man ein reiches Trockenfrucht-Aroma, einen runden K\u00f6rper und einen milden Geschmack. Caff\u00e8 Crema Classico: Zubereitung mit einer Espressomaschine, Filterkaffeemaschine oder einer French Press. Mahlen Sie diese Bohnen weder zu fein noch zu grob, um jedes Mal die perfekte Tasse Kaffee zu genie\u00dfen. <\/p>\n<h3>Inhaltsstoffe \/ Zutaten<\/h3>\n<p>70% Arabica &amp; 30% Robusta <\/p>\n<div data-a-expander-name=\"toggle_description\" class=\"a-row a-expander-container a-expander-extend-container\">\n<div class=\"a-expander-content a-expander-extend-content\">\n<h3>Gebrauchsanweisung<\/h3>\n<p>ideal f\u00fcr Kaffee-Vollautomaten \/ nach dem Mahlen geeignet f\u00fcr alle Arten von Espresso- und Filtermaschinen <\/p>\n<h3>Rechtliche Hinweise<\/h3>\n<p>Die Kaffeesteuer von 2,19 Euro pro Kilo ist entrichtet. <\/p>\n<h3>Anschrift Hersteller\/Importeur<\/h3>\n<p>C. SO NOVARA, 59- 10154 TORINO &#8211; ITALIA <\/p>\n<\/p><\/div>\n<p> <a href=\"void(0)\" data-action=\"a-expander-toggle\" class=\"a-expander-header a-declarative a-expander-extend-header\" data-a-expander-toggle=\"{\"><i class=\"a-icon a-icon-extender-expand\"><\/i><span class=\"a-expander-prompt\">Weitere Informationen<\/span><\/a> <\/div>\n<p>Neue Verpackung, gleicher Ihhalt. Lavazzas jahrelange Expertise und Leidenschaft lassen uns w\u00fcrzige Arabica- und milde Robusta-Bohnen w\u00e4hlen, um Caff\u00e8 Crema Classico zu kreieren.<br \/>\nDamit schafft man ein reiches Trockenfrucht-Aroma, einen runden K\u00f6rper und einen milden Geschmack.<br \/>\nArabica und Robusta<br \/>\nAussehen:Goldene Crema und eine warme Farbe, Aroma: Noten von Trockenfr\u00fcchten, Geschmack: Delikat<br \/>\n1er Pack, 1 kg<br \/>\n<div class=\"main-cross-sell\" data-asin=\"B000LXZSB2\">\n\n\t<div class=\"WooZone-cross-sell-loader\">\n\t\t<div>\n\t\t\t<div id=\"floatingBarsG\">\n\t\t\t\t<div class=\"blockG\" id=\"rotateG_01\"><\/div>\n\t\t\t\t<div class=\"blockG\" id=\"rotateG_02\"><\/div>\n\t\t\t\t<div class=\"blockG\" id=\"rotateG_03\"><\/div>\n\t\t\t\t<div class=\"blockG\" id=\"rotateG_04\"><\/div>\n\t\t\t\t<div class=\"blockG\" id=\"rotateG_05\"><\/div>\n\t\t\t\t<div class=\"blockG\" id=\"rotateG_06\"><\/div>\n\t\t\t\t<div class=\"blockG\" id=\"rotateG_07\"><\/div>\n\t\t\t\t<div class=\"blockG\" id=\"rotateG_08\"><\/div>\n\t\t\t<\/div>\n\t\t\t<div class=\"WooZone-cross-sell-loader-text\"><\/div>\n\t\t<\/div>\n\t<\/div>\n\n\t\t\n<\/div>\n<div style=\"clear:both;\"><\/div>\n","protected":false},"excerpt":{"rendered":"Neue Verpackung, gleicher Ihhalt. Lavazzas jahrelange Expertise und Leidenschaft lassen uns w\u00fcrzige Arabica- und milde Robusta-Bohnen w\u00e4hlen, um Caff\u00e8 Crema Classico zu kreieren.\nDamit schafft man ein reiches Trockenfrucht-Aroma, einen runden K\u00f6rper und einen milden Geschmack.\nArabica und Robusta","protected":false},"featured_media":8228,"comment_status":"open","ping_status":"closed","template":"","meta":[],"product_cat":[65,63],"product_tag":[],"_links":{"self":[{"href":"https:\/\/food-shop.org\/index.php?rest_route=\/wp\/v2\/product\/8227"}],"collection":[{"href":"https:\/\/food-shop.org\/index.php?rest_route=\/wp\/v2\/product"}],"about":[{"href":"https:\/\/food-shop.org\/index.php?rest_route=\/wp\/v2\/types\/product"}],"replies":[{"embeddable":true,"href":"https:\/\/food-shop.org\/index.php?rest_route=%2Fwp%2Fv2%2Fcomments&post=8227"}],"wp:featuredmedia":[{"embeddable":true,"href":"https:\/\/food-shop.org\/index.php?rest_route=\/wp\/v2\/media\/8228"}],"wp:attachment":[{"href":"https:\/\/food-shop.org\/index.php?rest_route=%2Fwp%2Fv2%2Fmedia&parent=8227"}],"wp:term":[{"taxonomy":"product_cat","embeddable":true,"href":"https:\/\/food-shop.org\/index.php?rest_route=%2Fwp%2Fv2%2Fproduct_cat&post=8227"},{"taxonomy":"product_tag","embeddable":true,"href":"https:\/\/food-shop.org\/index.php?rest_route=%2Fwp%2Fv2%2Fproduct_tag&post=8227"}],"curies":[{"name":"wp","href":"https:\/\/api.w.org\/{rel}","templated":true}]}}