{"id":8219,"date":"2020-08-31T14:57:17","date_gmt":"2020-08-31T14:57:17","guid":{"rendered":"https:\/\/food-shop.org\/?product=schwiizer-schueuemli-crema-ganze-kaffeebohnen-staerkegrad-3-5-premium-arabica-1kg"},"modified":"2023-04-07T17:02:45","modified_gmt":"2023-04-07T17:02:45","slug":"schwiizer-schueuemli-crema-ganze-kaffeebohnen-staerkegrad-3-5-premium-arabica-1kg","status":"publish","type":"product","link":"https:\/\/food-shop.org\/?product=schwiizer-schueuemli-crema-ganze-kaffeebohnen-staerkegrad-3-5-premium-arabica-1kg","title":{"rendered":"Schwiizer Sch\u00fc\u00fcmli Crema Ganze Kaffeebohnen 1kg &#8211; Intensit\u00e4t 3\/5 &#8211; UTZ-zertifiziert"},"content":{"rendered":"<p><!-- show up to 2 reviews by default --> <\/p>\n<p>100% ARABICA: Die Qualit\u00e4t unserer R\u00f6stkafee liegt uns sehr am Herzen. Unsere ger\u00f6steten Kaffeebohnen sind 100% edle Arabicas aus Mittel- und S\u00fcdamerika, Afrika und Asien und \u00fcberzeugen durch einen aromatischen Geschmack &#8211; ein echter Genuss f\u00fcr die Sinne. UMWELTFREUNDLICH: Wir legen gro\u00dfen Wert auf soziale, \u00f6kologische und \u00f6konomische Qualit\u00e4t. Unsere Kaffee ist UTZ zertifiziert. TIPPS: Diese Arabicabohnen-Mischung eignet sich besonders gut f\u00fcr Vollautomaten, Kolbenmaschinen sowie klassischen Filteraufguss. <\/p>\n<p>Schwiizer Sch\u00fc\u00fcmli Crema: Edle Mischung aus hochwertigen Arabicabohnen. Eine ausgewogene, w\u00fcrzig-beerige Aroma und eine feine, k\u00f6stliche Crema zeichnen diesen Kaffee aus<br \/>\nUmweltfreundlich: Unserer Bohnenkaffee ist UTZ-zertifiziert. Wir setzten uns f\u00fcr eine verantwortungsbewusste, umweltfreundliche Kaffeeproduktion ein<br \/>\nDein Kaffee im Detail: R\u00f6stkaffee in ganzen Bohnen &#8211; Verpackung 1 kg &#8211; Intensit\u00e4t 3 von 5 &#8211; 100 Prozent Arabica &#8211; Empfohlene Tassengr\u00f6sse: 120 ml Lungo<br \/>\nKompatibilit\u00e4t: Ideal f\u00fcr Vollautomaten mit integriertem Mahlwerk, Espresso-Kolbenmaschine und klassischen Filteraufguss<br \/>\nSchweizer Premiumkaffee: Unsere Leidenschaft sind hochwertige Kaffeeprodukte. Wir beschaffen, veredeln und verpacken Kaffee seit 1954<br \/>\n<div class=\"main-cross-sell\" data-asin=\"B006G0EV6C\">\n\n\t<div class=\"WooZone-cross-sell-loader\">\n\t\t<div>\n\t\t\t<div id=\"floatingBarsG\">\n\t\t\t\t<div class=\"blockG\" id=\"rotateG_01\"><\/div>\n\t\t\t\t<div class=\"blockG\" id=\"rotateG_02\"><\/div>\n\t\t\t\t<div class=\"blockG\" id=\"rotateG_03\"><\/div>\n\t\t\t\t<div class=\"blockG\" id=\"rotateG_04\"><\/div>\n\t\t\t\t<div class=\"blockG\" id=\"rotateG_05\"><\/div>\n\t\t\t\t<div class=\"blockG\" id=\"rotateG_06\"><\/div>\n\t\t\t\t<div class=\"blockG\" id=\"rotateG_07\"><\/div>\n\t\t\t\t<div class=\"blockG\" id=\"rotateG_08\"><\/div>\n\t\t\t<\/div>\n\t\t\t<div class=\"WooZone-cross-sell-loader-text\"><\/div>\n\t\t<\/div>\n\t<\/div>\n\n\t\t\n<\/div>\n<div style=\"clear:both;\"><\/div>\n","protected":false},"excerpt":{"rendered":"Schwiizer Sch\u00fc\u00fcmli Crema: Edle Mischung aus hochwertigen Arabicabohnen. Eine ausgewogene, w\u00fcrzig-beerige Aroma und eine feine, k\u00f6stliche Crema zeichnen diesen Kaffee aus\nUmweltfreundlich: Unserer Bohnenkaffee ist UTZ-zertifiziert. Wir setzten uns f\u00fcr eine verantwortungsbewusste, umweltfreundliche Kaffeeproduktion ein\nDein Kaffee im Detail: R\u00f6stkaffee in ganzen Bohnen - Verpackung 1 kg - Intensit\u00e4t 3 von 5 - 100 Prozent Arabica - Empfohlene Tassengr\u00f6sse: 120 ml Lungo","protected":false},"featured_media":8220,"comment_status":"open","ping_status":"closed","template":"","meta":[],"product_cat":[65,63],"product_tag":[],"_links":{"self":[{"href":"https:\/\/food-shop.org\/index.php?rest_route=\/wp\/v2\/product\/8219"}],"collection":[{"href":"https:\/\/food-shop.org\/index.php?rest_route=\/wp\/v2\/product"}],"about":[{"href":"https:\/\/food-shop.org\/index.php?rest_route=\/wp\/v2\/types\/product"}],"replies":[{"embeddable":true,"href":"https:\/\/food-shop.org\/index.php?rest_route=%2Fwp%2Fv2%2Fcomments&post=8219"}],"wp:featuredmedia":[{"embeddable":true,"href":"https:\/\/food-shop.org\/index.php?rest_route=\/wp\/v2\/media\/8220"}],"wp:attachment":[{"href":"https:\/\/food-shop.org\/index.php?rest_route=%2Fwp%2Fv2%2Fmedia&parent=8219"}],"wp:term":[{"taxonomy":"product_cat","embeddable":true,"href":"https:\/\/food-shop.org\/index.php?rest_route=%2Fwp%2Fv2%2Fproduct_cat&post=8219"},{"taxonomy":"product_tag","embeddable":true,"href":"https:\/\/food-shop.org\/index.php?rest_route=%2Fwp%2Fv2%2Fproduct_tag&post=8219"}],"curies":[{"name":"wp","href":"https:\/\/api.w.org\/{rel}","templated":true}]}}