{"id":8203,"date":"2020-08-31T14:57:10","date_gmt":"2020-08-31T14:57:10","guid":{"rendered":"https:\/\/food-shop.org\/?product=jacobs-kaffeebohnen-barista-editions-crema-1-kg-bohnenkaffee"},"modified":"2023-04-07T17:02:45","modified_gmt":"2023-04-07T17:02:45","slug":"jacobs-kaffeebohnen-barista-editions-crema-1-kg-bohnenkaffee","status":"publish","type":"product","link":"https:\/\/food-shop.org\/?product=jacobs-kaffeebohnen-barista-editions-crema-1-kg-bohnenkaffee","title":{"rendered":"Jacobs Kaffeebohnen Barista Editions Crema, 1kg , 1er Pack"},"content":{"rendered":"<p><!-- show up to 2 reviews by default --> <\/p>\n<h3>Produktbeschreibung<\/h3>\n<p>Product description Discover now the Jacobs Barista Editions &#8211; coffee inspired by the barista. Do you love Caff\u00e8 Crema, Caff\u00e8 Latte or Caf\u00e9 au lait? Then get to know our Jacobs Barista Editions Crema &#8211; a balanced blend of the best growing areas in the world. <\/p>\n<h3>Inhaltsstoffe \/ Zutaten<\/h3>\n<p>100% R\u00f6stkaffee <\/p>\n<div data-a-expander-name=\"toggle_description\" class=\"a-row a-expander-container a-expander-extend-container\">\n<div class=\"a-expander-content a-expander-extend-content\">\n<h3>Gebrauchsanweisung<\/h3>\n<p>Zubereitung: Mit Kaffeevollautomat, Siebtr\u00e4ger oder French Press. <\/p>\n<h3>Warnhinweise<\/h3>\n<p>keine <\/p>\n<h3>Anschrift Hersteller\/Importeur<\/h3>\n<p>Oosterdoksstraat 80, NL-1011 DK Amsterdam # Langemarckstra\u00dfe 4-20, D-28199 Bremen <\/p>\n<\/p><\/div>\n<p> <a href=\"void(0)\" data-action=\"a-expander-toggle\" class=\"a-expander-header a-declarative a-expander-extend-header\" data-a-expander-toggle=\"{\"><i class=\"a-icon a-icon-extender-expand\"><\/i><span class=\"a-expander-prompt\">Weitere Informationen<\/span><\/a> <\/div>\n<p>Kaffee vom Barista inspiriert: hochwertige Mischung aus den besten Anbaugebieten der Welt.<br \/>\nSanfter und ausgewogener Geschmack mit einem Hauch Zitrus- ideal f\u00fcr die Zubereitung mit Kaffeevollautomat, Siebtr\u00e4ger oder French Press.<br \/>\nSorgf\u00e4ltig und schonend im Trommelr\u00f6ster ger\u00f6stet<br \/>\nErste Wahl f\u00fcr Caff\u00e8 Crema, Caff\u00e8 Latte oder Caf\u00e9 au lait<br \/>\nLieferumfang 1x 1000g Packung<br \/>\n<div class=\"main-cross-sell\" data-asin=\"B079VXVMPN\">\n\n\t<div class=\"WooZone-cross-sell-loader\">\n\t\t<div>\n\t\t\t<div id=\"floatingBarsG\">\n\t\t\t\t<div class=\"blockG\" id=\"rotateG_01\"><\/div>\n\t\t\t\t<div class=\"blockG\" id=\"rotateG_02\"><\/div>\n\t\t\t\t<div class=\"blockG\" id=\"rotateG_03\"><\/div>\n\t\t\t\t<div class=\"blockG\" id=\"rotateG_04\"><\/div>\n\t\t\t\t<div class=\"blockG\" id=\"rotateG_05\"><\/div>\n\t\t\t\t<div class=\"blockG\" id=\"rotateG_06\"><\/div>\n\t\t\t\t<div class=\"blockG\" id=\"rotateG_07\"><\/div>\n\t\t\t\t<div class=\"blockG\" id=\"rotateG_08\"><\/div>\n\t\t\t<\/div>\n\t\t\t<div class=\"WooZone-cross-sell-loader-text\"><\/div>\n\t\t<\/div>\n\t<\/div>\n\n\t\t\n<\/div>\n<div style=\"clear:both;\"><\/div>\n","protected":false},"excerpt":{"rendered":"Kaffee vom Barista inspiriert: hochwertige Mischung aus den besten Anbaugebieten der Welt.\nSanfter und ausgewogener Geschmack mit einem Hauch Zitrus- ideal f\u00fcr die Zubereitung mit Kaffeevollautomat, Siebtr\u00e4ger oder French Press.\nSorgf\u00e4ltig und schonend im Trommelr\u00f6ster ger\u00f6stet","protected":false},"featured_media":8204,"comment_status":"open","ping_status":"closed","template":"","meta":[],"product_cat":[65,63],"product_tag":[],"_links":{"self":[{"href":"https:\/\/food-shop.org\/index.php?rest_route=\/wp\/v2\/product\/8203"}],"collection":[{"href":"https:\/\/food-shop.org\/index.php?rest_route=\/wp\/v2\/product"}],"about":[{"href":"https:\/\/food-shop.org\/index.php?rest_route=\/wp\/v2\/types\/product"}],"replies":[{"embeddable":true,"href":"https:\/\/food-shop.org\/index.php?rest_route=%2Fwp%2Fv2%2Fcomments&post=8203"}],"wp:featuredmedia":[{"embeddable":true,"href":"https:\/\/food-shop.org\/index.php?rest_route=\/wp\/v2\/media\/8204"}],"wp:attachment":[{"href":"https:\/\/food-shop.org\/index.php?rest_route=%2Fwp%2Fv2%2Fmedia&parent=8203"}],"wp:term":[{"taxonomy":"product_cat","embeddable":true,"href":"https:\/\/food-shop.org\/index.php?rest_route=%2Fwp%2Fv2%2Fproduct_cat&post=8203"},{"taxonomy":"product_tag","embeddable":true,"href":"https:\/\/food-shop.org\/index.php?rest_route=%2Fwp%2Fv2%2Fproduct_tag&post=8203"}],"curies":[{"name":"wp","href":"https:\/\/api.w.org\/{rel}","templated":true}]}}