{"id":8169,"date":"2020-08-31T14:56:56","date_gmt":"2020-08-31T14:56:56","guid":{"rendered":"https:\/\/food-shop.org\/?product=moevenpick-kaffee-ganze-bohne-12er-pack-12-x-500-g"},"modified":"2023-04-05T16:30:55","modified_gmt":"2023-04-05T16:30:55","slug":"moevenpick-kaffee-ganze-bohne-12er-pack-12-x-500-g","status":"publish","type":"product","link":"https:\/\/food-shop.org\/?product=moevenpick-kaffee-ganze-bohne-12er-pack-12-x-500-g","title":{"rendered":"M\u00f6venpick Kaffee Ganze Bohne, 12er Pack (12 x 500 g)"},"content":{"rendered":"<p><!-- show up to 2 reviews by default --> <\/p>\n<h3>Produktbeschreibung<\/h3>\n<\/p>\n<p><strong>M\u00f6venpick Der Himmlische aromatisch &amp; ausgewogen<\/strong><\/p>\n<p>Edle Kaffeebohnen, verlesen aus den besten Anbaugebieten , geben die Grundlage f\u00fcr diesen aromatisch ausgewogenen Kaffee. Fein und sinnlich, ein wahrer Genuss zu jeder Tageszeit<\/p>\n<p>Die spezielle Charakteristik dieses M\u00f6venpick Kaffees ensteht unter anderem durch die Selection ausgew\u00e4hlter indischer Hochlandkaffees.<\/p>\n<p>F\u00fcr alle handels\u00fcblichen Kaffee-Vollautomaten geeignet.<\/p>\n<p>Ausgesuchte, erstklassige Arabica-Kaffeebohnen, die sich \u00fcber ihr besonderes reichhaltiges Aroma unterscheiden, werden aus speziell definierten Provenenzien der besten Kaffeeanbaul\u00e4nder von erfahrenen Experten zusammengestellt. Bei der R\u00f6stung wird \u00fcber die sorgf\u00e4ltige Temperatur- und Prozesskontrolle ein H\u00f6chstma\u00df an Qualit\u00e4t und Aromaschutz erreicht.<\/p>\n<\/p>\n<h3>Anschrift Hersteller\/Importeur<\/h3>\n<p>22113 Hamburg <\/p>\n<div class=\"main-cross-sell\" data-asin=\"B00CL6RKJA\">\n\n\t<div class=\"WooZone-cross-sell-loader\">\n\t\t<div>\n\t\t\t<div id=\"floatingBarsG\">\n\t\t\t\t<div class=\"blockG\" id=\"rotateG_01\"><\/div>\n\t\t\t\t<div class=\"blockG\" id=\"rotateG_02\"><\/div>\n\t\t\t\t<div class=\"blockG\" id=\"rotateG_03\"><\/div>\n\t\t\t\t<div class=\"blockG\" id=\"rotateG_04\"><\/div>\n\t\t\t\t<div class=\"blockG\" id=\"rotateG_05\"><\/div>\n\t\t\t\t<div class=\"blockG\" id=\"rotateG_06\"><\/div>\n\t\t\t\t<div class=\"blockG\" id=\"rotateG_07\"><\/div>\n\t\t\t\t<div class=\"blockG\" id=\"rotateG_08\"><\/div>\n\t\t\t<\/div>\n\t\t\t<div class=\"WooZone-cross-sell-loader-text\"><\/div>\n\t\t<\/div>\n\t<\/div>\n\n\t\t\n<\/div>\n<div style=\"clear:both;\"><\/div>\n","protected":false},"excerpt":{"rendered":"Produktbeschreibung M\u00f6venpick Der Himmlische aromatisch &amp; ausgewogen Edle Kaffeebohnen, verlesen aus den besten Anbaugebieten , geben die Grundlage f\u00fcr diesen aromatisch ausgewogenen Kaffee. Fein und sinnlich, ein wahrer Genuss zu jeder Tageszeit Die spezielle Charakteristik dieses M\u00f6venpick Kaffees ensteht unter anderem durch die Selection ausgew\u00e4hlter indischer Hochlandkaffees. F\u00fcr alle handels\u00fcblichen Kaffee-Vollautomaten geeignet. Ausgesuchte, erstklassige Arabica-Kaffeebohnen, [...]","protected":false},"featured_media":8170,"comment_status":"open","ping_status":"closed","template":"","meta":[],"product_cat":[65,63],"product_tag":[],"_links":{"self":[{"href":"https:\/\/food-shop.org\/index.php?rest_route=\/wp\/v2\/product\/8169"}],"collection":[{"href":"https:\/\/food-shop.org\/index.php?rest_route=\/wp\/v2\/product"}],"about":[{"href":"https:\/\/food-shop.org\/index.php?rest_route=\/wp\/v2\/types\/product"}],"replies":[{"embeddable":true,"href":"https:\/\/food-shop.org\/index.php?rest_route=%2Fwp%2Fv2%2Fcomments&post=8169"}],"wp:featuredmedia":[{"embeddable":true,"href":"https:\/\/food-shop.org\/index.php?rest_route=\/wp\/v2\/media\/8170"}],"wp:attachment":[{"href":"https:\/\/food-shop.org\/index.php?rest_route=%2Fwp%2Fv2%2Fmedia&parent=8169"}],"wp:term":[{"taxonomy":"product_cat","embeddable":true,"href":"https:\/\/food-shop.org\/index.php?rest_route=%2Fwp%2Fv2%2Fproduct_cat&post=8169"},{"taxonomy":"product_tag","embeddable":true,"href":"https:\/\/food-shop.org\/index.php?rest_route=%2Fwp%2Fv2%2Fproduct_tag&post=8169"}],"curies":[{"name":"wp","href":"https:\/\/api.w.org\/{rel}","templated":true}]}}