{"id":8165,"date":"2020-08-31T14:56:53","date_gmt":"2020-08-31T14:56:53","guid":{"rendered":"https:\/\/food-shop.org\/?product=my-coffeecup-mega-box-espresso-fortissimo-bio-kaffee-i-100-kaffeekapseln-fuer-nespresso-kapselmaschinen-i-100-industriell-kompostierbare-kaffeekapseln-0-alu-i-nach"},"modified":"2023-04-05T16:30:55","modified_gmt":"2023-04-05T16:30:55","slug":"my-coffeecup-mega-box-espresso-fortissimo-bio-kaffee-i-100-kaffeekapseln-fuer-nespresso-kapselmaschinen-i-100-industriell-kompostierbare-kaffeekapseln-0-alu-i-nach","status":"publish","type":"product","link":"https:\/\/food-shop.org\/?product=my-coffeecup-mega-box-espresso-fortissimo-bio-kaffee-i-100-kaffeekapseln-fuer-nespresso-kapselmaschinen-i-100-industriell-kompostierbare-kaffeekapseln-0-alu-i-nach","title":{"rendered":"My Coffee Cup \u2013 MEGA BOX ESPRESSO FORTISSIMO \u2013 BIO-KAFFEE I 100 Kaffeekapseln f\u00fcr Nespresso\u00ae\u00b3-Kapselmaschinen I 100\u2026"},"content":{"rendered":"<p>ESPRESSO FORTISSIMO: Der starke BIO-Espresso entfaltet seine 100% BIO-Arabica Qualit\u00e4t mit kr\u00e4ftigem Geschmack, hoher Intensit\u00e4t &amp; wenig S\u00e4ure. Entdecke die Harmonie ausgew\u00e4hlter BIO-Kaffees aus Honduras, Guatemala &amp; Peru. Intensit\u00e4t: 8\/10.<br \/>\nAROMA &amp; R\u00d6STUNG: Sein voller K\u00f6rper wird gepr\u00e4gt durch bitterschokoladenartige Aromen, einer cremig-sahnige Note &amp; Ankl\u00e4ngen von Malz. Unser Espresso ist, wie all unsere Kaffeesorten, schonend ger\u00f6stet!<br \/>\n100% BIO-KAFFEE: Verf\u00fchre Deine Sinne mit einem vollmundigen BIO-Kaffeeerlebnis. Verwendbar als Nespresso* Kapseln f\u00fcr alle g\u00e4ngigen Nespresso* Kaffeekapselmaschinen \/ Kapselhalter. Kaffeekapseln Nespresso* kompatibel.<br \/>\nNACHHALTIG: Unsere umweltfreundlichen, industriell kompostierbaren Kaffeekapseln ohne Aluminium bestehen \u00fcberwiegend aus biobasierten Rohstoffen (ca. 62%).<br \/>\nMy-CoffeeCup: Bedenkenloser Genuss Deines BIO-Kaffees! Der Umwelt zuliebe erh\u00e4ltst Du unseren k\u00f6stlichen Espresso Fortissimo in CO2-neutral*** produzierten Kaffee-Kapseln!<br \/>\n<div class=\"main-cross-sell\" data-asin=\"B083WJY9PM\">\n\n\t<div class=\"WooZone-cross-sell-loader\">\n\t\t<div>\n\t\t\t<div id=\"floatingBarsG\">\n\t\t\t\t<div class=\"blockG\" id=\"rotateG_01\"><\/div>\n\t\t\t\t<div class=\"blockG\" id=\"rotateG_02\"><\/div>\n\t\t\t\t<div class=\"blockG\" id=\"rotateG_03\"><\/div>\n\t\t\t\t<div class=\"blockG\" id=\"rotateG_04\"><\/div>\n\t\t\t\t<div class=\"blockG\" id=\"rotateG_05\"><\/div>\n\t\t\t\t<div class=\"blockG\" id=\"rotateG_06\"><\/div>\n\t\t\t\t<div class=\"blockG\" id=\"rotateG_07\"><\/div>\n\t\t\t\t<div class=\"blockG\" id=\"rotateG_08\"><\/div>\n\t\t\t<\/div>\n\t\t\t<div class=\"WooZone-cross-sell-loader-text\"><\/div>\n\t\t<\/div>\n\t<\/div>\n\n\t\t\n<\/div>\n<div style=\"clear:both;\"><\/div>\n","protected":false},"excerpt":{"rendered":"ESPRESSO FORTISSIMO: Der starke BIO-Espresso entfaltet seine 100% BIO-Arabica Qualit\u00e4t mit kr\u00e4ftigem Geschmack, hoher Intensit\u00e4t &amp; wenig S\u00e4ure. Entdecke die Harmonie ausgew\u00e4hlter BIO-Kaffees aus Honduras, Guatemala &amp; Peru. Intensit\u00e4t: 8\/10.\nAROMA &amp; R\u00d6STUNG: Sein voller K\u00f6rper wird gepr\u00e4gt durch bitterschokoladenartige Aromen, einer cremig-sahnige Note &amp; Ankl\u00e4ngen von Malz. Unser Espresso ist, wie all unsere Kaffeesorten, schonend ger\u00f6stet!\n100% BIO-KAFFEE: Verf\u00fchre Deine Sinne mit einem vollmundigen BIO-Kaffeeerlebnis. Verwendbar als Nespresso* Kapseln f\u00fcr alle g\u00e4ngigen Nespresso* Kaffeekapselmaschinen \/ Kapselhalter. Kaffeekapseln Nespresso* kompatibel.","protected":false},"featured_media":8166,"comment_status":"open","ping_status":"closed","template":"","meta":[],"product_cat":[65,63],"product_tag":[],"_links":{"self":[{"href":"https:\/\/food-shop.org\/index.php?rest_route=\/wp\/v2\/product\/8165"}],"collection":[{"href":"https:\/\/food-shop.org\/index.php?rest_route=\/wp\/v2\/product"}],"about":[{"href":"https:\/\/food-shop.org\/index.php?rest_route=\/wp\/v2\/types\/product"}],"replies":[{"embeddable":true,"href":"https:\/\/food-shop.org\/index.php?rest_route=%2Fwp%2Fv2%2Fcomments&post=8165"}],"wp:featuredmedia":[{"embeddable":true,"href":"https:\/\/food-shop.org\/index.php?rest_route=\/wp\/v2\/media\/8166"}],"wp:attachment":[{"href":"https:\/\/food-shop.org\/index.php?rest_route=%2Fwp%2Fv2%2Fmedia&parent=8165"}],"wp:term":[{"taxonomy":"product_cat","embeddable":true,"href":"https:\/\/food-shop.org\/index.php?rest_route=%2Fwp%2Fv2%2Fproduct_cat&post=8165"},{"taxonomy":"product_tag","embeddable":true,"href":"https:\/\/food-shop.org\/index.php?rest_route=%2Fwp%2Fv2%2Fproduct_tag&post=8165"}],"curies":[{"name":"wp","href":"https:\/\/api.w.org\/{rel}","templated":true}]}}