{"id":8155,"date":"2020-08-31T14:56:49","date_gmt":"2020-08-31T14:56:49","guid":{"rendered":"https:\/\/food-shop.org\/?product=joerges-gorilla-kaffeehaus-mischung-1-kg"},"modified":"2023-04-05T16:30:55","modified_gmt":"2023-04-05T16:30:55","slug":"joerges-gorilla-kaffeehaus-mischung-1-kg","status":"publish","type":"product","link":"https:\/\/food-shop.org\/?product=joerges-gorilla-kaffeehaus-mischung-1-kg","title":{"rendered":"Joerges Gorilla Kaffeehaus-Mischung, 1 kg (1er Pack)"},"content":{"rendered":"<p><!-- show up to 2 reviews by default --> <\/p>\n<h3>Produktbeschreibung<\/h3>\n<p>Gorilla Kaffeehaus-MischungEine Mischung verlesener Sorten, speziell ger\u00f6stet f\u00fcr den deutschen Geschmack. Ein voller K\u00f6rper, milder Geschmack und mit einer angenehmen Crema.R\u00f6stverfahren:Es gibt nichts Besseres als etwas Gutes. Deshalb machen wir sehr guten Kaffee. Wir legen gr\u00f6\u00dften Wert darauf, dass unser Kaffee von bester Qualit\u00e4t ist. Das beginnt mit den Bohnen: Wir verwenden fast nur Hochlandgew\u00e4chse, denn je h\u00f6her der Kaffee w\u00e4chst, desto besser ist er.Beim R\u00f6sten der Bohnen entscheidet sich dann, wie der Kaffee wird. Wir arbeiten mit der klassischen Manufakturr\u00f6stung und produzieren mit hochwertigen Maschinen, computergesteuert und von unseren fachkundigen R\u00f6stmeistern \u00fcberwacht.Mit der Trommelr\u00f6stmaschine werden die Bohnen zwischen 12 und 20 Minuten lang bei maximal 220 \u00b0C ger\u00f6stet. Durch dieses langsame und sehr schonende Verfahren kann sich das kostbare Aroma bestens entwickeln, der Kaffee verliert Bitterstoffe und ist besonders gut vertr\u00e4glich.Weil jede Bohnensorte ihre eigene optimale R\u00f6stzeit braucht, haben wir Mischanlagen, die eine sortenspezifische R\u00f6stung erm\u00f6glichen. Erst danach werden die einzelnen Mischungen erstellt. Dieser extra Arbeitsschritt lohnt sich \u2013 Sie merken es am guten Geschmack.In jedem unserer Kaffees steckt eine Menge Leidenschaft. Aber auch viel kreatives und handwerkliches \u201eGewusst, wie\u201c. Neues ausprobieren, auch mal ungew\u00f6hnliche Mischungen testen und ein reger Austausch mit unseren europaweiten Kunden \u2013 das alles f\u00fchrt bei uns immer wieder zu genussvollen Ergebnissen.&#8220; <\/p>\n<h3>Inhaltsstoffe \/ Zutaten<\/h3>\n<p>Kaffeebohnen, ganz <\/p>\n<div data-a-expander-name=\"toggle_description\" class=\"a-row a-expander-container a-expander-extend-container\">\n<div class=\"a-expander-content a-expander-extend-content\">\n<h3>Gebrauchsanweisung<\/h3>\n<p>Nach dem \u00d6ffnen in einem luftdichten, lichtundurchl\u00e4ssigen Beh\u00e4lter im K\u00fchlschrank aufbewahren. <\/p>\n<h3>Warnhinweise<\/h3>\n<p>Trocken lagern. <\/p>\n<h3>Anschrift Hersteller\/Importeur<\/h3>\n<p>Kaffeegro\u00dfr\u00f6sterei A. Joerges GmbHGesch\u00e4ftsf\u00fchrer: Peter H\u00fchsamRaiffeisenstra\u00dfe 10-12D 63179 Obertshausen <\/p>\n<\/p><\/div>\n<p> <a href=\"void(0)\" data-action=\"a-expander-toggle\" class=\"a-expander-header a-declarative a-expander-extend-header\" data-a-expander-toggle=\"{\"><i class=\"a-icon a-icon-extender-expand\"><\/i><span class=\"a-expander-prompt\">Weitere Informationen<\/span><\/a> <\/div>\n<p>Edelste Arabica- und Robustabohnen aus Mittel- und S\u00fcdamerika<br \/>\nExtra f\u00fcr den \u201edeutschen Geschmack\u201c mild ger\u00f6stet und dadurch sehr bek\u00f6mmlich<br \/>\nBesonders durch ein vollmundiges Aroma und einer zarten Schoko-Nuss-Note<br \/>\nVollautomaten und Siebtr\u00e4ger geeignet<br \/>\n<div class=\"main-cross-sell\" data-asin=\"B00BFIT3Q8\">\n\n\t<div class=\"WooZone-cross-sell-loader\">\n\t\t<div>\n\t\t\t<div id=\"floatingBarsG\">\n\t\t\t\t<div class=\"blockG\" id=\"rotateG_01\"><\/div>\n\t\t\t\t<div class=\"blockG\" id=\"rotateG_02\"><\/div>\n\t\t\t\t<div class=\"blockG\" id=\"rotateG_03\"><\/div>\n\t\t\t\t<div class=\"blockG\" id=\"rotateG_04\"><\/div>\n\t\t\t\t<div class=\"blockG\" id=\"rotateG_05\"><\/div>\n\t\t\t\t<div class=\"blockG\" id=\"rotateG_06\"><\/div>\n\t\t\t\t<div class=\"blockG\" id=\"rotateG_07\"><\/div>\n\t\t\t\t<div class=\"blockG\" id=\"rotateG_08\"><\/div>\n\t\t\t<\/div>\n\t\t\t<div class=\"WooZone-cross-sell-loader-text\"><\/div>\n\t\t<\/div>\n\t<\/div>\n\n\t\t\n<\/div>\n<div style=\"clear:both;\"><\/div>\n","protected":false},"excerpt":{"rendered":"Edelste Arabica- und Robustabohnen aus Mittel- und S\u00fcdamerika\nExtra f\u00fcr den \u201edeutschen Geschmack\u201c mild ger\u00f6stet und dadurch sehr bek\u00f6mmlich\nBesonders durch ein vollmundiges Aroma und einer zarten Schoko-Nuss-Note","protected":false},"featured_media":8156,"comment_status":"open","ping_status":"closed","template":"","meta":[],"product_cat":[65,63],"product_tag":[],"_links":{"self":[{"href":"https:\/\/food-shop.org\/index.php?rest_route=\/wp\/v2\/product\/8155"}],"collection":[{"href":"https:\/\/food-shop.org\/index.php?rest_route=\/wp\/v2\/product"}],"about":[{"href":"https:\/\/food-shop.org\/index.php?rest_route=\/wp\/v2\/types\/product"}],"replies":[{"embeddable":true,"href":"https:\/\/food-shop.org\/index.php?rest_route=%2Fwp%2Fv2%2Fcomments&post=8155"}],"wp:featuredmedia":[{"embeddable":true,"href":"https:\/\/food-shop.org\/index.php?rest_route=\/wp\/v2\/media\/8156"}],"wp:attachment":[{"href":"https:\/\/food-shop.org\/index.php?rest_route=%2Fwp%2Fv2%2Fmedia&parent=8155"}],"wp:term":[{"taxonomy":"product_cat","embeddable":true,"href":"https:\/\/food-shop.org\/index.php?rest_route=%2Fwp%2Fv2%2Fproduct_cat&post=8155"},{"taxonomy":"product_tag","embeddable":true,"href":"https:\/\/food-shop.org\/index.php?rest_route=%2Fwp%2Fv2%2Fproduct_tag&post=8155"}],"curies":[{"name":"wp","href":"https:\/\/api.w.org\/{rel}","templated":true}]}}