{"id":8129,"date":"2020-08-31T14:56:36","date_gmt":"2020-08-31T14:56:36","guid":{"rendered":"https:\/\/food-shop.org\/?product=lavazza-kaffee-espresso-super-crema-ganze-bohnen-bohnenkaffee-6er-pack-6-x-1000g"},"modified":"2023-04-05T16:30:54","modified_gmt":"2023-04-05T16:30:54","slug":"lavazza-kaffee-espresso-super-crema-ganze-bohnen-bohnenkaffee-6er-pack-6-x-1000g","status":"publish","type":"product","link":"https:\/\/food-shop.org\/?product=lavazza-kaffee-espresso-super-crema-ganze-bohnen-bohnenkaffee-6er-pack-6-x-1000g","title":{"rendered":"Lavazza Kaffee Espresso Super Crema, ganze Bohnen, Bohnenkaffee, 6er Pack, 6 x 1000g"},"content":{"rendered":"<p><!-- show up to 2 reviews by default --> <\/p>\n<p>Lavazza Super Crema Espresso 6 x 1kg ganze Bohne<\/p>\n<p>Der im norditalienischen Turin ans\u00e4ssige Konzern ist weniger f\u00fcr seinen Lavazza Super Crema bekannt. Das Familienunternehmen mit einem Jahresumsatz von \u00fcber 1 Milliarde Euro wird seit jeher eher mit seinem feinen Espresso in Verbindung gebracht, den der Importeur und Kaffeeveredler in Perfektion produziert. Dabei setzte das Unternehmen lange auf den Export und den Verkauf seiner Kaffeespezialit\u00e4ten \u00fcber die Schiene des Einzelhandels. Erst seit wenigen Jahren wird ein eigenes Filialsystem aufgebaut, in dem Kaffee gekauft und genossen werden kann. Dabei startete Lavazza zuerst in italienischen Gro\u00dfst\u00e4dten und an Autobahnrastst\u00e4tten. Inzwischen werden Filialen in kleineren Orten er\u00f6ffnet und auch in Deutschland sind schon vereinzelt Lavazza-Filialen Bestandteil der Kaffeehauskultur.<br \/>Um die eigenen Kaffee-Shops mit allen g\u00e4ngigen Kaffeespezialit\u00e4ten beliefern zu k\u00f6nnen, wurden neue Marken, Mischungen und R\u00f6stverfahren entwickelt. Ziel war es wohlschmeckende und vollaromatische Kaffees zu produzieren, die vom Verbraucher gerne nachgefragt werden. Dabei mussten nat\u00fcrlich auch die Vorlieben der Kaffeegenie\u00dfer bedacht werden, die ihren Kaffee gern etwas milder und mit einer standhaften Crema bevorzugen.<\/p>\n<p>Produktbeschreibung f\u00fcr Lavazza Super Cremabohnen<\/p>\n<p>Dieser vollaromatische Kaffee zeichnet sich durch seine besondere Milde und das harmonische Zusammenspiel der beiden Cremabohnen aus, die hier zum Einsatz kommen. Der speziell f\u00fcr Vollautomaten hergestellte Kaffee besteht zu 40% aus hochwertigen Kaffeebohnen, die in den Hochlagen Indonesiens geerntet wurden. Diese Kaffeekirschen der Sorte Robusta verleihen dem Lavazza Super Crema den milden Grundgeschmack mit seinen aussagekr\u00e4ftigen Nuancen. Den Hauptanteil machen die Arabicabohnen aus. Dieser 60%ige Anteil wird in Brasilien gewonnen und ist f\u00fcr sein kr\u00e4ftiges Aroma bei guter Milde bekannt. Obwohl f\u00fcr Kaffeevollautomaten hergestellt, kan <\/p>\n<p>die wunderbare Crema l\u00e4sst Genie\u00dfer-Herzen h\u00f6her schlagen<br \/>\nbesonders feiner, milder Kaffee<br \/>\nMischung aus gewaschenen brasilianischen Kaffeebohnen kombiniert mit Sorten aus Mittelamerika und Indonesien<br \/>\n6 x 1kg ganze Bohnen<br \/>\n<div class=\"main-cross-sell\" data-asin=\"B0058H2T86\">\n\n\t<div class=\"WooZone-cross-sell-loader\">\n\t\t<div>\n\t\t\t<div id=\"floatingBarsG\">\n\t\t\t\t<div class=\"blockG\" id=\"rotateG_01\"><\/div>\n\t\t\t\t<div class=\"blockG\" id=\"rotateG_02\"><\/div>\n\t\t\t\t<div class=\"blockG\" id=\"rotateG_03\"><\/div>\n\t\t\t\t<div class=\"blockG\" id=\"rotateG_04\"><\/div>\n\t\t\t\t<div class=\"blockG\" id=\"rotateG_05\"><\/div>\n\t\t\t\t<div class=\"blockG\" id=\"rotateG_06\"><\/div>\n\t\t\t\t<div class=\"blockG\" id=\"rotateG_07\"><\/div>\n\t\t\t\t<div class=\"blockG\" id=\"rotateG_08\"><\/div>\n\t\t\t<\/div>\n\t\t\t<div class=\"WooZone-cross-sell-loader-text\"><\/div>\n\t\t<\/div>\n\t<\/div>\n\n\t\t\n<\/div>\n<div style=\"clear:both;\"><\/div>\n","protected":false},"excerpt":{"rendered":"die wunderbare Crema l\u00e4sst Genie\u00dfer-Herzen h\u00f6her schlagen\nbesonders feiner, milder Kaffee\nMischung aus gewaschenen brasilianischen Kaffeebohnen kombiniert mit Sorten aus Mittelamerika und Indonesien","protected":false},"featured_media":8130,"comment_status":"open","ping_status":"closed","template":"","meta":[],"product_cat":[65,63],"product_tag":[],"_links":{"self":[{"href":"https:\/\/food-shop.org\/index.php?rest_route=\/wp\/v2\/product\/8129"}],"collection":[{"href":"https:\/\/food-shop.org\/index.php?rest_route=\/wp\/v2\/product"}],"about":[{"href":"https:\/\/food-shop.org\/index.php?rest_route=\/wp\/v2\/types\/product"}],"replies":[{"embeddable":true,"href":"https:\/\/food-shop.org\/index.php?rest_route=%2Fwp%2Fv2%2Fcomments&post=8129"}],"wp:featuredmedia":[{"embeddable":true,"href":"https:\/\/food-shop.org\/index.php?rest_route=\/wp\/v2\/media\/8130"}],"wp:attachment":[{"href":"https:\/\/food-shop.org\/index.php?rest_route=%2Fwp%2Fv2%2Fmedia&parent=8129"}],"wp:term":[{"taxonomy":"product_cat","embeddable":true,"href":"https:\/\/food-shop.org\/index.php?rest_route=%2Fwp%2Fv2%2Fproduct_cat&post=8129"},{"taxonomy":"product_tag","embeddable":true,"href":"https:\/\/food-shop.org\/index.php?rest_route=%2Fwp%2Fv2%2Fproduct_tag&post=8129"}],"curies":[{"name":"wp","href":"https:\/\/api.w.org\/{rel}","templated":true}]}}