{"id":8121,"date":"2020-08-31T14:56:33","date_gmt":"2020-08-31T14:56:33","guid":{"rendered":"https:\/\/food-shop.org\/?product=lucifers-roast-espresso-by-kiqo-aus-italien-1kg-extrem-starke-kaffeebohnen-saeurearm-100-robusta-manufakturroestung-in-kleinstchargen-1000g-ganze-bohnen"},"modified":"2023-04-05T16:30:54","modified_gmt":"2023-04-05T16:30:54","slug":"lucifers-roast-espresso-by-kiqo-aus-italien-1kg-extrem-starke-kaffeebohnen-saeurearm-100-robusta-manufakturroestung-in-kleinstchargen-1000g-ganze-bohnen","status":"publish","type":"product","link":"https:\/\/food-shop.org\/?product=lucifers-roast-espresso-by-kiqo-aus-italien-1kg-extrem-starke-kaffeebohnen-saeurearm-100-robusta-manufakturroestung-in-kleinstchargen-1000g-ganze-bohnen","title":{"rendered":"LUCIFERS ROAST Kaffeebohnen by KIQO aus Italien &#8211; sehr starker Espresso &#8211; s\u00e4urearm &#8211; f\u00fcr Kaffeevollautomaten oder\u2026"},"content":{"rendered":"<p>&#x2615;&#xfe0f; Echt italienisch &#8211; 100% Robusta-Bohnen sorgen zwar f\u00fcr eine extreme St\u00e4rke, jedoch ist der Kaffee nahezu s\u00e4urefrei durch den fehlenden Arabica-Anteil. Damit perfekt geeignet f\u00fcr Kaffee-Vieltrinker.<br \/>\n&#x2615;&#xfe0f; Zubereitung &#8211; Baristas sch\u00e4tzen diesen Kaffee f\u00fcr seinen vollmundigen und kr\u00e4ftigen Geschmack mit seiner feinen Crema. Somit ideal geeignet f\u00fcr Espresso oder auch als Americano.<br \/>\n&#x2615;&#xfe0f; R\u00f6stung &#8211; Durch das R\u00f6sten von Hand in kleinen Mengen k\u00f6nnen wir sicherstellen, dass jede Bohne eine gleichm\u00e4\u00dfige R\u00f6stung erf\u00e4hrt. Dieser Prozess dauert zwar l\u00e4nger, hilft aber bei jeder Bohne die individuellen Aromen freizusetzen.<br \/>\n&#x2615;&#xfe0f; Handverlesene Bohnen ohne Br\u00fcche &#8211; Garantieren den vollen Kaffeegeschmack.<br \/>\n&#x2615;&#xfe0f; Nachhaltigkeit &#8211; Sowohl beim Anbau der Bohnen als auch bei der anschlie\u00dfenden Veredelung wird g\u00e4nzlich auf die Verwendung von Zusatzstoffen oder Geschmacksverst\u00e4rkern verzichtet. Die gesamte Produktion ist somit biologisch nachhaltig und letztlich vegan. Unsere Bohnen beziehen wir direkt von den Kaffeebauern, ohne Umwege und teure Mittelsm\u00e4nner.<br \/>\n<div class=\"main-cross-sell\" data-asin=\"B07HJRYSTF\">\n\n\t<div class=\"WooZone-cross-sell-loader\">\n\t\t<div>\n\t\t\t<div id=\"floatingBarsG\">\n\t\t\t\t<div class=\"blockG\" id=\"rotateG_01\"><\/div>\n\t\t\t\t<div class=\"blockG\" id=\"rotateG_02\"><\/div>\n\t\t\t\t<div class=\"blockG\" id=\"rotateG_03\"><\/div>\n\t\t\t\t<div class=\"blockG\" id=\"rotateG_04\"><\/div>\n\t\t\t\t<div class=\"blockG\" id=\"rotateG_05\"><\/div>\n\t\t\t\t<div class=\"blockG\" id=\"rotateG_06\"><\/div>\n\t\t\t\t<div class=\"blockG\" id=\"rotateG_07\"><\/div>\n\t\t\t\t<div class=\"blockG\" id=\"rotateG_08\"><\/div>\n\t\t\t<\/div>\n\t\t\t<div class=\"WooZone-cross-sell-loader-text\"><\/div>\n\t\t<\/div>\n\t<\/div>\n\n\t\t\n<\/div>\n<div style=\"clear:both;\"><\/div>\n","protected":false},"excerpt":{"rendered":"&#x2615;&#xfe0f; Echt italienisch - 100% Robusta-Bohnen sorgen zwar f\u00fcr eine extreme St\u00e4rke, jedoch ist der Kaffee nahezu s\u00e4urefrei durch den fehlenden Arabica-Anteil. Damit perfekt geeignet f\u00fcr Kaffee-Vieltrinker.\n&#x2615;&#xfe0f; Zubereitung - Baristas sch\u00e4tzen diesen Kaffee f\u00fcr seinen vollmundigen und kr\u00e4ftigen Geschmack mit seiner feinen Crema. Somit ideal geeignet f\u00fcr Espresso oder auch als Americano.\n&#x2615;&#xfe0f; R\u00f6stung - Durch das R\u00f6sten von Hand in kleinen Mengen k\u00f6nnen wir sicherstellen, dass jede Bohne eine gleichm\u00e4\u00dfige R\u00f6stung erf\u00e4hrt. Dieser Prozess dauert zwar l\u00e4nger, hilft aber bei jeder Bohne die individuellen Aromen freizusetzen.","protected":false},"featured_media":8122,"comment_status":"open","ping_status":"closed","template":"","meta":[],"product_cat":[65,63],"product_tag":[],"_links":{"self":[{"href":"https:\/\/food-shop.org\/index.php?rest_route=\/wp\/v2\/product\/8121"}],"collection":[{"href":"https:\/\/food-shop.org\/index.php?rest_route=\/wp\/v2\/product"}],"about":[{"href":"https:\/\/food-shop.org\/index.php?rest_route=\/wp\/v2\/types\/product"}],"replies":[{"embeddable":true,"href":"https:\/\/food-shop.org\/index.php?rest_route=%2Fwp%2Fv2%2Fcomments&post=8121"}],"wp:featuredmedia":[{"embeddable":true,"href":"https:\/\/food-shop.org\/index.php?rest_route=\/wp\/v2\/media\/8122"}],"wp:attachment":[{"href":"https:\/\/food-shop.org\/index.php?rest_route=%2Fwp%2Fv2%2Fmedia&parent=8121"}],"wp:term":[{"taxonomy":"product_cat","embeddable":true,"href":"https:\/\/food-shop.org\/index.php?rest_route=%2Fwp%2Fv2%2Fproduct_cat&post=8121"},{"taxonomy":"product_tag","embeddable":true,"href":"https:\/\/food-shop.org\/index.php?rest_route=%2Fwp%2Fv2%2Fproduct_tag&post=8121"}],"curies":[{"name":"wp","href":"https:\/\/api.w.org\/{rel}","templated":true}]}}