{"id":8110,"date":"2020-08-31T14:56:28","date_gmt":"2020-08-31T14:56:28","guid":{"rendered":"https:\/\/food-shop.org\/?product=lebensbaum-kolumbien-kaffee-gemahlen-250-g"},"modified":"2023-04-05T16:30:54","modified_gmt":"2023-04-05T16:30:54","slug":"lebensbaum-kolumbien-kaffee-gemahlen-250-g","status":"publish","type":"product","link":"https:\/\/food-shop.org\/?product=lebensbaum-kolumbien-kaffee-gemahlen-250-g","title":{"rendered":"Lebensbaum Kolumbien Kaffee gemahlen, Bio-Kaffee aus 100% Arabica-Bohnen, R\u00f6st-Kaffee, Arabica-Kaffee mit mildem\u2026"},"content":{"rendered":"<p><!-- show up to 2 reviews by default --> <\/p>\n<h3>Produktbeschreibung<\/h3>\n<p>Ernte: Von Hand. So werden nur die reifen Kaffeekirschen geerntet und sorgsam verlesen. nicht dem direkten Sonnenlicht aussetzen und nach dem \u00d6ffnen z\u00fcgig aufbrauchen Gebrauchsanweisung n\/a Warnhinweise nicht dem direkten Sonnenlicht aussetzen und nach dem \u00d6ffnen z\u00fcgig aufbrauchen Anschrift Hersteller\/Importeur Ulrich Walter GmbH, Dr.-J\u00fcrgen-Ulderup-Stra\u00dfe 12, 49356 Diepholz Ulrich Walter GmbH, Dr.-J\u00fcrgen-Ulderup-Stra\u00dfe 12, 49356 Diepholz n\/a 0 Anbau: Mit viel Geschick und mehr als 100 Jahren Erfahrungin respektvollem Einklang mit der Natur. Unter schattenspendenden B\u00e4umen reifen die Kaffeekirschen langsam heran. Gebrauchsanweisung n\/a Warnhinweise nicht dem direkten Sonnenlicht aussetzen und nach dem \u00d6ffnen z\u00fcgig aufbrauchen Anschrift Hersteller\/Importeur Ulrich Walter GmbH, Dr.-J\u00fcrgen-Ulderup-Stra\u00dfe 12, 49356 Diepholz Weitere Informationen R\u00f6stung: In Deutschlands \u00e4ltester Bio-R\u00f6sterei. Die hochwertigen Kaffeebohnen werden langsam und schonend veredelt. Herkunft: KolumbienHacienda Cincinnati Geschmack: Exquisit, ausgewogen: ein au\u00dfergew\u00f6hnlicher Bio-Kaffee mit facettenreichem Aroma <\/p>\n<h3>Inhaltsstoffe \/ Zutaten<\/h3>\n<p>0 <\/p>\n<div data-a-expander-name=\"toggle_description\" class=\"a-row a-expander-container a-expander-extend-container\">\n<div class=\"a-expander-content a-expander-extend-content\">\n<h3>Warnhinweise<\/h3>\n<p>nicht dem direkten Sonnenlicht aussetzen und nach dem \u00d6ffnen z\u00fcgig aufbrauchen <\/p>\n<h3>Anschrift Hersteller\/Importeur<\/h3>\n<p>Ulrich Walter GmbH, Dr.-J\u00fcrgen-Ulderup-Stra\u00dfe 12, 49356 Diepholz <\/p>\n<\/p><\/div>\n<p> <a href=\"void(0)\" data-action=\"a-expander-toggle\" class=\"a-expander-header a-declarative a-expander-extend-header\" data-a-expander-toggle=\"{\"><i class=\"a-icon a-icon-extender-expand\"><\/i><span class=\"a-expander-prompt\">Weitere Informationen<\/span><\/a> <\/div>\n<p>Das Produkt ist f\u00fcr Veganer geeignet<br \/>\nVegetarisch<br \/>\n\u00d6ko-Kontrollstelle: DE-\u00d6KO-001<br \/>\n<div class=\"main-cross-sell\" data-asin=\"B01M0U4JI7\">\n\n\t<div class=\"WooZone-cross-sell-loader\">\n\t\t<div>\n\t\t\t<div id=\"floatingBarsG\">\n\t\t\t\t<div class=\"blockG\" id=\"rotateG_01\"><\/div>\n\t\t\t\t<div class=\"blockG\" id=\"rotateG_02\"><\/div>\n\t\t\t\t<div class=\"blockG\" id=\"rotateG_03\"><\/div>\n\t\t\t\t<div class=\"blockG\" id=\"rotateG_04\"><\/div>\n\t\t\t\t<div class=\"blockG\" id=\"rotateG_05\"><\/div>\n\t\t\t\t<div class=\"blockG\" id=\"rotateG_06\"><\/div>\n\t\t\t\t<div class=\"blockG\" id=\"rotateG_07\"><\/div>\n\t\t\t\t<div class=\"blockG\" id=\"rotateG_08\"><\/div>\n\t\t\t<\/div>\n\t\t\t<div class=\"WooZone-cross-sell-loader-text\"><\/div>\n\t\t<\/div>\n\t<\/div>\n\n\t\t\n<\/div>\n<div style=\"clear:both;\"><\/div>\n","protected":false},"excerpt":{"rendered":"Das Produkt ist f\u00fcr Veganer geeignet\nVegetarisch\n\u00d6ko-Kontrollstelle: DE-\u00d6KO-001","protected":false},"featured_media":8111,"comment_status":"open","ping_status":"closed","template":"","meta":[],"product_cat":[65,63],"product_tag":[],"_links":{"self":[{"href":"https:\/\/food-shop.org\/index.php?rest_route=\/wp\/v2\/product\/8110"}],"collection":[{"href":"https:\/\/food-shop.org\/index.php?rest_route=\/wp\/v2\/product"}],"about":[{"href":"https:\/\/food-shop.org\/index.php?rest_route=\/wp\/v2\/types\/product"}],"replies":[{"embeddable":true,"href":"https:\/\/food-shop.org\/index.php?rest_route=%2Fwp%2Fv2%2Fcomments&post=8110"}],"wp:featuredmedia":[{"embeddable":true,"href":"https:\/\/food-shop.org\/index.php?rest_route=\/wp\/v2\/media\/8111"}],"wp:attachment":[{"href":"https:\/\/food-shop.org\/index.php?rest_route=%2Fwp%2Fv2%2Fmedia&parent=8110"}],"wp:term":[{"taxonomy":"product_cat","embeddable":true,"href":"https:\/\/food-shop.org\/index.php?rest_route=%2Fwp%2Fv2%2Fproduct_cat&post=8110"},{"taxonomy":"product_tag","embeddable":true,"href":"https:\/\/food-shop.org\/index.php?rest_route=%2Fwp%2Fv2%2Fproduct_tag&post=8110"}],"curies":[{"name":"wp","href":"https:\/\/api.w.org\/{rel}","templated":true}]}}