{"id":8108,"date":"2020-08-31T14:56:26","date_gmt":"2020-08-31T14:56:26","guid":{"rendered":"https:\/\/food-shop.org\/?product=15-stueck-gina-wiener-kaffee-1000g-bohnen-15-kg"},"modified":"2025-05-30T08:06:31","modified_gmt":"2025-05-30T08:06:31","slug":"15-stueck-gina-wiener-kaffee-1000g-bohnen-15-kg","status":"publish","type":"product","link":"https:\/\/food-shop.org\/?product=15-stueck-gina-wiener-kaffee-1000g-bohnen-15-kg","title":{"rendered":"15 St\u00fcck Gina Wiener Kaffee 1000g Bohnen = 15 kg"},"content":{"rendered":"<p><!-- show up to 2 reviews by default --> <\/p>\n<p>15 St\u00fcck Gina Wiener Kaffee 1000g Bohnen = 15 kg Kaffee Gina Wiener Kaffee ganze Bohnen, 1000g Ausf\u00fchrung: ganze Bohnen Aroma: kr\u00e4ftig und vollmundig sonstiges: geeignet f\u00fcr Kaffee-Vollautomaten mit integriertem Mahlwerk Inhalt: 1000g Haltbar bis mindestens 12 Monate <\/p>\n<p>15 St\u00fcck Gina Wiener Kaffee 1000g Bohnen = 15 kg<br \/>\n<div class=\"main-cross-sell\" data-asin=\"B00V387WL8\">\n\n\t<div class=\"WooZone-cross-sell-loader\">\n\t\t<div>\n\t\t\t<div id=\"floatingBarsG\">\n\t\t\t\t<div class=\"blockG\" id=\"rotateG_01\"><\/div>\n\t\t\t\t<div class=\"blockG\" id=\"rotateG_02\"><\/div>\n\t\t\t\t<div class=\"blockG\" id=\"rotateG_03\"><\/div>\n\t\t\t\t<div class=\"blockG\" id=\"rotateG_04\"><\/div>\n\t\t\t\t<div class=\"blockG\" id=\"rotateG_05\"><\/div>\n\t\t\t\t<div class=\"blockG\" id=\"rotateG_06\"><\/div>\n\t\t\t\t<div class=\"blockG\" id=\"rotateG_07\"><\/div>\n\t\t\t\t<div class=\"blockG\" id=\"rotateG_08\"><\/div>\n\t\t\t<\/div>\n\t\t\t<div class=\"WooZone-cross-sell-loader-text\"><\/div>\n\t\t<\/div>\n\t<\/div>\n\n\t\t\n<\/div>\n<div style=\"clear:both;\"><\/div>\n","protected":false},"excerpt":{"rendered":"15 St\u00fcck Gina Wiener Kaffee 1000g Bohnen = 15 kg","protected":false},"featured_media":8109,"comment_status":"open","ping_status":"closed","template":"","meta":[],"product_cat":[65,63],"product_tag":[],"_links":{"self":[{"href":"https:\/\/food-shop.org\/index.php?rest_route=\/wp\/v2\/product\/8108"}],"collection":[{"href":"https:\/\/food-shop.org\/index.php?rest_route=\/wp\/v2\/product"}],"about":[{"href":"https:\/\/food-shop.org\/index.php?rest_route=\/wp\/v2\/types\/product"}],"replies":[{"embeddable":true,"href":"https:\/\/food-shop.org\/index.php?rest_route=%2Fwp%2Fv2%2Fcomments&post=8108"}],"wp:featuredmedia":[{"embeddable":true,"href":"https:\/\/food-shop.org\/index.php?rest_route=\/wp\/v2\/media\/8109"}],"wp:attachment":[{"href":"https:\/\/food-shop.org\/index.php?rest_route=%2Fwp%2Fv2%2Fmedia&parent=8108"}],"wp:term":[{"taxonomy":"product_cat","embeddable":true,"href":"https:\/\/food-shop.org\/index.php?rest_route=%2Fwp%2Fv2%2Fproduct_cat&post=8108"},{"taxonomy":"product_tag","embeddable":true,"href":"https:\/\/food-shop.org\/index.php?rest_route=%2Fwp%2Fv2%2Fproduct_tag&post=8108"}],"curies":[{"name":"wp","href":"https:\/\/api.w.org\/{rel}","templated":true}]}}