{"id":8097,"date":"2020-08-31T14:56:22","date_gmt":"2020-08-31T14:56:22","guid":{"rendered":"https:\/\/food-shop.org\/?product=melitta-ganze-kaffeebohnen-ausgewogen-und-harmonisch-staerke-3-barista-crema-1kg"},"modified":"2023-04-05T16:30:54","modified_gmt":"2023-04-05T16:30:54","slug":"melitta-ganze-kaffeebohnen-ausgewogen-und-harmonisch-staerke-3-barista-crema-1kg","status":"publish","type":"product","link":"https:\/\/food-shop.org\/?product=melitta-ganze-kaffeebohnen-ausgewogen-und-harmonisch-staerke-3-barista-crema-1kg","title":{"rendered":"Melitta Barista Classic Crema, Ganze Kaffee-Bohnen 1kg, ungemahlen, Kaffeebohnen f\u00fcr Kaffee-Vollautomat, mittlere\u2026"},"content":{"rendered":"<div class=\"disclaim\"> Gr\u00f6\u00dfe:<strong>1 kg (1er Pack)<\/strong> <\/div>\n<p> <!-- show up to 2 reviews by default --> <\/p>\n<h3>Produktbeschreibung<\/h3>\n<p>Melitta Barista Crema: Melitta Barista Crema Kaffeebohnen haben ein ausgewogenes, harmonisches Armoa, das Barista begeistert und mit Sicherheit auch Dich! Denn daf\u00fcr haben wir die leckersten Kaffees der Welt ausgesucht und mit Liebe ger\u00f6stet. F\u00fcr Deinen ganz eigenen Barista-Moment zu Hause. Besonders lecker als Caff\u00e8 Crema, Milchkaffee und Caf\u00e9 au Lait. Zubereitung: Melitta Barista Crema Kaffeebohnen sind geeignet f\u00fcr die Zubereitung mit dem Kaffeevollautomaten oder nach dem Mahlen in der Kaffeem\u00fchle f\u00fcr Siebtr\u00e4ger oder French Press. Unsere Profi-R\u00f6stung und der Second Crack: Nur r\u00f6sten? Das reicht uns nicht. Wir r\u00f6sten auf den Punkt. Bis zum &#8222;Second Crack&#8220;. Dem perfekten R\u00f6stpunkt f\u00fcr \u00fcber 800 Aromen. <\/p>\n<h3>Inhaltsstoffe \/ Zutaten<\/h3>\n<p>Ganze Kaffeebohnen <\/p>\n<div data-a-expander-name=\"toggle_description\" class=\"a-row a-expander-container a-expander-extend-container\">\n<div class=\"a-expander-content a-expander-extend-content\">\n<h3>Gebrauchsanweisung<\/h3>\n<p>K\u00fchl und trocken lagern <\/p>\n<h3>Warnhinweise<\/h3>\n<p>Unter Schutzatmosph\u00e4re verpackt <\/p>\n<h3>Anschrift Hersteller\/Importeur<\/h3>\n<p>Dortmunder Str. 1, 28199 Bremen <\/p>\n<\/p><\/div>\n<p> <a href=\"void(0)\" data-action=\"a-expander-toggle\" class=\"a-expander-header a-declarative a-expander-extend-header\" data-a-expander-toggle=\"{\"><i class=\"a-icon a-icon-extender-expand\"><\/i><span class=\"a-expander-prompt\">Weitere Informationen<\/span><\/a> <\/div>\n<p>Ganze Kaffeebohnen f\u00fcr den Kaffeevollautomaten geeignet oder nach dem Mahlen in der Kaffeem\u00fchle f\u00fcr Handfiltration, Siebtr\u00e4ger oder French Press<br \/>\nAusgewogener, harmonischer Kaffee, der Barista begeistert und mit Sicherheit auch Dich! Besonders lecker als Caff\u00e8 Crema, Milchkaffee und Caff\u00e8 au Lait. Optimaler Mahlgrad: mittel<br \/>\nArabica-Robusta-Blend, mittlerer R\u00f6stgrad (St\u00e4rke 3), die leckersten Kaffees der Welt mit Liebe ger\u00f6stet in Deutschland (Bremen)<br \/>\nZum Erhalt des Aromas Aufbewahrung des Kaffees in der Packung, Verschlie\u00dfen mit Aroma-Clip<br \/>\nLieferumfang: 1kg Melitta Barista Crema, Ganze Bohnen, St\u00e4rke 3<br \/>\n<div class=\"main-cross-sell\" data-asin=\"B07HBM5B41\">\n\n\t<div class=\"WooZone-cross-sell-loader\">\n\t\t<div>\n\t\t\t<div id=\"floatingBarsG\">\n\t\t\t\t<div class=\"blockG\" id=\"rotateG_01\"><\/div>\n\t\t\t\t<div class=\"blockG\" id=\"rotateG_02\"><\/div>\n\t\t\t\t<div class=\"blockG\" id=\"rotateG_03\"><\/div>\n\t\t\t\t<div class=\"blockG\" id=\"rotateG_04\"><\/div>\n\t\t\t\t<div class=\"blockG\" id=\"rotateG_05\"><\/div>\n\t\t\t\t<div class=\"blockG\" id=\"rotateG_06\"><\/div>\n\t\t\t\t<div class=\"blockG\" id=\"rotateG_07\"><\/div>\n\t\t\t\t<div class=\"blockG\" id=\"rotateG_08\"><\/div>\n\t\t\t<\/div>\n\t\t\t<div class=\"WooZone-cross-sell-loader-text\"><\/div>\n\t\t<\/div>\n\t<\/div>\n\n\t\t\n<\/div>\n<div style=\"clear:both;\"><\/div>\n","protected":false},"excerpt":{"rendered":"Ganze Kaffeebohnen f\u00fcr den Kaffeevollautomaten geeignet oder nach dem Mahlen in der Kaffeem\u00fchle f\u00fcr Handfiltration, Siebtr\u00e4ger oder French Press\nAusgewogener, harmonischer Kaffee, der Barista begeistert und mit Sicherheit auch Dich! Besonders lecker als Caff\u00e8 Crema, Milchkaffee und Caff\u00e8 au Lait. Optimaler Mahlgrad: mittel\nArabica-Robusta-Blend, mittlerer R\u00f6stgrad (St\u00e4rke 3), die leckersten Kaffees der Welt mit Liebe ger\u00f6stet in Deutschland (Bremen)","protected":false},"featured_media":8098,"comment_status":"open","ping_status":"closed","template":"","meta":[],"product_cat":[65,63],"product_tag":[],"_links":{"self":[{"href":"https:\/\/food-shop.org\/index.php?rest_route=\/wp\/v2\/product\/8097"}],"collection":[{"href":"https:\/\/food-shop.org\/index.php?rest_route=\/wp\/v2\/product"}],"about":[{"href":"https:\/\/food-shop.org\/index.php?rest_route=\/wp\/v2\/types\/product"}],"replies":[{"embeddable":true,"href":"https:\/\/food-shop.org\/index.php?rest_route=%2Fwp%2Fv2%2Fcomments&post=8097"}],"wp:featuredmedia":[{"embeddable":true,"href":"https:\/\/food-shop.org\/index.php?rest_route=\/wp\/v2\/media\/8098"}],"wp:attachment":[{"href":"https:\/\/food-shop.org\/index.php?rest_route=%2Fwp%2Fv2%2Fmedia&parent=8097"}],"wp:term":[{"taxonomy":"product_cat","embeddable":true,"href":"https:\/\/food-shop.org\/index.php?rest_route=%2Fwp%2Fv2%2Fproduct_cat&post=8097"},{"taxonomy":"product_tag","embeddable":true,"href":"https:\/\/food-shop.org\/index.php?rest_route=%2Fwp%2Fv2%2Fproduct_tag&post=8097"}],"curies":[{"name":"wp","href":"https:\/\/api.w.org\/{rel}","templated":true}]}}