{"id":8058,"date":"2020-08-31T14:51:53","date_gmt":"2020-08-31T14:51:53","guid":{"rendered":"https:\/\/food-shop.org\/?product=alnatura-apfel-mango3korn-6er-pack-6-x-190-g"},"modified":"2023-04-05T16:30:53","modified_gmt":"2023-04-05T16:30:53","slug":"alnatura-apfel-mango3korn-6er-pack-6-x-190-g","status":"publish","type":"product","link":"https:\/\/food-shop.org\/?product=alnatura-apfel-mango3korn-6er-pack-6-x-190-g","title":{"rendered":"Alnatura Apfel Mango+3Korn, 6er Pack (6 x 190 g)"},"content":{"rendered":"<p><!-- show up to 2 reviews by default --> <\/p>\n<h3>Produktbeschreibung<\/h3>\n<p>Eine feinst\u00fcckig p\u00fcrierte Bio-Apfel-Mango-Fr\u00fcchtezubereitung mit Vollkornflocken f\u00fcr die Ern\u00e4hrung ab dem 6. Lebensmonat. <\/p>\n<h3>Inhaltsstoffe \/ Zutaten<\/h3>\n<p>\u00c4pfel* 45 %, Wasser, Mangos* 23 %, DINKELVOLLKORNFLOCKEN* grob gemahlen 2 %, HAFERVOLLKORNFLOCKEN* grob gemahlen 2 %, WEIZENVOLLKORNFLOCKEN* grob gemahlen 2 % *aus biodynamischem Landbau <\/p>\n<div data-a-expander-name=\"toggle_description\" class=\"a-row a-expander-container a-expander-extend-container\">\n<div class=\"a-expander-content a-expander-extend-content\">\n<h3>Gebrauchsanweisung<\/h3>\n<p>&#8211; <\/p>\n<h3>Warnhinweise<\/h3>\n<p>&#8211; <\/p>\n<h3>Anschrift Hersteller\/Importeur<\/h3>\n<p>Darmst\u00e4dter Str. 63, 64404 Bickenbach <\/p>\n<\/p><\/div>\n<p> <a href=\"void(0)\" data-action=\"a-expander-toggle\" class=\"a-expander-header a-declarative a-expander-extend-header\" data-a-expander-toggle=\"{\"><i class=\"a-icon a-icon-extender-expand\"><\/i><span class=\"a-expander-prompt\">Weitere Informationen<\/span><\/a> <\/div>\n<p>Bio-Qualit\u00e4t, Getreide stammt aus biodynamischem Landbau<br \/>\nAb 6. Lebensmonat<br \/>\nFeinst\u00fcckig p\u00fcriert<br \/>\n<div class=\"main-cross-sell\" data-asin=\"B0771CRQBX\">\n\n\t<div class=\"WooZone-cross-sell-loader\">\n\t\t<div>\n\t\t\t<div id=\"floatingBarsG\">\n\t\t\t\t<div class=\"blockG\" id=\"rotateG_01\"><\/div>\n\t\t\t\t<div class=\"blockG\" id=\"rotateG_02\"><\/div>\n\t\t\t\t<div class=\"blockG\" id=\"rotateG_03\"><\/div>\n\t\t\t\t<div class=\"blockG\" id=\"rotateG_04\"><\/div>\n\t\t\t\t<div class=\"blockG\" id=\"rotateG_05\"><\/div>\n\t\t\t\t<div class=\"blockG\" id=\"rotateG_06\"><\/div>\n\t\t\t\t<div class=\"blockG\" id=\"rotateG_07\"><\/div>\n\t\t\t\t<div class=\"blockG\" id=\"rotateG_08\"><\/div>\n\t\t\t<\/div>\n\t\t\t<div class=\"WooZone-cross-sell-loader-text\"><\/div>\n\t\t<\/div>\n\t<\/div>\n\n\t\t\n<\/div>\n<div style=\"clear:both;\"><\/div>\n","protected":false},"excerpt":{"rendered":"Bio-Qualit\u00e4t, Getreide stammt aus biodynamischem Landbau\nAb 6. Lebensmonat\nFeinst\u00fcckig p\u00fcriert","protected":false},"featured_media":8059,"comment_status":"open","ping_status":"closed","template":"","meta":[],"product_cat":[61,64],"product_tag":[],"_links":{"self":[{"href":"https:\/\/food-shop.org\/index.php?rest_route=\/wp\/v2\/product\/8058"}],"collection":[{"href":"https:\/\/food-shop.org\/index.php?rest_route=\/wp\/v2\/product"}],"about":[{"href":"https:\/\/food-shop.org\/index.php?rest_route=\/wp\/v2\/types\/product"}],"replies":[{"embeddable":true,"href":"https:\/\/food-shop.org\/index.php?rest_route=%2Fwp%2Fv2%2Fcomments&post=8058"}],"wp:featuredmedia":[{"embeddable":true,"href":"https:\/\/food-shop.org\/index.php?rest_route=\/wp\/v2\/media\/8059"}],"wp:attachment":[{"href":"https:\/\/food-shop.org\/index.php?rest_route=%2Fwp%2Fv2%2Fmedia&parent=8058"}],"wp:term":[{"taxonomy":"product_cat","embeddable":true,"href":"https:\/\/food-shop.org\/index.php?rest_route=%2Fwp%2Fv2%2Fproduct_cat&post=8058"},{"taxonomy":"product_tag","embeddable":true,"href":"https:\/\/food-shop.org\/index.php?rest_route=%2Fwp%2Fv2%2Fproduct_tag&post=8058"}],"curies":[{"name":"wp","href":"https:\/\/api.w.org\/{rel}","templated":true}]}}