{"id":7924,"date":"2020-08-31T14:42:52","date_gmt":"2020-08-31T14:42:52","guid":{"rendered":"https:\/\/food-shop.org\/?product=hipp-milchreis-pur-6er-pack-6-x-190-g"},"modified":"2023-04-05T16:30:51","modified_gmt":"2023-04-05T16:30:51","slug":"hipp-milchreis-pur-6er-pack-6-x-190-g","status":"publish","type":"product","link":"https:\/\/food-shop.org\/?product=hipp-milchreis-pur-6er-pack-6-x-190-g","title":{"rendered":"HiPP Milchreis pur, 6er Pack (6 x 190 g)"},"content":{"rendered":"<p><!-- show up to 2 reviews by default --> <\/p>\n<h3>Produktbeschreibung<\/h3>\n<\/p>\n<h5>Hipp Gute Nacht Milchreis pur<\/h5>\n<p><b>So wird\u2019s gegessen:<\/b> Vollwertige Abendmahlzeit. Ge\u00f6ffnetes Glas bzw. Teilmenge im Wasserbad oder Mikrowelle erw\u00e4rmen, mit unbenutztem L\u00f6ffel umr\u00fchren und Temperatur pr\u00fcfen. Nicht erw\u00e4rmten Rest verschlossen im K\u00fchlschrank lagern und am n\u00e4chsten Tag aufbrauchen. Speichelkontakt kann das Produkt verfl\u00fcssigen. Bitte Plastikl\u00f6ffel verwenden.<\/p>\n<\/p>\n<h3>Gebrauchsanweisung<\/h3>\n<p>Ge\u00f6ffnetes Glas bzw. Teilmenge im Wasserbad oder Mikrowelle erw\u00e4rmen, mit unbenutztem L\u00f6ffel umr\u00fchren und Temperatur pr\u00fcfen. <\/p>\n<div data-a-expander-name=\"toggle_description\" class=\"a-row a-expander-container a-expander-extend-container\">\n<div class=\"a-expander-content a-expander-extend-content\">\n<h3>Anschrift Hersteller\/Importeur<\/h3>\n<p>D-85273 PFAFFENHOFEN <\/p>\n<\/p><\/div>\n<p> <a href=\"void(0)\" data-action=\"a-expander-toggle\" class=\"a-expander-header a-declarative a-expander-extend-header\" data-a-expander-toggle=\"{\"><i class=\"a-icon a-icon-extender-expand\"><\/i><span class=\"a-expander-prompt\">Weitere Informationen<\/span><\/a> <\/div>\n<p>Ohne Zusatz von Zucker &#8211; Zutaten enthalten von Natur aus Zucker<br \/>\nMit Calcium, Vitamin A, D und B1<br \/>\nMit feinen St\u00fcckchen &#8211; zum Kauenlernen<br \/>\nOhne Aromen, Konservierungsstoffe, Farbstoffe und Verdickungsmittel<br \/>\nBei Fl\u00fcssigkeitsabsatz bitte umr\u00fchren<br \/>\n<div class=\"main-cross-sell\" data-asin=\"B01LY3UCLW\">\n\n\t<div class=\"WooZone-cross-sell-loader\">\n\t\t<div>\n\t\t\t<div id=\"floatingBarsG\">\n\t\t\t\t<div class=\"blockG\" id=\"rotateG_01\"><\/div>\n\t\t\t\t<div class=\"blockG\" id=\"rotateG_02\"><\/div>\n\t\t\t\t<div class=\"blockG\" id=\"rotateG_03\"><\/div>\n\t\t\t\t<div class=\"blockG\" id=\"rotateG_04\"><\/div>\n\t\t\t\t<div class=\"blockG\" id=\"rotateG_05\"><\/div>\n\t\t\t\t<div class=\"blockG\" id=\"rotateG_06\"><\/div>\n\t\t\t\t<div class=\"blockG\" id=\"rotateG_07\"><\/div>\n\t\t\t\t<div class=\"blockG\" id=\"rotateG_08\"><\/div>\n\t\t\t<\/div>\n\t\t\t<div class=\"WooZone-cross-sell-loader-text\"><\/div>\n\t\t<\/div>\n\t<\/div>\n\n\t\t\n<\/div>\n<div style=\"clear:both;\"><\/div>\n","protected":false},"excerpt":{"rendered":"Ohne Zusatz von Zucker - Zutaten enthalten von Natur aus Zucker\nMit Calcium, Vitamin A, D und B1\nMit feinen St\u00fcckchen - zum Kauenlernen","protected":false},"featured_media":7925,"comment_status":"open","ping_status":"closed","template":"","meta":[],"product_cat":[61,64],"product_tag":[],"_links":{"self":[{"href":"https:\/\/food-shop.org\/index.php?rest_route=\/wp\/v2\/product\/7924"}],"collection":[{"href":"https:\/\/food-shop.org\/index.php?rest_route=\/wp\/v2\/product"}],"about":[{"href":"https:\/\/food-shop.org\/index.php?rest_route=\/wp\/v2\/types\/product"}],"replies":[{"embeddable":true,"href":"https:\/\/food-shop.org\/index.php?rest_route=%2Fwp%2Fv2%2Fcomments&post=7924"}],"wp:featuredmedia":[{"embeddable":true,"href":"https:\/\/food-shop.org\/index.php?rest_route=\/wp\/v2\/media\/7925"}],"wp:attachment":[{"href":"https:\/\/food-shop.org\/index.php?rest_route=%2Fwp%2Fv2%2Fmedia&parent=7924"}],"wp:term":[{"taxonomy":"product_cat","embeddable":true,"href":"https:\/\/food-shop.org\/index.php?rest_route=%2Fwp%2Fv2%2Fproduct_cat&post=7924"},{"taxonomy":"product_tag","embeddable":true,"href":"https:\/\/food-shop.org\/index.php?rest_route=%2Fwp%2Fv2%2Fproduct_tag&post=7924"}],"curies":[{"name":"wp","href":"https:\/\/api.w.org\/{rel}","templated":true}]}}