{"id":7900,"date":"2020-08-31T14:42:42","date_gmt":"2020-08-31T14:42:42","guid":{"rendered":"https:\/\/food-shop.org\/?product=aptamil-prosyneo-ha-2-800g"},"modified":"2023-04-05T16:30:50","modified_gmt":"2023-04-05T16:30:50","slug":"aptamil-prosyneo-ha-2-800g","status":"publish","type":"product","link":"https:\/\/food-shop.org\/?product=aptamil-prosyneo-ha-2-800g","title":{"rendered":"Aptamil HA 2 \u2013 Anschlussnahrung nach dem 6. Monat, Mit Omega 3 &amp; 6, DHA, ARA &amp; ALA, Nur Laktose, Ohne Palm\u00f6l\u2026"},"content":{"rendered":"<p><!-- show up to 2 reviews by default --> <\/p>\n<h3>Produktbeschreibung<\/h3>\n<p>UNSERE EINZIGARTIGE EXPERTISEBei der Geburt ist das Immunsystem eines Babys noch unreif und entwickelt sich erst langsam. Es kann Faktoren geben, die die Entwicklung des Immunsystems vor eine Herausforderung stellen.Basierend auf \u00fcber 40 Jahren Forschung hat unser Team mit mehr als 400 Wissenschaftlern und Experten dazu beigetragen, unsere fortschrittlichste HA-Folgenahrung zu entwickeln: Aptamil HA 2 mit Syneo &#8211; unserer einzigartigen Kombination aus GOS\/FOS und Bifidus Breve. Sie unterst\u00fctzt mit den Vitaminen A, C und D das Immunsystem Ihres Babys.N\u00c4CHSTE GENERATION APTAMIL MIT PATENTIERTER KOMBINATIONAptamil HA vereint unsere einzigartige Syneo Kombination und hydrolysiertes (schonend aufgespaltenes) Protein. GOS\/FOS \u2013 Unsere patentierte Ballaststoffmischung Bifidus Breve \u2013 Teil der Bakterienfamilie, die nat\u00fcrlicherweise im Darm von Kindern vorkommtEnth\u00e4lt au\u00dferdem: Omega-3 Fetts\u00e4ure\/ALA Unterst\u00fctzt die normale Gehirn- und Nervenzellenentwicklung Ihres Babys <\/p>\n<h3>Inhaltsstoffe \/ Zutaten<\/h3>\n<p>Zutaten: Lactose (aus MILCH), Molkenproteinhydrolysat (aus MILCH), pflanzliche \u00d6le (Palm-, Raps-, Kokosnuss-, Sonnenblumen\u00f6l), Oligosaccharide (Gelactooligosaccharide (aus MILCH), Fructooligosaccharide), Emulgator (Citronens\u00e4ureester von Mono- und Diglycerdien von Speisefetts\u00e4uren, SOJALECITHIN), Kaliumorthophosphat, Calciumchlorid, Calciumorthphosphat, Calciumchlorid, Calciumorthphosphat, FISCH\u00d6L, \u00d6l aus Mortierella alpina, Cholinchlorid, Vitamin C, Taurin, Eisen-II-Sulfat, Bifidobacterium breve M-16V, Zinksulfat, Inositol, Nucleoide (Natriumsalze von Uridin-, Cytidin-, Adenosin-, Inosin-, Guanosin-5-Monophosphat), Vitamin E, L-Carnitin, Niacin, Panothens\u00e4ure, Kupfersulfat, Vitamin A, Vitamin B2, Kaliumjodid, Mangan-II-Sulfat, Fols\u00e4ure, Vitamin K, Biotin, Natriumselenit, Vitamin D, Vitamin B12. <\/p>\n<div data-a-expander-name=\"toggle_description\" class=\"a-row a-expander-container a-expander-extend-container\">\n<div class=\"a-expander-content a-expander-extend-content\">\n<h3>Gebrauchsanweisung<\/h3>\n<p>Zubereitung: Beachten Sie bei der Zubereitung von Aptamil HA 2 genau die Gebrauchsanweisung. Unsachgem\u00e4\u00dfe Zubereitung und Lagerung kann zu gesundheitlichen Beeintr\u00e4chtigungen durch Wachstum unerw\u00fcnschter Keime f\u00fchren. Bereiten Sie die Nahrung vor jeder Mahlzeit frisch zu und f\u00fcttern Sie diese sofort. Nahrungsreste nicht wiederverwenden. Flasche, Sauger und Ring gr\u00fcndlich reinigen. Erw\u00e4rmen Sie Milchnahrung nicht in der Mikrowelle (\u00dcberhitzungsgefahr). 1. Frisches, abgekochtes Trinkwasser abk\u00fchlen lassen und bei einer Temperatur von maximal 40\u00b0C verwenden. 2\/3 der ben\u00f6tigten Wassermenge in die Flasche geben. 2. F\u00fcr eine genaue Dosierung des Pulvers den beiliegenden Messl\u00f6ffel am Abstreifer abstreifen. Nur den beiliegenden Messl\u00f6ffel verwenden. 3. Ben\u00f6tigte Menge Pulver in die Flasche geben. Flasche verschlie\u00dfen und kr\u00e4ftig sch\u00fctteln, restliche Trinkwassermenge dazugie\u00dfen und den Flascheninhalt nochmals kr\u00e4ftig sch\u00fctteln. 4. Flasche \u00f6ffnen und Sauger befestigen. Flascheninhalt auf Trinktemperatur (ca. 37\u00b0C) \u00fcberpr\u00fcfen. <\/p>\n<h3>Warnhinweise<\/h3>\n<p>Zur Ern\u00e4hrung: Ausschlie\u00dfliches Stillen in den ersten 6 Monaten ist ideal f\u00fcr Ihr Baby. Wie jede Folgemilch sollte Aptamil\u00ae HA 2 nicht in den ersten 6 Monaten als Muttermilchersatz verwendet werden, sondern grunds\u00e4tzlich erst nach 6 Monaten als Bestandteil einer gemischten Ern\u00e4hrung. Die individuellen Wachstums- und Entwicklungsbed\u00fcrfnisse Ihres Babys k\u00f6nnen es allerdings erforderlich machen, Folgenahrungen als Teil einer Mischkost bereits zu einem fr\u00fcheren Zeitpunkt in den Speiseplan Ihres Babys einzuf\u00fchren. Bitte lassen Sie sich dazu von Ihrem Kinderarzt beraten. <\/p>\n<h3>Anschrift Hersteller\/Importeur<\/h3>\n<p>Postfach 100359; 60003 Frankfurt <\/p>\n<\/p><\/div>\n<p> <a href=\"void(0)\" data-action=\"a-expander-toggle\" class=\"a-expander-header a-declarative a-expander-extend-header\" data-a-expander-toggle=\"{\"><i class=\"a-icon a-icon-extender-expand\"><\/i><span class=\"a-expander-prompt\">Weitere Informationen<\/span><\/a> <\/div>\n<p>Speziell entwickelte RezepturUnterst\u00fctzt das Immunsystem<br \/>\nHydrolysiertes Protein &#8211; \u0410llergenarm<br \/>\nOmega-3\/ALA<br \/>\nGos\/Fos<br \/>\nBifidus Breve<br \/>\n<div class=\"main-cross-sell\" data-asin=\"B07KJCRJKJ\">\n\n\t<div class=\"WooZone-cross-sell-loader\">\n\t\t<div>\n\t\t\t<div id=\"floatingBarsG\">\n\t\t\t\t<div class=\"blockG\" id=\"rotateG_01\"><\/div>\n\t\t\t\t<div class=\"blockG\" id=\"rotateG_02\"><\/div>\n\t\t\t\t<div class=\"blockG\" id=\"rotateG_03\"><\/div>\n\t\t\t\t<div class=\"blockG\" id=\"rotateG_04\"><\/div>\n\t\t\t\t<div class=\"blockG\" id=\"rotateG_05\"><\/div>\n\t\t\t\t<div class=\"blockG\" id=\"rotateG_06\"><\/div>\n\t\t\t\t<div class=\"blockG\" id=\"rotateG_07\"><\/div>\n\t\t\t\t<div class=\"blockG\" id=\"rotateG_08\"><\/div>\n\t\t\t<\/div>\n\t\t\t<div class=\"WooZone-cross-sell-loader-text\"><\/div>\n\t\t<\/div>\n\t<\/div>\n\n\t\t\n<\/div>\n<div style=\"clear:both;\"><\/div>\n","protected":false},"excerpt":{"rendered":"Speziell entwickelte RezepturUnterst\u00fctzt das Immunsystem\nHydrolysiertes Protein - \u0410llergenarm\nOmega-3\/ALA","protected":false},"featured_media":7901,"comment_status":"open","ping_status":"closed","template":"","meta":[],"product_cat":[61,64],"product_tag":[],"_links":{"self":[{"href":"https:\/\/food-shop.org\/index.php?rest_route=\/wp\/v2\/product\/7900"}],"collection":[{"href":"https:\/\/food-shop.org\/index.php?rest_route=\/wp\/v2\/product"}],"about":[{"href":"https:\/\/food-shop.org\/index.php?rest_route=\/wp\/v2\/types\/product"}],"replies":[{"embeddable":true,"href":"https:\/\/food-shop.org\/index.php?rest_route=%2Fwp%2Fv2%2Fcomments&post=7900"}],"wp:featuredmedia":[{"embeddable":true,"href":"https:\/\/food-shop.org\/index.php?rest_route=\/wp\/v2\/media\/7901"}],"wp:attachment":[{"href":"https:\/\/food-shop.org\/index.php?rest_route=%2Fwp%2Fv2%2Fmedia&parent=7900"}],"wp:term":[{"taxonomy":"product_cat","embeddable":true,"href":"https:\/\/food-shop.org\/index.php?rest_route=%2Fwp%2Fv2%2Fproduct_cat&post=7900"},{"taxonomy":"product_tag","embeddable":true,"href":"https:\/\/food-shop.org\/index.php?rest_route=%2Fwp%2Fv2%2Fproduct_tag&post=7900"}],"curies":[{"name":"wp","href":"https:\/\/api.w.org\/{rel}","templated":true}]}}