{"id":7828,"date":"2020-08-31T14:42:01","date_gmt":"2020-08-31T14:42:01","guid":{"rendered":"https:\/\/food-shop.org\/?product=hipp-griessbrei-pur-bio-6er-pack-6-x-190-g"},"modified":"2023-04-05T16:30:49","modified_gmt":"2023-04-05T16:30:49","slug":"hipp-griessbrei-pur-bio-6er-pack-6-x-190-g","status":"publish","type":"product","link":"https:\/\/food-shop.org\/?product=hipp-griessbrei-pur-bio-6er-pack-6-x-190-g","title":{"rendered":"HiPP Grie\u00dfbrei pur Bio, 6er Pack (6 x 190 g)"},"content":{"rendered":"<p><!-- show up to 2 reviews by default --> <\/p>\n<h3>Produktbeschreibung<\/h3>\n<\/p>\n<h5>Hipp Gute Nacht Bio Milchbrei mit Milchzubereitung und Weizengrie\u00df<\/h5>\n<ul>\n<li>F\u00fcr die sichere und ausgewogene Ern\u00e4hrung Ihres Babys<\/li>\n<li>Reich an Vitamin B1 und Calcium<\/li>\n<li>Mit Vitamin A und D<\/li>\n<li>Ohne Zusatz von Aromen, Farbstoffen, Konservierungsstoffen, modifizierter St\u00e4rke<\/li>\n<\/ul>\n<h3>Inhaltsstoffe \/ Zutaten<\/h3>\n<p>Zutaten: Milchzubereitung (MILCH* 60%, Wasser, Maiskeim\u00f6l), WEIZENGRIESS* 5%, Vollkorngetreideflocken* 2% (WEIZEN*, DINKEL*(1),HAFER*), St\u00e4rke*, Calciumcarbonat, Vitamin B1, Vitamin A, Vitamin D. *Aus biologischer Erzeugung. (1)DINKEL ist eine WEIZENART. <\/p>\n<div data-a-expander-name=\"toggle_description\" class=\"a-row a-expander-container a-expander-extend-container\">\n<div class=\"a-expander-content a-expander-extend-content\">\n<h3>Gebrauchsanweisung<\/h3>\n<p>Schmeckt warm &amp; kalt. Bei Bedarf ge\u00f6ffnetes Glas bzw. ben\u00f6tigte Teilmenge in Wasserbad oder Mikrowelle erw\u00e4rmen, mit einem unbenutzten Plastikl\u00f6ffel umr\u00fchren und Temperatur pr\u00fcfen. Speichelkontakt kann den Brei verfl\u00fcssigen. <\/p>\n<h3>Warnhinweise<\/h3>\n<p>Um das Glas nicht zu besch\u00e4digen, bitte nur Plastikl\u00f6ffel verwenden. Um vor Karies zu sch\u00fctzen, bitte nach der Abendmahlzeit die Z\u00e4hne puten. <\/p>\n<h3>Anschrift Hersteller\/Importeur<\/h3>\n<p>D-85273 PFAFFENHOFEN <\/p>\n<\/p><\/div>\n<p> <a href=\"void(0)\" data-action=\"a-expander-toggle\" class=\"a-expander-header a-declarative a-expander-extend-header\" data-a-expander-toggle=\"{\"><i class=\"a-icon a-icon-extender-expand\"><\/i><span class=\"a-expander-prompt\">Weitere Informationen<\/span><\/a> <\/div>\n<p>Babygerechte Milchzubereitung<br \/>\nVollwertige Milch-Getreidebreie<br \/>\nZum kalten oder warmen Verzehr geeignet<br \/>\nMit Vollwertflocken<br \/>\nOhne Zuckerzusatz<br \/>\n<div class=\"main-cross-sell\" data-asin=\"B003R7KVYS\">\n\n\t<div class=\"WooZone-cross-sell-loader\">\n\t\t<div>\n\t\t\t<div id=\"floatingBarsG\">\n\t\t\t\t<div class=\"blockG\" id=\"rotateG_01\"><\/div>\n\t\t\t\t<div class=\"blockG\" id=\"rotateG_02\"><\/div>\n\t\t\t\t<div class=\"blockG\" id=\"rotateG_03\"><\/div>\n\t\t\t\t<div class=\"blockG\" id=\"rotateG_04\"><\/div>\n\t\t\t\t<div class=\"blockG\" id=\"rotateG_05\"><\/div>\n\t\t\t\t<div class=\"blockG\" id=\"rotateG_06\"><\/div>\n\t\t\t\t<div class=\"blockG\" id=\"rotateG_07\"><\/div>\n\t\t\t\t<div class=\"blockG\" id=\"rotateG_08\"><\/div>\n\t\t\t<\/div>\n\t\t\t<div class=\"WooZone-cross-sell-loader-text\"><\/div>\n\t\t<\/div>\n\t<\/div>\n\n\t\t\n<\/div>\n<div style=\"clear:both;\"><\/div>\n","protected":false},"excerpt":{"rendered":"Babygerechte Milchzubereitung\nVollwertige Milch-Getreidebreie\nZum kalten oder warmen Verzehr geeignet","protected":false},"featured_media":7829,"comment_status":"open","ping_status":"closed","template":"","meta":[],"product_cat":[61,64],"product_tag":[],"_links":{"self":[{"href":"https:\/\/food-shop.org\/index.php?rest_route=\/wp\/v2\/product\/7828"}],"collection":[{"href":"https:\/\/food-shop.org\/index.php?rest_route=\/wp\/v2\/product"}],"about":[{"href":"https:\/\/food-shop.org\/index.php?rest_route=\/wp\/v2\/types\/product"}],"replies":[{"embeddable":true,"href":"https:\/\/food-shop.org\/index.php?rest_route=%2Fwp%2Fv2%2Fcomments&post=7828"}],"wp:featuredmedia":[{"embeddable":true,"href":"https:\/\/food-shop.org\/index.php?rest_route=\/wp\/v2\/media\/7829"}],"wp:attachment":[{"href":"https:\/\/food-shop.org\/index.php?rest_route=%2Fwp%2Fv2%2Fmedia&parent=7828"}],"wp:term":[{"taxonomy":"product_cat","embeddable":true,"href":"https:\/\/food-shop.org\/index.php?rest_route=%2Fwp%2Fv2%2Fproduct_cat&post=7828"},{"taxonomy":"product_tag","embeddable":true,"href":"https:\/\/food-shop.org\/index.php?rest_route=%2Fwp%2Fv2%2Fproduct_tag&post=7828"}],"curies":[{"name":"wp","href":"https:\/\/api.w.org\/{rel}","templated":true}]}}