{"id":7812,"date":"2020-08-31T14:41:51","date_gmt":"2020-08-31T14:41:51","guid":{"rendered":"https:\/\/food-shop.org\/?product=holle-bio-anfangsmilch-1-6er-pack-6-x-400g"},"modified":"2023-04-05T16:30:49","modified_gmt":"2023-04-05T16:30:49","slug":"holle-bio-anfangsmilch-1-6er-pack-6-x-400g","status":"publish","type":"product","link":"https:\/\/food-shop.org\/?product=holle-bio-anfangsmilch-1-6er-pack-6-x-400g","title":{"rendered":"Holle Bio Anfangsmilch 1, 6er Pack (6 x 400g)"},"content":{"rendered":"<p><!-- show up to 2 reviews by default --> <\/p>\n<p>Stillen ist ideal f\u00fcr Ihr Baby. Wir empfehlen Ihnen, sich bei Fachkr\u00e4ften (Arzt, Ern\u00e4hrungsberater) \u00fcber die Vorz\u00fcge des Stillens zu informieren. Herstellung F\u00fcr die Holle Bio-Anfangsmilch 1 wird hochwertige Demeter-Milch verwendet und besteht zu 99% aus Zutaten der biologisch-dynamischen und biologischen Landwirtschaft. Geeignet f\u00fcr die besondere Ern\u00e4hrung von S\u00e4uglingen von Geburt an, wenn nicht oder nicht ausreichend gestillt werden kann. Sie k\u00f6nnen jederzeit von anderen Milchnahrungen problemlos auf die Holle Bio-Anfangsmilch 1 umstellen. <\/p>\n<p>Stillen ist ideal f\u00fcr Ihr Baby. Wir empfehlen Ihnen, sich bei Fachkr\u00e4ften (Arzt, Ern\u00e4hrungsberater) \u00fcber die Vorz\u00fcge des Stillens zu informieren.<br \/>\nF\u00fcr die Holle Bio-Anfangsmilch 1 wird hochwertige Demeter-Milch verwendet und besteht zu 99% aus Zutaten der biologisch-dynamischen und biologischen Landwirtschaft.<br \/>\nGeeignet f\u00fcr die besondere Ern\u00e4hrung von S\u00e4uglingen von Geburt an, wenn nicht oder nicht ausreichend gestillt werden kann<br \/>\nie k\u00f6nnen jederzeit von anderen Milchnahrungen problemlos auf die Holle Bio-Anfangsmilch 1 umstellen.<br \/>\n<div class=\"main-cross-sell\" data-asin=\"B00QNQDSGI\">\n\n\t<div class=\"WooZone-cross-sell-loader\">\n\t\t<div>\n\t\t\t<div id=\"floatingBarsG\">\n\t\t\t\t<div class=\"blockG\" id=\"rotateG_01\"><\/div>\n\t\t\t\t<div class=\"blockG\" id=\"rotateG_02\"><\/div>\n\t\t\t\t<div class=\"blockG\" id=\"rotateG_03\"><\/div>\n\t\t\t\t<div class=\"blockG\" id=\"rotateG_04\"><\/div>\n\t\t\t\t<div class=\"blockG\" id=\"rotateG_05\"><\/div>\n\t\t\t\t<div class=\"blockG\" id=\"rotateG_06\"><\/div>\n\t\t\t\t<div class=\"blockG\" id=\"rotateG_07\"><\/div>\n\t\t\t\t<div class=\"blockG\" id=\"rotateG_08\"><\/div>\n\t\t\t<\/div>\n\t\t\t<div class=\"WooZone-cross-sell-loader-text\"><\/div>\n\t\t<\/div>\n\t<\/div>\n\n\t\t\n<\/div>\n<div style=\"clear:both;\"><\/div>\n","protected":false},"excerpt":{"rendered":"Stillen ist ideal f\u00fcr Ihr Baby. Wir empfehlen Ihnen, sich bei Fachkr\u00e4ften (Arzt, Ern\u00e4hrungsberater) \u00fcber die Vorz\u00fcge des Stillens zu informieren.\nF\u00fcr die Holle Bio-Anfangsmilch 1 wird hochwertige Demeter-Milch verwendet und besteht zu 99% aus Zutaten der biologisch-dynamischen und biologischen Landwirtschaft.\nGeeignet f\u00fcr die besondere Ern\u00e4hrung von S\u00e4uglingen von Geburt an, wenn nicht oder nicht ausreichend gestillt werden kann","protected":false},"featured_media":7813,"comment_status":"open","ping_status":"closed","template":"","meta":[],"product_cat":[61,64],"product_tag":[],"_links":{"self":[{"href":"https:\/\/food-shop.org\/index.php?rest_route=\/wp\/v2\/product\/7812"}],"collection":[{"href":"https:\/\/food-shop.org\/index.php?rest_route=\/wp\/v2\/product"}],"about":[{"href":"https:\/\/food-shop.org\/index.php?rest_route=\/wp\/v2\/types\/product"}],"replies":[{"embeddable":true,"href":"https:\/\/food-shop.org\/index.php?rest_route=%2Fwp%2Fv2%2Fcomments&post=7812"}],"wp:featuredmedia":[{"embeddable":true,"href":"https:\/\/food-shop.org\/index.php?rest_route=\/wp\/v2\/media\/7813"}],"wp:attachment":[{"href":"https:\/\/food-shop.org\/index.php?rest_route=%2Fwp%2Fv2%2Fmedia&parent=7812"}],"wp:term":[{"taxonomy":"product_cat","embeddable":true,"href":"https:\/\/food-shop.org\/index.php?rest_route=%2Fwp%2Fv2%2Fproduct_cat&post=7812"},{"taxonomy":"product_tag","embeddable":true,"href":"https:\/\/food-shop.org\/index.php?rest_route=%2Fwp%2Fv2%2Fproduct_tag&post=7812"}],"curies":[{"name":"wp","href":"https:\/\/api.w.org\/{rel}","templated":true}]}}