{"id":7736,"date":"2020-08-31T14:41:13","date_gmt":"2020-08-31T14:41:13","guid":{"rendered":"https:\/\/food-shop.org\/?product=koelln-schmelzflocken-bio-6er-pack-6-x-250-g"},"modified":"2023-04-10T18:03:48","modified_gmt":"2023-04-10T18:03:48","slug":"koelln-schmelzflocken-bio-6er-pack-6-x-250-g","status":"publish","type":"product","link":"https:\/\/food-shop.org\/?product=koelln-schmelzflocken-bio-6er-pack-6-x-250-g","title":{"rendered":"K\u00f6lln Schmelzflocken Bio, 6er Pack (6 x 250 g)"},"content":{"rendered":"<p><!-- show up to 2 reviews by default --> <\/p>\n<h3>Produktbeschreibung<\/h3>\n<\/p>\n<div class=\"aplus\">\n<h4>K\u00f6lln Schmelzflocken\u00ae Bio<\/h4>\n<p>K\u00f6lln Schmelzflocken\u00ae Bio werden aus gemahlenen Haferkernen zu zart schmelzenden Flocken verarbeitet. Sie sind ein speziell f\u00fcr die S\u00e4uglingsern\u00e4hrung hergestelltes di\u00e4tetisches Lebensmittel f\u00fcr die Selbstzubereitung von Breimahlzeiten im ersten Lebensjahr. F\u00fcr die Herstellung verwenden wir ausschlie\u00dflich Bio-Hafer aus \u00f6kologischem Anbau.<\/p>\n<\/div>\n<p><b>* Daten \u00fcbernommen aus der Produktbeschreibung des Herstellers<\/b> <\/p>\n<h3>Inhaltsstoffe \/ Zutaten<\/h3>\n<p>Zutaten: Vollkorn-HAFER aus \u00f6kologischem Anbau, Thiamin (Vitamin B1) <\/p>\n<div data-a-expander-name=\"toggle_description\" class=\"a-row a-expander-container a-expander-extend-container\">\n<div class=\"a-expander-content a-expander-extend-content\">\n<h3>Gebrauchsanweisung<\/h3>\n<p>Nach dem 4. bis 6. Lebensmonat kommt die Zeit f\u00fcr den ersten Brei. Als hauchzarte, leicht-l\u00f6sliche Vollkorn-Haferflocken sind K\u00f6lln Schmelzflocken eine vielseitige Grundlage f\u00fcr den Vollkorn- Haferbrei und f\u00fcr den milchfeien Getreide-Obstbrei. F\u00fcr die Gesundheit Ihres Babys ist es wichtig, dass die empfohlenen Dosierungen und Zubereitunghinweise eingehalten werden. Bereiten Sie die Mahlzeiten immer frisch zu und f\u00fcttern Sie diese gleich. \u00dcberpr\u00fcfen Sie vor dem F\u00fcttern die Temperatur. Verwenden Sie Nahrungsreste nicht wieder. <\/p>\n<h3>Warnhinweise<\/h3>\n<p>Die altersgerechte F\u00fctterung der Breimahlzeiten findet mit dem L\u00f6ffel statt. Wenn Sie den Brei trotzdem als Flasche anbieten, achten Sie bitte darauf, dass Ihr Kind nur so lange aus der Flasche trinkt, wie es f\u00fcr den eigentlichen Trinkvorgang notwendig ist, denn h\u00e4ufiger oder dauernder Kontakt von Kiefer und Z\u00e4hnen mit kohlenhydrathaltiger Nahrung kann Karies verursachen. Bitte achten Sie schon bei den ersten Z\u00e4hnchen auf eine gr\u00fcndliche Zahnpflege, besonders vor dem Schlafengehen. Erw\u00e4rmen Sie Babynahrung nicht in der Mikrowelle &#8211; \u00dcberhitzungsgefahr! <\/p>\n<h3>Anschrift Hersteller\/Importeur<\/h3>\n<p>25333 Elmshorn, Deutschland <\/p>\n<\/p><\/div>\n<p> <a href=\"void(0)\" data-action=\"a-expander-toggle\" class=\"a-expander-header a-declarative a-expander-extend-header\" data-a-expander-toggle=\"{\"><i class=\"a-icon a-icon-extender-expand\"><\/i><span class=\"a-expander-prompt\">Weitere Informationen<\/span><\/a> <\/div>\n<p>Ideal vor dem Schlafengehen &#8230; und gut s\u00e4ttigend<br \/>\nnach dem 4. Monat bis ins Kindesalter<br \/>\nvielseitige Zubereitungsm\u00f6glichkeiten<br \/>\n<div class=\"main-cross-sell\" data-asin=\"B00WMNFROM\">\n\n\t<div class=\"WooZone-cross-sell-loader\">\n\t\t<div>\n\t\t\t<div id=\"floatingBarsG\">\n\t\t\t\t<div class=\"blockG\" id=\"rotateG_01\"><\/div>\n\t\t\t\t<div class=\"blockG\" id=\"rotateG_02\"><\/div>\n\t\t\t\t<div class=\"blockG\" id=\"rotateG_03\"><\/div>\n\t\t\t\t<div class=\"blockG\" id=\"rotateG_04\"><\/div>\n\t\t\t\t<div class=\"blockG\" id=\"rotateG_05\"><\/div>\n\t\t\t\t<div class=\"blockG\" id=\"rotateG_06\"><\/div>\n\t\t\t\t<div class=\"blockG\" id=\"rotateG_07\"><\/div>\n\t\t\t\t<div class=\"blockG\" id=\"rotateG_08\"><\/div>\n\t\t\t<\/div>\n\t\t\t<div class=\"WooZone-cross-sell-loader-text\"><\/div>\n\t\t<\/div>\n\t<\/div>\n\n\t\t\n<\/div>\n<div style=\"clear:both;\"><\/div>\n","protected":false},"excerpt":{"rendered":"Ideal vor dem Schlafengehen ... und gut s\u00e4ttigend\nnach dem 4. Monat bis ins Kindesalter\nvielseitige Zubereitungsm\u00f6glichkeiten","protected":false},"featured_media":7737,"comment_status":"open","ping_status":"closed","template":"","meta":[],"product_cat":[61,64],"product_tag":[],"_links":{"self":[{"href":"https:\/\/food-shop.org\/index.php?rest_route=\/wp\/v2\/product\/7736"}],"collection":[{"href":"https:\/\/food-shop.org\/index.php?rest_route=\/wp\/v2\/product"}],"about":[{"href":"https:\/\/food-shop.org\/index.php?rest_route=\/wp\/v2\/types\/product"}],"replies":[{"embeddable":true,"href":"https:\/\/food-shop.org\/index.php?rest_route=%2Fwp%2Fv2%2Fcomments&post=7736"}],"wp:featuredmedia":[{"embeddable":true,"href":"https:\/\/food-shop.org\/index.php?rest_route=\/wp\/v2\/media\/7737"}],"wp:attachment":[{"href":"https:\/\/food-shop.org\/index.php?rest_route=%2Fwp%2Fv2%2Fmedia&parent=7736"}],"wp:term":[{"taxonomy":"product_cat","embeddable":true,"href":"https:\/\/food-shop.org\/index.php?rest_route=%2Fwp%2Fv2%2Fproduct_cat&post=7736"},{"taxonomy":"product_tag","embeddable":true,"href":"https:\/\/food-shop.org\/index.php?rest_route=%2Fwp%2Fv2%2Fproduct_tag&post=7736"}],"curies":[{"name":"wp","href":"https:\/\/api.w.org\/{rel}","templated":true}]}}