{"id":7692,"date":"2020-08-31T14:37:45","date_gmt":"2020-08-31T14:37:45","guid":{"rendered":"https:\/\/food-shop.org\/?product=hipp-pasta-bambini-tagliatelle-in-spinat-kaese-sauce-6er-pack-6-x-250-g"},"modified":"2023-04-10T18:03:48","modified_gmt":"2023-04-10T18:03:48","slug":"hipp-pasta-bambini-tagliatelle-in-spinat-kaese-sauce-6er-pack-6-x-250-g","status":"publish","type":"product","link":"https:\/\/food-shop.org\/?product=hipp-pasta-bambini-tagliatelle-in-spinat-kaese-sauce-6er-pack-6-x-250-g","title":{"rendered":"HiPP Pasta Bambini &#8211; Tagliatelle in Spinat-K\u00e4se-Sauce, 6er Pack (6 x 250 g)"},"content":{"rendered":"<div class=\"disclaim\"> Geschmack:<strong>Spinat-K\u00e4se-Sauce<\/strong> | Gr\u00f6\u00dfe:<strong>6er Pack (6 x 250 g)<\/strong> <\/div>\n<p> <!-- show up to 2 reviews by default --> <\/p>\n<h3>Produktbeschreibung<\/h3>\n<\/p>\n<h5>Hipp Pasta Bambini, Tagliatelle in Spinat-K\u00e4se-Sauce<\/h5>\n<p><b>So wird\u00b4s gegessen:<\/b> Als warme Mahlzeit. Ge\u00f6ffnetes Glas bzw. gew\u00fcnschte Teilmenge in Wasserbad oder Mikrowelle erw\u00e4rmen, umr\u00fchren und Temperatur pr\u00fcfen. Nicht erw\u00e4rmten Rest verschlossen in den K\u00fchlschrank stellen und am n\u00e4chsten Tag aufbrauchen. Um das Glas nicht zu besch\u00e4digen, bitte nur Plastikl\u00f6ffel verwenden. Achten Sie auf eine ausgewogene Ern\u00e4hrung und gesunde Lebensweise.<\/p>\n<\/p>\n<h3>Inhaltsstoffe \/ Zutaten<\/h3>\n<p>Zutaten: ENTRAHMTE MILCH*, Tagliatelle* gekocht (HARTWEIZEN) 21%, Wasser, Spinat* 7%, Zucchini* 6%, WEIZENMEHL*, SAHNE*, Zwiebeln*, GERIEBENER HARTK\u00c4SE* 1,7%, Raps\u00f6l* 1,3%, jodiertes Speisesalz. *Aus biologischer Erzeugung. Hinweise: Kann SPUREN VON EI enthalten. <\/p>\n<div data-a-expander-name=\"toggle_description\" class=\"a-row a-expander-container a-expander-extend-container\">\n<div class=\"a-expander-content a-expander-extend-content\">\n<h3>Gebrauchsanweisung<\/h3>\n<p>Ge\u00f6ffnetes Glas bzw. gew\u00fcnschte Teilmenge in Wasserbad oder Mikrowelle erw\u00e4rmen, umr\u00fchren und Temperatur pr\u00fcfen. Um das Glas nicht zu besch\u00e4digen, bitte nur Plastikl\u00f6ffel verwenden. <\/p>\n<h3>Anschrift Hersteller\/Importeur<\/h3>\n<p>D-85273 PFAFFENHOFEN <\/p>\n<\/p><\/div>\n<p> <a href=\"void(0)\" data-action=\"a-expander-toggle\" class=\"a-expander-header a-declarative a-expander-extend-header\" data-a-expander-toggle=\"{\"><i class=\"a-icon a-icon-extender-expand\"><\/i><span class=\"a-expander-prompt\">Weitere Informationen<\/span><\/a> <\/div>\n<p>Salzarm<br \/>\nOhne Aromen, Konservierungsstoffe, Farbstoffe und Verdickungsmittel<br \/>\nSt\u00fcckig &#8211; wichtig f\u00fcrs Kauenlernen<br \/>\nMit Omega-3-Fetts\u00e4uren &#8211; wichtig f\u00fcr Gehirn- und Nervenzellen<br \/>\nMit Jod<br \/>\n<div class=\"main-cross-sell\" data-asin=\"B01BEZ153K\">\n\n\t<div class=\"WooZone-cross-sell-loader\">\n\t\t<div>\n\t\t\t<div id=\"floatingBarsG\">\n\t\t\t\t<div class=\"blockG\" id=\"rotateG_01\"><\/div>\n\t\t\t\t<div class=\"blockG\" id=\"rotateG_02\"><\/div>\n\t\t\t\t<div class=\"blockG\" id=\"rotateG_03\"><\/div>\n\t\t\t\t<div class=\"blockG\" id=\"rotateG_04\"><\/div>\n\t\t\t\t<div class=\"blockG\" id=\"rotateG_05\"><\/div>\n\t\t\t\t<div class=\"blockG\" id=\"rotateG_06\"><\/div>\n\t\t\t\t<div class=\"blockG\" id=\"rotateG_07\"><\/div>\n\t\t\t\t<div class=\"blockG\" id=\"rotateG_08\"><\/div>\n\t\t\t<\/div>\n\t\t\t<div class=\"WooZone-cross-sell-loader-text\"><\/div>\n\t\t<\/div>\n\t<\/div>\n\n\t\t\n<\/div>\n<div style=\"clear:both;\"><\/div>\n","protected":false},"excerpt":{"rendered":"Salzarm\nOhne Aromen, Konservierungsstoffe, Farbstoffe und Verdickungsmittel\nSt\u00fcckig - wichtig f\u00fcrs Kauenlernen","protected":false},"featured_media":7693,"comment_status":"open","ping_status":"closed","template":"","meta":[],"product_cat":[61,64],"product_tag":[],"_links":{"self":[{"href":"https:\/\/food-shop.org\/index.php?rest_route=\/wp\/v2\/product\/7692"}],"collection":[{"href":"https:\/\/food-shop.org\/index.php?rest_route=\/wp\/v2\/product"}],"about":[{"href":"https:\/\/food-shop.org\/index.php?rest_route=\/wp\/v2\/types\/product"}],"replies":[{"embeddable":true,"href":"https:\/\/food-shop.org\/index.php?rest_route=%2Fwp%2Fv2%2Fcomments&post=7692"}],"wp:featuredmedia":[{"embeddable":true,"href":"https:\/\/food-shop.org\/index.php?rest_route=\/wp\/v2\/media\/7693"}],"wp:attachment":[{"href":"https:\/\/food-shop.org\/index.php?rest_route=%2Fwp%2Fv2%2Fmedia&parent=7692"}],"wp:term":[{"taxonomy":"product_cat","embeddable":true,"href":"https:\/\/food-shop.org\/index.php?rest_route=%2Fwp%2Fv2%2Fproduct_cat&post=7692"},{"taxonomy":"product_tag","embeddable":true,"href":"https:\/\/food-shop.org\/index.php?rest_route=%2Fwp%2Fv2%2Fproduct_tag&post=7692"}],"curies":[{"name":"wp","href":"https:\/\/api.w.org\/{rel}","templated":true}]}}