{"id":7676,"date":"2020-08-31T14:37:39","date_gmt":"2020-08-31T14:37:39","guid":{"rendered":"https:\/\/food-shop.org\/?product=hipp-fruechte-bio-apfel-6er-pack-6-x-125-g"},"modified":"2023-04-10T18:03:47","modified_gmt":"2023-04-10T18:03:47","slug":"hipp-fruechte-bio-apfel-6er-pack-6-x-125-g","status":"publish","type":"product","link":"https:\/\/food-shop.org\/?product=hipp-fruechte-bio-apfel-6er-pack-6-x-125-g","title":{"rendered":"HiPP Fr\u00fcchte Bio-Apfel, 6er Pack (6 x 125 g)"},"content":{"rendered":"<p><!-- show up to 2 reviews by default --> <\/p>\n<h3>Produktbeschreibung<\/h3>\n<\/p>\n<h5>Hipp Bio-Apfel<\/h5>\n<p>Die Hipp Fr\u00fcchte sind reich an Vitamin C und helfen so die Abwehrkr\u00e4fte Ihres Kindes zu st\u00e4rken.<\/p>\n<\/p>\n<h3>Gebrauchsanweisung<\/h3>\n<p>Gew\u00fcnschte Menge entnehmen <\/p>\n<div data-a-expander-name=\"toggle_description\" class=\"a-row a-expander-container a-expander-extend-container\">\n<div class=\"a-expander-content a-expander-extend-content\">\n<h3>Warnhinweise<\/h3>\n<p>Nicht dem direkten Sonnenlicht aussetzen; zerbrechlich <\/p>\n<h3>Anschrift Hersteller\/Importeur<\/h3>\n<p>D-85273 PFAFFENHOFEN <\/p>\n<\/p><\/div>\n<p> <a href=\"void(0)\" data-action=\"a-expander-toggle\" class=\"a-expander-header a-declarative a-expander-extend-header\" data-a-expander-toggle=\"{\"><i class=\"a-icon a-icon-extender-expand\"><\/i><span class=\"a-expander-prompt\">Weitere Informationen<\/span><\/a> <\/div>\n<p>Zu Babys Ern\u00e4hrung geh\u00f6rt Obst als unentbehrlicher Spender von Vitaminen, Mineralstoffen und Spurenelementen<br \/>\nF\u00fcr Hipp werden nur besonders streng kontrollierte Fr\u00fcchte ausgew\u00e4hlt<br \/>\nDie Hipp Fr\u00fcchte sind ideal als Nachspeise oder Zutat zum Brei und schmecken dabei besonders gut<br \/>\nVerwendet werden spezielle Obstsorten, die gen\u00fcgend Zeit zum Reifen hatten und so ganz nat\u00fcrlich ihren vollen Fruchtgeschmack entwickeln konnten &#8211; ohne Zusatz von Aromen und Zucker (Zutaten enthalten von Natur aus Zucker)<br \/>\nOhne Zusatz von Milchprodukten<br \/>\n<div class=\"main-cross-sell\" data-asin=\"B06XTK1WJV\">\n\n\t<div class=\"WooZone-cross-sell-loader\">\n\t\t<div>\n\t\t\t<div id=\"floatingBarsG\">\n\t\t\t\t<div class=\"blockG\" id=\"rotateG_01\"><\/div>\n\t\t\t\t<div class=\"blockG\" id=\"rotateG_02\"><\/div>\n\t\t\t\t<div class=\"blockG\" id=\"rotateG_03\"><\/div>\n\t\t\t\t<div class=\"blockG\" id=\"rotateG_04\"><\/div>\n\t\t\t\t<div class=\"blockG\" id=\"rotateG_05\"><\/div>\n\t\t\t\t<div class=\"blockG\" id=\"rotateG_06\"><\/div>\n\t\t\t\t<div class=\"blockG\" id=\"rotateG_07\"><\/div>\n\t\t\t\t<div class=\"blockG\" id=\"rotateG_08\"><\/div>\n\t\t\t<\/div>\n\t\t\t<div class=\"WooZone-cross-sell-loader-text\"><\/div>\n\t\t<\/div>\n\t<\/div>\n\n\t\t\n<\/div>\n<div style=\"clear:both;\"><\/div>\n","protected":false},"excerpt":{"rendered":"Zu Babys Ern\u00e4hrung geh\u00f6rt Obst als unentbehrlicher Spender von Vitaminen, Mineralstoffen und Spurenelementen\nF\u00fcr Hipp werden nur besonders streng kontrollierte Fr\u00fcchte ausgew\u00e4hlt\nDie Hipp Fr\u00fcchte sind ideal als Nachspeise oder Zutat zum Brei und schmecken dabei besonders gut","protected":false},"featured_media":7677,"comment_status":"open","ping_status":"closed","template":"","meta":[],"product_cat":[61,64],"product_tag":[],"_links":{"self":[{"href":"https:\/\/food-shop.org\/index.php?rest_route=\/wp\/v2\/product\/7676"}],"collection":[{"href":"https:\/\/food-shop.org\/index.php?rest_route=\/wp\/v2\/product"}],"about":[{"href":"https:\/\/food-shop.org\/index.php?rest_route=\/wp\/v2\/types\/product"}],"replies":[{"embeddable":true,"href":"https:\/\/food-shop.org\/index.php?rest_route=%2Fwp%2Fv2%2Fcomments&post=7676"}],"wp:featuredmedia":[{"embeddable":true,"href":"https:\/\/food-shop.org\/index.php?rest_route=\/wp\/v2\/media\/7677"}],"wp:attachment":[{"href":"https:\/\/food-shop.org\/index.php?rest_route=%2Fwp%2Fv2%2Fmedia&parent=7676"}],"wp:term":[{"taxonomy":"product_cat","embeddable":true,"href":"https:\/\/food-shop.org\/index.php?rest_route=%2Fwp%2Fv2%2Fproduct_cat&post=7676"},{"taxonomy":"product_tag","embeddable":true,"href":"https:\/\/food-shop.org\/index.php?rest_route=%2Fwp%2Fv2%2Fproduct_tag&post=7676"}],"curies":[{"name":"wp","href":"https:\/\/api.w.org\/{rel}","templated":true}]}}