{"id":7664,"date":"2020-08-31T14:37:35","date_gmt":"2020-08-31T14:37:35","guid":{"rendered":"https:\/\/food-shop.org\/?product=hipp-fuer-kleine-feinschmecker-nektarine-in-apfel-mango-6er-pack-6-x-190-g"},"modified":"2023-04-10T18:03:47","modified_gmt":"2023-04-10T18:03:47","slug":"hipp-fuer-kleine-feinschmecker-nektarine-in-apfel-mango-6er-pack-6-x-190-g","status":"publish","type":"product","link":"https:\/\/food-shop.org\/?product=hipp-fuer-kleine-feinschmecker-nektarine-in-apfel-mango-6er-pack-6-x-190-g","title":{"rendered":"HiPP f\u00fcr kleine Feinschmecker, Nektarine in Apfel-Mango, ohne Zuckerzusatz, 6 x 190g"},"content":{"rendered":"<p><!-- show up to 2 reviews by default --> <\/p>\n<h3>Produktbeschreibung<\/h3>\n<p>Die Fr\u00fcchte-Sorten &#8222;F\u00fcr kleine Feinschmecker&#8220; von HiPP bringen einzigartige Rezepturen in das Babygl\u00e4schen. Die Sorte &#8222;Holunderbl\u00fcte in Apfel-Birne&#8220; besteht aus besten Bio-Fr\u00fcchten. Sie ist ideal geeignet f\u00fcr Babys ab dem 6. Monat, als Nachspeise oder Zutat zum Brei. <\/p>\n<h3>Inhaltsstoffe \/ Zutaten<\/h3>\n<p>Zutaten: Fr\u00fcchte* 100% (\u00c4pfel* 60%, Nektarinen* 30%, Mango* 10%). *Aus biologischer Erzeugung <\/p>\n<div data-a-expander-name=\"toggle_description\" class=\"a-row a-expander-container a-expander-extend-container\">\n<div class=\"a-expander-content a-expander-extend-content\">\n<h3>Gebrauchsanweisung<\/h3>\n<p>Gew\u00fcnschte Menge entnehmen <\/p>\n<h3>Warnhinweise<\/h3>\n<p>Nicht dem direkten Sonnenlicht aussetzen; zerbrechlich <\/p>\n<h3>Anschrift Hersteller\/Importeur<\/h3>\n<p>D-85273 PFAFFENHOFEN <\/p>\n<\/p><\/div>\n<p> <a href=\"void(0)\" data-action=\"a-expander-toggle\" class=\"a-expander-header a-declarative a-expander-extend-header\" data-a-expander-toggle=\"{\"><i class=\"a-icon a-icon-extender-expand\"><\/i><span class=\"a-expander-prompt\">Weitere Informationen<\/span><\/a> <\/div>\n<p>Ideal f\u00fcr kleine Feinschmecker<br \/>\nBio-Fr\u00fcchte<br \/>\nOhne Zuckerzusatz<br \/>\nAb 6. Monat<br \/>\nAls Nachspeise oder Zutat zum Brei<br \/>\n<div class=\"main-cross-sell\" data-asin=\"B078BQFWVW\">\n\n\t<div class=\"WooZone-cross-sell-loader\">\n\t\t<div>\n\t\t\t<div id=\"floatingBarsG\">\n\t\t\t\t<div class=\"blockG\" id=\"rotateG_01\"><\/div>\n\t\t\t\t<div class=\"blockG\" id=\"rotateG_02\"><\/div>\n\t\t\t\t<div class=\"blockG\" id=\"rotateG_03\"><\/div>\n\t\t\t\t<div class=\"blockG\" id=\"rotateG_04\"><\/div>\n\t\t\t\t<div class=\"blockG\" id=\"rotateG_05\"><\/div>\n\t\t\t\t<div class=\"blockG\" id=\"rotateG_06\"><\/div>\n\t\t\t\t<div class=\"blockG\" id=\"rotateG_07\"><\/div>\n\t\t\t\t<div class=\"blockG\" id=\"rotateG_08\"><\/div>\n\t\t\t<\/div>\n\t\t\t<div class=\"WooZone-cross-sell-loader-text\"><\/div>\n\t\t<\/div>\n\t<\/div>\n\n\t\t\n<\/div>\n<div style=\"clear:both;\"><\/div>\n","protected":false},"excerpt":{"rendered":"Ideal f\u00fcr kleine Feinschmecker\nBio-Fr\u00fcchte\nOhne Zuckerzusatz","protected":false},"featured_media":7665,"comment_status":"open","ping_status":"closed","template":"","meta":[],"product_cat":[61,64],"product_tag":[],"_links":{"self":[{"href":"https:\/\/food-shop.org\/index.php?rest_route=\/wp\/v2\/product\/7664"}],"collection":[{"href":"https:\/\/food-shop.org\/index.php?rest_route=\/wp\/v2\/product"}],"about":[{"href":"https:\/\/food-shop.org\/index.php?rest_route=\/wp\/v2\/types\/product"}],"replies":[{"embeddable":true,"href":"https:\/\/food-shop.org\/index.php?rest_route=%2Fwp%2Fv2%2Fcomments&post=7664"}],"wp:featuredmedia":[{"embeddable":true,"href":"https:\/\/food-shop.org\/index.php?rest_route=\/wp\/v2\/media\/7665"}],"wp:attachment":[{"href":"https:\/\/food-shop.org\/index.php?rest_route=%2Fwp%2Fv2%2Fmedia&parent=7664"}],"wp:term":[{"taxonomy":"product_cat","embeddable":true,"href":"https:\/\/food-shop.org\/index.php?rest_route=%2Fwp%2Fv2%2Fproduct_cat&post=7664"},{"taxonomy":"product_tag","embeddable":true,"href":"https:\/\/food-shop.org\/index.php?rest_route=%2Fwp%2Fv2%2Fproduct_tag&post=7664"}],"curies":[{"name":"wp","href":"https:\/\/api.w.org\/{rel}","templated":true}]}}