{"id":7652,"date":"2020-08-31T14:37:29","date_gmt":"2020-08-31T14:37:29","guid":{"rendered":"https:\/\/food-shop.org\/?product=alnatura-demeter-bio-gemuese-mit-suesskartoffel-6er-pack-6-x-190-g"},"modified":"2023-04-10T18:03:47","modified_gmt":"2023-04-10T18:03:47","slug":"alnatura-demeter-bio-gemuese-mit-suesskartoffel-6er-pack-6-x-190-g","status":"publish","type":"product","link":"https:\/\/food-shop.org\/?product=alnatura-demeter-bio-gemuese-mit-suesskartoffel-6er-pack-6-x-190-g","title":{"rendered":"Alnatura Demeter Bio Gem\u00fcse mit S\u00fc\u00dfkartoffel, 6er Pack (6 x 190 g)"},"content":{"rendered":"<p><!-- show up to 2 reviews by default --> <\/p>\n<h3>Produktbeschreibung<\/h3>\n<p>Der fein p\u00fcrierte Babybrei mit Gem\u00fcse und S\u00fc\u00dfkartoffeln von Alnatura eignet sich hervorragend als Zwischenmahlzeit, sowie als Nachspeise oder zum Verfeinern von Brei. Empfohlen ab dem 5. Lebensmonat. <\/p>\n<h3>Inhaltsstoffe \/ Zutaten<\/h3>\n<p>Karotten* 36 %, Kartoffeln* 25 %, Wasser, S\u00fc\u00dfkartoffeln** 9 %, K\u00fcrbis* 8%, Raps\u00f6l** 1,7 %. <br \/>*aus biodynamischem Landbau. <br \/>**aus biologischer Landwirtschaft. <\/p>\n<div data-a-expander-name=\"toggle_description\" class=\"a-row a-expander-container a-expander-extend-container\">\n<div class=\"a-expander-content a-expander-extend-content\">\n<h3>Gebrauchsanweisung<\/h3>\n<p>Ge\u00f6ffnetes Glas bzw. gew\u00fcnschte Portion im Wasserbad erw\u00e4rmen, umr\u00fchren und Temperatur pr\u00fcfen. <\/p>\n<h3>Warnhinweise<\/h3>\n<p>Bitte nur Plastikl\u00f6ffel verwenden, um das Glas nicht zu besch\u00e4digen. <\/p>\n<h3>Anschrift Hersteller\/Importeur<\/h3>\n<p>Alnatura GmbH, Darmst\u00e4dter Str. 63, D-64404 Bickenbach <\/p>\n<\/p><\/div>\n<p> <a href=\"void(0)\" data-action=\"a-expander-toggle\" class=\"a-expander-header a-declarative a-expander-extend-header\" data-a-expander-toggle=\"{\"><i class=\"a-icon a-icon-extender-expand\"><\/i><span class=\"a-expander-prompt\">Weitere Informationen<\/span><\/a> <\/div>\n<p>Ohne Zusatz von Salz<br \/>\nFein p\u00fcriert zur einfachen Zunahme<br \/>\nOhne Zusatz von Milchprodukten und Aromen<br \/>\n<div class=\"main-cross-sell\" data-asin=\"B06X96N1ZH\">\n\n\t<div class=\"WooZone-cross-sell-loader\">\n\t\t<div>\n\t\t\t<div id=\"floatingBarsG\">\n\t\t\t\t<div class=\"blockG\" id=\"rotateG_01\"><\/div>\n\t\t\t\t<div class=\"blockG\" id=\"rotateG_02\"><\/div>\n\t\t\t\t<div class=\"blockG\" id=\"rotateG_03\"><\/div>\n\t\t\t\t<div class=\"blockG\" id=\"rotateG_04\"><\/div>\n\t\t\t\t<div class=\"blockG\" id=\"rotateG_05\"><\/div>\n\t\t\t\t<div class=\"blockG\" id=\"rotateG_06\"><\/div>\n\t\t\t\t<div class=\"blockG\" id=\"rotateG_07\"><\/div>\n\t\t\t\t<div class=\"blockG\" id=\"rotateG_08\"><\/div>\n\t\t\t<\/div>\n\t\t\t<div class=\"WooZone-cross-sell-loader-text\"><\/div>\n\t\t<\/div>\n\t<\/div>\n\n\t\t\n<\/div>\n<div style=\"clear:both;\"><\/div>\n","protected":false},"excerpt":{"rendered":"Ohne Zusatz von Salz\nFein p\u00fcriert zur einfachen Zunahme\nOhne Zusatz von Milchprodukten und Aromen","protected":false},"featured_media":7653,"comment_status":"open","ping_status":"closed","template":"","meta":[],"product_cat":[61,64],"product_tag":[],"_links":{"self":[{"href":"https:\/\/food-shop.org\/index.php?rest_route=\/wp\/v2\/product\/7652"}],"collection":[{"href":"https:\/\/food-shop.org\/index.php?rest_route=\/wp\/v2\/product"}],"about":[{"href":"https:\/\/food-shop.org\/index.php?rest_route=\/wp\/v2\/types\/product"}],"replies":[{"embeddable":true,"href":"https:\/\/food-shop.org\/index.php?rest_route=%2Fwp%2Fv2%2Fcomments&post=7652"}],"wp:featuredmedia":[{"embeddable":true,"href":"https:\/\/food-shop.org\/index.php?rest_route=\/wp\/v2\/media\/7653"}],"wp:attachment":[{"href":"https:\/\/food-shop.org\/index.php?rest_route=%2Fwp%2Fv2%2Fmedia&parent=7652"}],"wp:term":[{"taxonomy":"product_cat","embeddable":true,"href":"https:\/\/food-shop.org\/index.php?rest_route=%2Fwp%2Fv2%2Fproduct_cat&post=7652"},{"taxonomy":"product_tag","embeddable":true,"href":"https:\/\/food-shop.org\/index.php?rest_route=%2Fwp%2Fv2%2Fproduct_tag&post=7652"}],"curies":[{"name":"wp","href":"https:\/\/api.w.org\/{rel}","templated":true}]}}