{"id":7648,"date":"2020-08-31T14:37:28","date_gmt":"2020-08-31T14:37:28","guid":{"rendered":"https:\/\/food-shop.org\/?product=humana-anfangsmilch-pre-babynahrung-zum-zufuettern-und-als-alleinige-pre-nahrung-mit-wichtigen-ballaststoffen-von-geburt-an-700-g"},"modified":"2023-04-10T18:03:47","modified_gmt":"2023-04-10T18:03:47","slug":"humana-anfangsmilch-pre-babynahrung-zum-zufuettern-und-als-alleinige-pre-nahrung-mit-wichtigen-ballaststoffen-von-geburt-an-700-g","status":"publish","type":"product","link":"https:\/\/food-shop.org\/?product=humana-anfangsmilch-pre-babynahrung-zum-zufuettern-und-als-alleinige-pre-nahrung-mit-wichtigen-ballaststoffen-von-geburt-an-700-g","title":{"rendered":"Humana Anfangsmilch PRE, Babynahrung zum Zuf\u00fcttern und als alleinige Pre-Nahrung, mit wichtigen Ballaststoffen, von\u2026"},"content":{"rendered":"<p><!-- show up to 2 reviews by default --> <\/p>\n<p><b>Humana Anfangsmilch PRE<\/b><\/p>\n<p>Die Anfangsmilch PRE ist ideal zum Zuf\u00fcttern zur Muttermilch oder als alleinige Nahrung, wenn Sie nicht stillen, geeignet. Sollte Ihr Baby nicht mehr richtig satt werden, empfehlen wir Ihnen, auf Humana 1 umzustellen. Das Milchpulver enth\u00e4lt wertvolle Ballaststoffe sowie langkettige, mehrfach unges\u00e4ttigte Omega-3- und Omega-6-Fetts\u00e4uren, die Ihr S\u00e4ugling in den ersten Lebensmonaten noch nicht ausreichend selbst produzieren kann. All diese N\u00e4hrstoffe kommen auch in der Muttermilch vor. Zudem beinhaltet die Pre-Milch als einzig verwertbares Kohlenhydrat Lactose. Somit k\u00f6nnen Sie sie so oft und so viel f\u00fcttern, wie Ihr Baby Appetit hat. Ein Sicherheitsverschluss au\u00dfen, die Siegelmembran innen sowie ein unterer Kunststoffrand sch\u00fctzen das Milchpulver rundherum. Die Packung ist mineral\u00f6lfrei, chlorfrei, BPA-frei und l\u00e4sst sich einh\u00e4ndig \u00f6ffnen und verschlie\u00dfen. Zudem minimiert eine innovative Messl\u00f6ffelhalterung den Hautkontakt mit dem Milchpulver. Der wiederverschlie\u00dfbare Deckel sch\u00fctzt zuverl\u00e4ssig vor Feuchtigkeit.*<\/p>\n<p>*Stillen ist die beste Ern\u00e4hrung f\u00fcr Ihr Baby. Sprechen Sie mit Ihrem Kinderarzt oder Ihrer Hebamme, wenn Sie eine S\u00e4uglingsanfangsnahrung verwenden m\u00f6chten.<\/p>\n<p><b>Zubereitung<\/b><\/p>\n<p>1. Wasser abkochen, auf 50\u00b0 C abk\u00fchlen lassen und zur H\u00e4lfte in eine saubere Flasche f\u00fcllen.<br \/> 2. Pulver mit beiliegendem Messl\u00f6ffel entnehmen, an Abstreifkante abstreifen und erforderliche Menge in die Flasche f\u00fcllen.<br \/>3. Flasche schlie\u00dfen und sofort kr\u00e4ftig sch\u00fctteln, dann restliches Wasser zugeben und erneut kr\u00e4ftig sch\u00fctteln. <br \/>4. Sauger befestigen und Inhalt auf Trinktemperatur (37\u00b0C) pr\u00fcfen.<br \/><b>Nicht in der Mikrowelle erw\u00e4rmen. Verbr\u00fchungsgefahr!<\/b><\/p>\n<p>Humana Anfangsmilch PRE:<\/p>\n<p> \u2606 zum Zuf\u00fcttern zur Muttermilch oder als alleinige Milchnahrung<br \/> \u2606 enth\u00e4lt wichtige Ballaststoffe<br \/> \u2606 mit langkettigen, mehrfach unges\u00e4ttigten Omega-3- und Omega-6-Fetts\u00e4uren<br \/> \u2606 enth\u00e4lt als verwertbares Kohlenhydrat nur Lactose <br \/> \u2606 1 x 700 g \u2013 ergibt ca. 51 Fl\u00e4schchen \u00e0 100 ml<br \/> \u2606 Zutaten: Entrahmte Milch, entsalztes Molkenpulver, \u00d6le (pflanzliche \u00d6le (Palm, Raps, Sonnenblume); \u00d6l aus Mortierella alpina), Lactose, Galacto-Oligosaccharidsirup (aus Milch), Molkenproteinkonzentrat, Calciumcarbonat, Kaliumchlorid, Calciumorthophosphate, tierisches \u00d6l (Fisch\u00f6l), Natriumcitrat, Cholinhydrogentartrat, L-Tyrosin, Vitaminmischung (Vitamin C, Niacin, Vitamin E, Thiamin, Vitamin A, Vitamin B6, Pantothens\u00e4ure, Riboflavin, Fols\u00e4ure, Vitamin K1, Biotin, Vitamin D3, Vitamin B12), Kaliumcitrat, Magnesiumcarbonat, Inositol, Taurin, Nukleotide (Cytidin-5\u2019-monophosphat, Uridin-5\u2019-monophosphat, Adenosin-5\u2019-monophosphat, Inosin-5\u2019-monophosphat, Guanosin-5\u2019-monophosphat), Eisensulfat, Stabilisator: L(+)-Milchs\u00e4ure, Zinksulfat, Kupferlysinkomplex, Kaliumjodat, Mangansulfat, Natriumselenat<\/p>\n<p><b>Humana &#8211; f\u00fcr Mami und mich<\/b><\/p>\n<p>Wir lieben Babys. Jeden Tag lassen wir uns von M\u00fcttern und Babys inspirieren. Wir h\u00f6ren, was M\u00fctter bewegt und Babys brauchen. Wir wissen, dass Stillen das Beste f\u00fcr Babys ist. Basierend auf den neuesten Erkenntnissen aus Natur und Wissenschaft entwickelt Humana Nahrungen, die eine nat\u00fcrliche Entwicklung von Babys und Kleinkindern unterst\u00fctzen \u2013 und das mit mehr als 65 Jahren Erfahrung. <\/p>\n<p>Die Anfangsmilch PRE eignet sich zum Zuf\u00fcttern zur Muttermilch oder als alleinige Milchnahrung, wenn Sie nicht stillen \u2013 von Geburt an.<br \/>\nWie Muttermilch enth\u00e4lt das Milchpulver die wichtigen Ballaststoffe GOS (Galacto-Oligosaccharide) sowie lediglich Lactose als Kohlenhydrat.<br \/>\nLangkettige, mehrfach unges\u00e4ttigte Omega-3- und Omega-6-Fetts\u00e4uren sind in der Babymilch besonders wichtig, da Ihr Baby sie in den ersten Lebensmonaten noch nicht ausreichend selbst produzieren kann.<br \/>\nHygienisch verpackt: Die innovative Messl\u00f6ffelhalterung minimiert Hautkontakt mit dem Milchpulver, w\u00e4hrend der wiederverschlie\u00dfbare Deckel sehr guten Schutz vor Feuchtigkeit bietet.<br \/>\nDer Lieferumfang beinhaltet 700 g Humana Anfangsmilch PRE.<br \/>\n<div class=\"main-cross-sell\" data-asin=\"B07J4RYG15\">\n\n\t<div class=\"WooZone-cross-sell-loader\">\n\t\t<div>\n\t\t\t<div id=\"floatingBarsG\">\n\t\t\t\t<div class=\"blockG\" id=\"rotateG_01\"><\/div>\n\t\t\t\t<div class=\"blockG\" id=\"rotateG_02\"><\/div>\n\t\t\t\t<div class=\"blockG\" id=\"rotateG_03\"><\/div>\n\t\t\t\t<div class=\"blockG\" id=\"rotateG_04\"><\/div>\n\t\t\t\t<div class=\"blockG\" id=\"rotateG_05\"><\/div>\n\t\t\t\t<div class=\"blockG\" id=\"rotateG_06\"><\/div>\n\t\t\t\t<div class=\"blockG\" id=\"rotateG_07\"><\/div>\n\t\t\t\t<div class=\"blockG\" id=\"rotateG_08\"><\/div>\n\t\t\t<\/div>\n\t\t\t<div class=\"WooZone-cross-sell-loader-text\"><\/div>\n\t\t<\/div>\n\t<\/div>\n\n\t\t\n<\/div>\n<div style=\"clear:both;\"><\/div>\n","protected":false},"excerpt":{"rendered":"Die Anfangsmilch PRE eignet sich zum Zuf\u00fcttern zur Muttermilch oder als alleinige Milchnahrung, wenn Sie nicht stillen \u2013 von Geburt an.\nWie Muttermilch enth\u00e4lt das Milchpulver die wichtigen Ballaststoffe GOS (Galacto-Oligosaccharide) sowie lediglich Lactose als Kohlenhydrat.\nLangkettige, mehrfach unges\u00e4ttigte Omega-3- und Omega-6-Fetts\u00e4uren sind in der Babymilch besonders wichtig, da Ihr Baby sie in den ersten Lebensmonaten noch nicht ausreichend selbst produzieren kann.","protected":false},"featured_media":7649,"comment_status":"open","ping_status":"closed","template":"","meta":[],"product_cat":[61,64],"product_tag":[],"_links":{"self":[{"href":"https:\/\/food-shop.org\/index.php?rest_route=\/wp\/v2\/product\/7648"}],"collection":[{"href":"https:\/\/food-shop.org\/index.php?rest_route=\/wp\/v2\/product"}],"about":[{"href":"https:\/\/food-shop.org\/index.php?rest_route=\/wp\/v2\/types\/product"}],"replies":[{"embeddable":true,"href":"https:\/\/food-shop.org\/index.php?rest_route=%2Fwp%2Fv2%2Fcomments&post=7648"}],"wp:featuredmedia":[{"embeddable":true,"href":"https:\/\/food-shop.org\/index.php?rest_route=\/wp\/v2\/media\/7649"}],"wp:attachment":[{"href":"https:\/\/food-shop.org\/index.php?rest_route=%2Fwp%2Fv2%2Fmedia&parent=7648"}],"wp:term":[{"taxonomy":"product_cat","embeddable":true,"href":"https:\/\/food-shop.org\/index.php?rest_route=%2Fwp%2Fv2%2Fproduct_cat&post=7648"},{"taxonomy":"product_tag","embeddable":true,"href":"https:\/\/food-shop.org\/index.php?rest_route=%2Fwp%2Fv2%2Fproduct_tag&post=7648"}],"curies":[{"name":"wp","href":"https:\/\/api.w.org\/{rel}","templated":true}]}}