{"id":7628,"date":"2020-08-31T14:37:20","date_gmt":"2020-08-31T14:37:20","guid":{"rendered":"https:\/\/food-shop.org\/?product=hipp-spaghetti-bolognese-6er-pack-6-x-220-g"},"modified":"2023-04-10T18:03:47","modified_gmt":"2023-04-10T18:03:47","slug":"hipp-spaghetti-bolognese-6er-pack-6-x-220-g","status":"publish","type":"product","link":"https:\/\/food-shop.org\/?product=hipp-spaghetti-bolognese-6er-pack-6-x-220-g","title":{"rendered":"HiPP Spaghetti Bolognese, 6er Pack (6 x 220 g)"},"content":{"rendered":"<div class=\"disclaim\"> Geschmack:<strong>Spaghetti Bolognese<\/strong> | Gr\u00f6\u00dfe:<strong>6er Pack (6 x 220 g)<\/strong> <\/div>\n<p> <!-- show up to 2 reviews by default --> <\/p>\n<h3>Produktbeschreibung<\/h3>\n<p>Vollwertige Mahlzeit. Ge\u00f6ffnetes Glas bzw. Teilmenge im Wasserbad oder Mikrowelle erw\u00e4rmen, umr\u00fchren und Temperatur pr\u00fcfen. Nicht erw\u00e4rmten Rest verschlossen im K\u00fchlschrank lagern und am n\u00e4chsten Tag aufbrauchen. Bitte Plastikl\u00f6ffel verwenden. Achten Sie auf eine ausgewogene Ern\u00e4hrung und gesunde Lebensweise. <\/p>\n<h3>Gebrauchsanweisung<\/h3>\n<p>Ge\u00f6ffnetes Glas bzw. Teilmenge im Wasserbad oder Mikrowelle erw\u00e4rmen, umr\u00fchren und Temperatur pr\u00fcfen. <\/p>\n<div data-a-expander-name=\"toggle_description\" class=\"a-row a-expander-container a-expander-extend-container\">\n<div class=\"a-expander-content a-expander-extend-content\">\n<h3>Anschrift Hersteller\/Importeur<\/h3>\n<p>D-85273 PFAFFENHOFEN <\/p>\n<\/p><\/div>\n<p> <a href=\"void(0)\" data-action=\"a-expander-toggle\" class=\"a-expander-header a-declarative a-expander-extend-header\" data-a-expander-toggle=\"{\"><i class=\"a-icon a-icon-extender-expand\"><\/i><span class=\"a-expander-prompt\">Weitere Informationen<\/span><\/a> <\/div>\n<p>ohne Zusatz von Salz<br \/>\nohne Zusatz von Milchprodukten<br \/>\nAlpha-Linolens\u00e4ure (eine Omega 3-Fetts\u00e4ure), wichtig f\u00fcr die Entwicklung von Gehirn- und Nervenzellen<br \/>\nmit feinen St\u00fcckchen &#8211; zum Kauenlernen<br \/>\nohne Aromen<br \/>\n<div class=\"main-cross-sell\" data-asin=\"B01I9EQ1G0\">\n\n\t<div class=\"WooZone-cross-sell-loader\">\n\t\t<div>\n\t\t\t<div id=\"floatingBarsG\">\n\t\t\t\t<div class=\"blockG\" id=\"rotateG_01\"><\/div>\n\t\t\t\t<div class=\"blockG\" id=\"rotateG_02\"><\/div>\n\t\t\t\t<div class=\"blockG\" id=\"rotateG_03\"><\/div>\n\t\t\t\t<div class=\"blockG\" id=\"rotateG_04\"><\/div>\n\t\t\t\t<div class=\"blockG\" id=\"rotateG_05\"><\/div>\n\t\t\t\t<div class=\"blockG\" id=\"rotateG_06\"><\/div>\n\t\t\t\t<div class=\"blockG\" id=\"rotateG_07\"><\/div>\n\t\t\t\t<div class=\"blockG\" id=\"rotateG_08\"><\/div>\n\t\t\t<\/div>\n\t\t\t<div class=\"WooZone-cross-sell-loader-text\"><\/div>\n\t\t<\/div>\n\t<\/div>\n\n\t\t\n<\/div>\n<div style=\"clear:both;\"><\/div>\n","protected":false},"excerpt":{"rendered":"ohne Zusatz von Salz\nohne Zusatz von Milchprodukten\nAlpha-Linolens\u00e4ure (eine Omega 3-Fetts\u00e4ure), wichtig f\u00fcr die Entwicklung von Gehirn- und Nervenzellen","protected":false},"featured_media":7629,"comment_status":"open","ping_status":"closed","template":"","meta":[],"product_cat":[61,64],"product_tag":[],"_links":{"self":[{"href":"https:\/\/food-shop.org\/index.php?rest_route=\/wp\/v2\/product\/7628"}],"collection":[{"href":"https:\/\/food-shop.org\/index.php?rest_route=\/wp\/v2\/product"}],"about":[{"href":"https:\/\/food-shop.org\/index.php?rest_route=\/wp\/v2\/types\/product"}],"replies":[{"embeddable":true,"href":"https:\/\/food-shop.org\/index.php?rest_route=%2Fwp%2Fv2%2Fcomments&post=7628"}],"wp:featuredmedia":[{"embeddable":true,"href":"https:\/\/food-shop.org\/index.php?rest_route=\/wp\/v2\/media\/7629"}],"wp:attachment":[{"href":"https:\/\/food-shop.org\/index.php?rest_route=%2Fwp%2Fv2%2Fmedia&parent=7628"}],"wp:term":[{"taxonomy":"product_cat","embeddable":true,"href":"https:\/\/food-shop.org\/index.php?rest_route=%2Fwp%2Fv2%2Fproduct_cat&post=7628"},{"taxonomy":"product_tag","embeddable":true,"href":"https:\/\/food-shop.org\/index.php?rest_route=%2Fwp%2Fv2%2Fproduct_tag&post=7628"}],"curies":[{"name":"wp","href":"https:\/\/api.w.org\/{rel}","templated":true}]}}