{"id":7525,"date":"2020-08-31T14:09:33","date_gmt":"2020-08-31T14:09:33","guid":{"rendered":"https:\/\/food-shop.org\/?product=tiroler-bauernbrot-1-kg"},"modified":"2023-04-10T18:03:45","modified_gmt":"2023-04-10T18:03:45","slug":"tiroler-bauernbrot-1-kg","status":"publish","type":"product","link":"https:\/\/food-shop.org\/?product=tiroler-bauernbrot-1-kg","title":{"rendered":"Hobbyb\u00e4cker &#8211; Brotbackmischung f\u00fcr Tiroler Bauernbrot (1 kg) &#8211; Roggenmischbrot zum selber backen"},"content":{"rendered":"<div class=\"disclaim\">Gr\u00f6\u00dfe:<strong>1 kg<\/strong><\/div>\n<p><!-- show up to 2 reviews by default --><\/p>\n<h3>Produktbeschreibungen<\/h3>\n<p><b>Saftig, locker, herzhaft &#8211; ein Bauernbrot nach Ma\u00df.<\/b> <br \/>Schmeckt k\u00f6stlich und ist gut bek\u00f6mmlich: Diese Backmischung ist ideal f\u00fcr alle Roggenmischbrote mit einem Anteil von 60 % Roggenmehl. Dieses Roggenbrot wird mit Sauerteig gebacken und darf deshalb auch die Bezeichnung Bauernbrot tragen. <br \/>Wussten Sie, dass Roggenteige wenig Triebkraft besitzen? Damit der Teig dennoch backf\u00e4hig ist, verwendet man Sauerteig daher als Triebmittel im Brotteig. Sauerteige verfeinern unter anderem das Aroma und den Geschmack des Brots und verbessern die Haltbarkeit. Dadurch bleibt dieses schmackhafte Bauernbrot mehrere Tage lang frisch. Es ist einfach perfekt f\u00fcr jedes Vesper oder Brotzeit. <br \/>Mit dieser Backmischung gelingt Ihnen ganz sicher ein leckeres Mischbrot \u2013 egal ob Sie es im Ofen oder im Brotbackautomaten backen. Mehr als diese Brotbackmischung, Trockenhefe, Wasser und ein wenig Zeit sind nicht n\u00f6tig. <\/p>\n<p><b>Rezept ca. 750 g Brot:<\/b> <br \/>Zutaten: <br \/>&#8211; 500 g Tiroler Bauernbrot <br \/>&#8211; 5 g Backtag Trockenhefe <br \/>&#8211; 380 g Wasser 35\u00b0 C <\/p>\n<p>So wird&#8217;s gemacht: <br \/>Trockenhefe mit dem Mehl mischen, Wasser zugeben und einen glatten Teig kneten. Den Teig 30 Minuten ruhen lassen. Nochmals von Hand etwas durchkneten, zu einem Brot formen und in den G\u00e4rkorb legen. Ca. 40 Minuten aufgehen lassen, auf das Backblech kippen. Daumenprobe: Mit dem flachen Daumen ca. 1 cm tief eindr\u00fccken. Federt der Teig ganz zur\u00fcck, noch warten. Bleibt eine Delle, in den vorgeheizten Backofen schieben. Bleibt ein tiefe Delle, umgehend in den Backofen schieben. 10 Minuten bei 230 Grad Celsius backen plus 45 Minuten bei ca. 190 Grad Celsius. Bei 1 kg Broten die Backzeit um 5-10 Minuten verl\u00e4ngern. <\/p>\n<p><b>Tipp:<\/b> <br \/>Wenn Ihr Tiroler Bauernbrot richtig urtypisch schmecken sollen, bestellen Sie Original S\u00fcdtiroler Brotklee gleich mit.<\/p>\n<h3>Inhaltsstoffe \/ Zutaten<\/h3>\n<p>ROGGENMEHL, WEIZENMEHL, ROGGENMAHLERZEUGNISSE, Starterkulturen, Salz jodiert, ROGGENSCHROT, GLUTEN, ROGGENMALZ, getrockneter WEIZENSAUERTEIG, Backmittel (enth\u00e4lt WEIZEN, MILCH und SOJA), Emulgator: E471; Trennmittel: Calciumphosphat; Enzyme, Mehlbehandlungsmittel: Ascorbins\u00e4ure. Kann Spuren von EIERN, SCHALENFR\u00dcCHTEN, SESAM und LUPINEN enthalten.<\/p>\n<p>RUSTIKAL &amp; EINFACH LECKER: Es wird mit Sauerteig gebacken und darf deshalb auch die Bezeichnung Bauernbrot tragen. Gerade seine geradlinige, schn\u00f6rkellose Rezeptur macht diese Backmischung f\u00fcr Roggenmischbrot aus 60% Roggenmehl zu etwas Besonderem.<br \/>\nGESCHMACK: Schmeckt k\u00f6stlich und ist gut bek\u00f6mmlich. Perfekt zu Vesper oder Brotzeit. Bleibt nach dem Backen lange frisch.<br \/>\nEINFACHE ZUBEREITUNG: Frisches Brot selber backen ist ganz leicht. Egal ob im Brotbackautomaten oder im Backofen.<br \/>\nGELINGSICHER: Mit der Brotbackmischung gelingt Ihnen ein leckeres Bauernbrot wie vom Profi-B\u00e4cker.<br \/>\nZUTATEN: Roggenmehl, Weizenmehl, Weizenquellmehl, Roggensauerteig, Jodsalz, Fertigsauer, Weizenkleber, Roggenmalz, Mehlbehandlungsmittel: Ascorbins\u00e4ure. Kann Spuren von Ei, Soja, Senf, Sesam und Lupinen enthalten.<br \/>\n<div class=\"main-cross-sell\" data-asin=\"B06XQ3LKV8\">\n\n\t<div class=\"WooZone-cross-sell-loader\">\n\t\t<div>\n\t\t\t<div id=\"floatingBarsG\">\n\t\t\t\t<div class=\"blockG\" id=\"rotateG_01\"><\/div>\n\t\t\t\t<div class=\"blockG\" id=\"rotateG_02\"><\/div>\n\t\t\t\t<div class=\"blockG\" id=\"rotateG_03\"><\/div>\n\t\t\t\t<div class=\"blockG\" id=\"rotateG_04\"><\/div>\n\t\t\t\t<div class=\"blockG\" id=\"rotateG_05\"><\/div>\n\t\t\t\t<div class=\"blockG\" id=\"rotateG_06\"><\/div>\n\t\t\t\t<div class=\"blockG\" id=\"rotateG_07\"><\/div>\n\t\t\t\t<div class=\"blockG\" id=\"rotateG_08\"><\/div>\n\t\t\t<\/div>\n\t\t\t<div class=\"WooZone-cross-sell-loader-text\"><\/div>\n\t\t<\/div>\n\t<\/div>\n\n\t\t\n<\/div>\n<div style=\"clear:both;\"><\/div>\n","protected":false},"excerpt":{"rendered":"RUSTIKAL &amp; EINFACH LECKER: Es wird mit Sauerteig gebacken und darf deshalb auch die Bezeichnung Bauernbrot tragen. Gerade seine geradlinige, schn\u00f6rkellose Rezeptur macht diese Backmischung f\u00fcr Roggenmischbrot aus 60% Roggenmehl zu etwas Besonderem.\nGESCHMACK: Schmeckt k\u00f6stlich und ist gut bek\u00f6mmlich. Perfekt zu Vesper oder Brotzeit. Bleibt nach dem Backen lange frisch.\nEINFACHE ZUBEREITUNG: Frisches Brot selber backen ist ganz leicht. Egal ob im Brotbackautomaten oder im Backofen.","protected":false},"featured_media":7526,"comment_status":"open","ping_status":"closed","template":"","meta":[],"product_cat":[56,64],"product_tag":[],"_links":{"self":[{"href":"https:\/\/food-shop.org\/index.php?rest_route=\/wp\/v2\/product\/7525"}],"collection":[{"href":"https:\/\/food-shop.org\/index.php?rest_route=\/wp\/v2\/product"}],"about":[{"href":"https:\/\/food-shop.org\/index.php?rest_route=\/wp\/v2\/types\/product"}],"replies":[{"embeddable":true,"href":"https:\/\/food-shop.org\/index.php?rest_route=%2Fwp%2Fv2%2Fcomments&post=7525"}],"wp:featuredmedia":[{"embeddable":true,"href":"https:\/\/food-shop.org\/index.php?rest_route=\/wp\/v2\/media\/7526"}],"wp:attachment":[{"href":"https:\/\/food-shop.org\/index.php?rest_route=%2Fwp%2Fv2%2Fmedia&parent=7525"}],"wp:term":[{"taxonomy":"product_cat","embeddable":true,"href":"https:\/\/food-shop.org\/index.php?rest_route=%2Fwp%2Fv2%2Fproduct_cat&post=7525"},{"taxonomy":"product_tag","embeddable":true,"href":"https:\/\/food-shop.org\/index.php?rest_route=%2Fwp%2Fv2%2Fproduct_tag&post=7525"}],"curies":[{"name":"wp","href":"https:\/\/api.w.org\/{rel}","templated":true}]}}