{"id":7514,"date":"2020-08-31T14:09:00","date_gmt":"2020-08-31T14:09:00","guid":{"rendered":"https:\/\/food-shop.org\/?product=bio-lower-carb-brot-eiweissbrot-aus-glutenfreien-rohstoffen-vegan-1"},"modified":"2023-04-10T18:03:45","modified_gmt":"2023-04-10T18:03:45","slug":"bio-lower-carb-brot-eiweissbrot-aus-glutenfreien-rohstoffen-vegan-1","status":"publish","type":"product","link":"https:\/\/food-shop.org\/?product=bio-lower-carb-brot-eiweissbrot-aus-glutenfreien-rohstoffen-vegan-1","title":{"rendered":"Bio LOWER CARB Brot Eiwei\u00dfbrot aus glutenfreien Rohstoffen vegan (1)"},"content":{"rendered":"<div class=\"disclaim\">St\u00fcckzahl:<strong>1<\/strong><\/div>\n<p><!-- show up to 2 reviews by default --><\/p>\n<h3>Produktbeschreibungen<\/h3>\n<p><b>Bio Lower Carb Brot \/ Eiwei\u00dfbrot 400g<\/b><\/p>\n<p>Schon l\u00e4nger wollten wir ein Eiwei\u00dfbrot \/ Lower Carb Brot backen, jetzt ist es endlich soweit.<br \/>\nWichtig ist es uns hierbei auf Weizengluten, sowie tierische Produkte zu verzichten.<br \/>\nWer viel Sport treibt, greift meist schon viel zu oft zu tierischem Eiwei\u00dfen.<br \/>\nViele billige Eiwei\u00dfbrote enthalten einfach nur Weizengluten, gesch\u00f6nt auch Weizeneiwei\u00df oder Weizenprotein genannt.<\/p>\n<p>Der hohe Anteil an Ballaststoffen sorgt daf\u00fcr, dass dieses Brot sehr gut s\u00e4ttigt.<br \/>\nEs hat fast doppelt so viele Ballaststoffe, wie normales Vollkornbrot.<br \/>\nWer Probleme mit vielen Ballaststoffen bei der Verdauung hat, sollte daher die verzehrte Menge langsam steigern um seine Verdauung daran zu gew\u00f6hnen.<\/p>\n<p><b>Lagerung:<\/b><br \/>\nDieses Brot lagern Sie am besten im K\u00fchlschrank. M\u00f6chten Sie sich l\u00e4nger bevorraten schneiden Sie das Brot und frosten es ein, so k\u00f6nnen Sie es Portionsweise auftauen, z.B. im Toaster.<br \/>\n<b>Zutaten:<\/b><br \/>\nGrander Wasser, MANDELmehl ent\u00f6lt*, Leinsamenmehl*, Leinsaat*, Apfelessig*, Sonnenblumenkerne*, K\u00fcrbiskerne*; Verdickungsmittel: Guarkernmehl*, Natron, Meersalz<br \/>\n*- Bio<\/p>\n<h3>Inhaltsstoffe \/ Zutaten<\/h3>\n<p>Grander Wasser, WALNUSSmehl ent\u00f6lt*, Leinsamenmehl*, Leinsaat*, Apfelessig*, Sonnenblumenkerne*, K\u00fcrbiskerne*; Verdickungsmittel: Guarkernmehl*, Natron, Meersalz *- Bio<\/p>\n<div class=\"a-row a-expander-container a-expander-extend-container\" data-a-expander-name=\"toggle_description\">\n<p>P.when(&#8218;A&#8216;).execute(function(A) {A.on(&#8218;a:expander:toggle_description:toggle:collapse&#8216;, function(data) {window.scroll(0, data.expander.$expander[0].offsetTop-100);});});<\/p>\n<div class=\"a-expander-content a-expander-extend-content\">\n<h3>Anschrift Hersteller\/Importeur<\/h3>\n<p>Bio B\u00e4ckerei Spiegelhauer OHG, Bahnhofstra\u00dfe 17, 01796 Pirna, Germany<\/p>\n<\/div>\n<p><a class=\"a-expander-header a-declarative a-expander-extend-header\" data-action=\"a-expander-toggle\" data-a-expander-toggle=\"{&quot;allowLinkDefault&quot;:true, &quot;expand_prompt&quot;:&quot;Weitere Informationen&quot;, &quot;collapse_prompt&quot;:&quot;Weniger anzeigen&quot;}\"><i class=\"a-icon a-icon-extender-expand\"><\/i><span class=\"a-expander-prompt\">Weitere Informationen<\/span><\/a><\/p>\n<\/div>\n<p>Glutenfreie Rohstoffe: Dieses Brot besteht ausschlie\u00dflich aus glutenfreien Rohstoffen. Da es in unser Backstube hergestellt wird k\u00f6nnen minimale Spuren von Gluten durch die Luft enthalten sein.<br \/>\nReich an Eiwei\u00df: 18.3 g Eiwei\u00df pro 100 g aus Mandeln, Leinsaat und Sonnenblumenkernen.<br \/>\nReich an Ballaststoffen: Durch die vielen Ballaststoffe s\u00e4ttigt dieses Brot sehr gut und tr\u00e4gt zu einer normalen Verdauung bei.<br \/>\nLower Carb: Mit nur 5,7 g Kohlenhydraten ist dieses Brot extrem kohlenhydratarm. Normales Bort enth\u00e4lt fast als 8 mal soviele kohlenhydrate.<br \/>\nWenig Allergene: Bis auf die Mandeln enth\u00e4lt dieses Brot kaum allergene wie Gluten, Weizen, Ei, Lupine, Soja somit ist dieses Brot besonders gut f\u00fcr Allergiker geeignet.<br \/>\n<div class=\"main-cross-sell\" data-asin=\"B07B3WT8G3\">\n\n\t<div class=\"WooZone-cross-sell-loader\">\n\t\t<div>\n\t\t\t<div id=\"floatingBarsG\">\n\t\t\t\t<div class=\"blockG\" id=\"rotateG_01\"><\/div>\n\t\t\t\t<div class=\"blockG\" id=\"rotateG_02\"><\/div>\n\t\t\t\t<div class=\"blockG\" id=\"rotateG_03\"><\/div>\n\t\t\t\t<div class=\"blockG\" id=\"rotateG_04\"><\/div>\n\t\t\t\t<div class=\"blockG\" id=\"rotateG_05\"><\/div>\n\t\t\t\t<div class=\"blockG\" id=\"rotateG_06\"><\/div>\n\t\t\t\t<div class=\"blockG\" id=\"rotateG_07\"><\/div>\n\t\t\t\t<div class=\"blockG\" id=\"rotateG_08\"><\/div>\n\t\t\t<\/div>\n\t\t\t<div class=\"WooZone-cross-sell-loader-text\"><\/div>\n\t\t<\/div>\n\t<\/div>\n\n\t\t\n<\/div>\n<div style=\"clear:both;\"><\/div>\n","protected":false},"excerpt":{"rendered":"Glutenfreie Rohstoffe: Dieses Brot besteht ausschlie\u00dflich aus glutenfreien Rohstoffen. Da es in unser Backstube hergestellt wird k\u00f6nnen minimale Spuren von Gluten durch die Luft enthalten sein.\r\nReich an Eiwei\u00df: 18.3 g Eiwei\u00df pro 100 g aus Mandeln, Leinsaat und Sonnenblumenkernen.\r\nReich an Ballaststoffen: Durch die vielen Ballaststoffe s\u00e4ttigt dieses Brot sehr gut und tr\u00e4gt zu einer normalen Verdauung bei.","protected":false},"featured_media":7515,"comment_status":"open","ping_status":"closed","template":"","meta":[],"product_cat":[56,64],"product_tag":[],"_links":{"self":[{"href":"https:\/\/food-shop.org\/index.php?rest_route=\/wp\/v2\/product\/7514"}],"collection":[{"href":"https:\/\/food-shop.org\/index.php?rest_route=\/wp\/v2\/product"}],"about":[{"href":"https:\/\/food-shop.org\/index.php?rest_route=\/wp\/v2\/types\/product"}],"replies":[{"embeddable":true,"href":"https:\/\/food-shop.org\/index.php?rest_route=%2Fwp%2Fv2%2Fcomments&post=7514"}],"wp:featuredmedia":[{"embeddable":true,"href":"https:\/\/food-shop.org\/index.php?rest_route=\/wp\/v2\/media\/7515"}],"wp:attachment":[{"href":"https:\/\/food-shop.org\/index.php?rest_route=%2Fwp%2Fv2%2Fmedia&parent=7514"}],"wp:term":[{"taxonomy":"product_cat","embeddable":true,"href":"https:\/\/food-shop.org\/index.php?rest_route=%2Fwp%2Fv2%2Fproduct_cat&post=7514"},{"taxonomy":"product_tag","embeddable":true,"href":"https:\/\/food-shop.org\/index.php?rest_route=%2Fwp%2Fv2%2Fproduct_tag&post=7514"}],"curies":[{"name":"wp","href":"https:\/\/api.w.org\/{rel}","templated":true}]}}