{"id":7468,"date":"2020-08-31T14:05:07","date_gmt":"2020-08-31T14:05:07","guid":{"rendered":"https:\/\/food-shop.org\/?product=les-malices-choco-brownie-familiengroesse-8-kuchen-x-285-gr-hergestellt-in-frankreich"},"modified":"2023-04-10T18:03:44","modified_gmt":"2023-04-10T18:03:44","slug":"les-malices-choco-brownie-familiengroesse-8-kuchen-x-285-gr-hergestellt-in-frankreich","status":"publish","type":"product","link":"https:\/\/food-shop.org\/?product=les-malices-choco-brownie-familiengroesse-8-kuchen-x-285-gr-hergestellt-in-frankreich","title":{"rendered":"Les Malices &#8211; Choco Brownie Familiengr\u00f6sse 8 kuchen x 285 gr -Hergestellt in Frankreich"},"content":{"rendered":"<div class=\"disclaim\">Geschmack:<strong>Choco brownie<\/strong><\/div>\n<p><!-- show up to 2 reviews by default --><\/p>\n<h3>Produktbeschreibung<\/h3>\n<p>Les Malices ist eine Marke, die von Drittanbietern exklusiv auf Amazon vertrieben wird.<\/p>\n<h3>Inhaltsstoffe \/ Zutaten<\/h3>\n<p>sugar, rapeseed oil, whole EGGS, WHEAT flour, chocolate 0,09 (sugar, cocoa mass , cocoa butter, emulsifier: sunflower lecithins), chocolate chips 0,09 (sugar, cocoa mass , cocoa butter, low-fat cocoa powder, emulsifier: sunflower lecithins, natural flavouring ), stabilizer: glycerol, cocoa powder, salt, raising agents: diphosphates and sodium carbonates (WHEAT), flavouring.<\/p>\n<p>Saftig-weich und k\u00f6stlich mit intensivem Schokoladengeschmack, als Familienportion f\u00fcr zus\u00e4tzlichen Genuss<br \/>\nVon den franz\u00f6sischen Meisterb\u00e4ckern bei Les Malices<br \/>\nHergestellt ausschlie\u00dflich mit feinsten Zutaten, um Ihnen ein herausragendes Geschmackserlebnis zu bieten<br \/>\nEin beliebter Klassiker f\u00fcr die ganze Familie: Genie\u00dfen Sie ihn als kleine Belohnung oder einfach nur so<br \/>\nHergestellt mit UTZ-zertifiziertem Kakao, damit zus\u00e4tzlich zum gro\u00dfartigen Geschmack auch f\u00fcr Nachhaltigkeit gesorgt ist<br \/>\n<div class=\"main-cross-sell\" data-asin=\"B07WLLH4W2\">\n\n\t<div class=\"WooZone-cross-sell-loader\">\n\t\t<div>\n\t\t\t<div id=\"floatingBarsG\">\n\t\t\t\t<div class=\"blockG\" id=\"rotateG_01\"><\/div>\n\t\t\t\t<div class=\"blockG\" id=\"rotateG_02\"><\/div>\n\t\t\t\t<div class=\"blockG\" id=\"rotateG_03\"><\/div>\n\t\t\t\t<div class=\"blockG\" id=\"rotateG_04\"><\/div>\n\t\t\t\t<div class=\"blockG\" id=\"rotateG_05\"><\/div>\n\t\t\t\t<div class=\"blockG\" id=\"rotateG_06\"><\/div>\n\t\t\t\t<div class=\"blockG\" id=\"rotateG_07\"><\/div>\n\t\t\t\t<div class=\"blockG\" id=\"rotateG_08\"><\/div>\n\t\t\t<\/div>\n\t\t\t<div class=\"WooZone-cross-sell-loader-text\"><\/div>\n\t\t<\/div>\n\t<\/div>\n\n\t\t\n<\/div>\n<div style=\"clear:both;\"><\/div>\n","protected":false},"excerpt":{"rendered":"Saftig-weich und k\u00f6stlich mit intensivem Schokoladengeschmack, als Familienportion f\u00fcr zus\u00e4tzlichen Genuss\nVon den franz\u00f6sischen Meisterb\u00e4ckern bei Les Malices\nHergestellt ausschlie\u00dflich mit feinsten Zutaten, um Ihnen ein herausragendes Geschmackserlebnis zu bieten","protected":false},"featured_media":7469,"comment_status":"open","ping_status":"closed","template":"","meta":[],"product_cat":[56,64],"product_tag":[],"_links":{"self":[{"href":"https:\/\/food-shop.org\/index.php?rest_route=\/wp\/v2\/product\/7468"}],"collection":[{"href":"https:\/\/food-shop.org\/index.php?rest_route=\/wp\/v2\/product"}],"about":[{"href":"https:\/\/food-shop.org\/index.php?rest_route=\/wp\/v2\/types\/product"}],"replies":[{"embeddable":true,"href":"https:\/\/food-shop.org\/index.php?rest_route=%2Fwp%2Fv2%2Fcomments&post=7468"}],"wp:featuredmedia":[{"embeddable":true,"href":"https:\/\/food-shop.org\/index.php?rest_route=\/wp\/v2\/media\/7469"}],"wp:attachment":[{"href":"https:\/\/food-shop.org\/index.php?rest_route=%2Fwp%2Fv2%2Fmedia&parent=7468"}],"wp:term":[{"taxonomy":"product_cat","embeddable":true,"href":"https:\/\/food-shop.org\/index.php?rest_route=%2Fwp%2Fv2%2Fproduct_cat&post=7468"},{"taxonomy":"product_tag","embeddable":true,"href":"https:\/\/food-shop.org\/index.php?rest_route=%2Fwp%2Fv2%2Fproduct_tag&post=7468"}],"curies":[{"name":"wp","href":"https:\/\/api.w.org\/{rel}","templated":true}]}}