{"id":7436,"date":"2020-08-31T13:58:14","date_gmt":"2020-08-31T13:58:14","guid":{"rendered":"https:\/\/food-shop.org\/?product=bahlsen-comtess-marmor-saftiger-ruehrkuchen-mit-schokolade-kakaoglasur-350g"},"modified":"2023-04-10T18:03:44","modified_gmt":"2023-04-10T18:03:44","slug":"bahlsen-comtess-marmor-saftiger-ruehrkuchen-mit-schokolade-kakaoglasur-350g","status":"publish","type":"product","link":"https:\/\/food-shop.org\/?product=bahlsen-comtess-marmor-saftiger-ruehrkuchen-mit-schokolade-kakaoglasur-350g","title":{"rendered":"Bahlsen Comtess Marmor &#8211; saftiger R\u00fchrkuchen mit Schokolade Kakaoglasur, 350g"},"content":{"rendered":"<p><!-- show up to 2 reviews by default --> <\/p>\n<h3>Produktbeschreibung<\/h3>\n<p>Saftiger zweifarbiger R\u00fchrkuchen mit Kakaogeschmack und kakaohaltiger Glasur. <\/p>\n<h3>Inhaltsstoffe \/ Zutaten<\/h3>\n<p>Zutaten:WEIZENMEHL, Zucker, pflanzliche Fette (Palm), H\u00dcHNERVOLLEI, Glukose-Fruktose-Sirup, fettarmes Kakaopulver 2,5%, MILCHZUCKER, Alkohol, Backtriebmittel: Diphosphate, Natriumcarbonate; Emulgatoren: Mono- und Diglyceride von Speisefetts\u00e4uren, Lecithine, Sorbitantristearat; Salz, St\u00e4rke (WEIZEN), Aromen, f\u00e4rbender Pflanzenextrakt (Curcuma). Auf der Anlage werden auch verarbeitet: SOJA, MANDELN, HASELN\u00dcSSE, WALN\u00dcSSE. <\/p>\n<div data-a-expander-name=\"toggle_description\" class=\"a-row a-expander-container a-expander-extend-container\">\n<div class=\"a-expander-content a-expander-extend-content\">\n<h3>Gebrauchsanweisung<\/h3>\n<p>Abgesehen vom Auspacken ist keine weitere Zubereitung notwendig <\/p>\n<h3>Anschrift Hersteller\/Importeur<\/h3>\n<p>30001 HANNOVER <\/p>\n<\/p><\/div>\n<p> <a href=\"void(0)\" data-action=\"a-expander-toggle\" class=\"a-expander-header a-declarative a-expander-extend-header\" data-a-expander-toggle=\"{\"><i class=\"a-icon a-icon-extender-expand\"><\/i><span class=\"a-expander-prompt\">Weitere Informationen<\/span><\/a> <\/div>\n<p>Der Bahlsen Comtess Marmor ist ein saftiger R\u00fchrkuchen mit Schokolade und leckerer Schokoladenglasur.<br \/>\nDer Marmorkuchen schmeckt fast wie selbst gebacken und ist immer die richtige Wahl.<br \/>\nSaftiger Fertigkuchen &#8211; perfekt zur Tasse Tee \/ Kaffee oder auch f\u00fcr unterwegs.<br \/>\nIn dem saftigen R\u00fchrkuchen treffen beliebte, traditionelle original Bahlsen Rezepturen auf beste Zutaten und die Leidenschaft der Bahlsen-B\u00e4cker!<br \/>\nEntdecken Sie weitere schmackhafte Leckereien aus unserem Bahlsen-Sortiment<br \/>\n<div class=\"main-cross-sell\" data-asin=\"B013R1LOUS\">\n\n\t<div class=\"WooZone-cross-sell-loader\">\n\t\t<div>\n\t\t\t<div id=\"floatingBarsG\">\n\t\t\t\t<div class=\"blockG\" id=\"rotateG_01\"><\/div>\n\t\t\t\t<div class=\"blockG\" id=\"rotateG_02\"><\/div>\n\t\t\t\t<div class=\"blockG\" id=\"rotateG_03\"><\/div>\n\t\t\t\t<div class=\"blockG\" id=\"rotateG_04\"><\/div>\n\t\t\t\t<div class=\"blockG\" id=\"rotateG_05\"><\/div>\n\t\t\t\t<div class=\"blockG\" id=\"rotateG_06\"><\/div>\n\t\t\t\t<div class=\"blockG\" id=\"rotateG_07\"><\/div>\n\t\t\t\t<div class=\"blockG\" id=\"rotateG_08\"><\/div>\n\t\t\t<\/div>\n\t\t\t<div class=\"WooZone-cross-sell-loader-text\"><\/div>\n\t\t<\/div>\n\t<\/div>\n\n\t\t\n<\/div>\n<div style=\"clear:both;\"><\/div>\n","protected":false},"excerpt":{"rendered":"Der Bahlsen Comtess Marmor ist ein saftiger R\u00fchrkuchen mit Schokolade und leckerer Schokoladenglasur.\nDer Marmorkuchen schmeckt fast wie selbst gebacken und ist immer die richtige Wahl.\nSaftiger Fertigkuchen - perfekt zur Tasse Tee \/ Kaffee oder auch f\u00fcr unterwegs.","protected":false},"featured_media":7437,"comment_status":"open","ping_status":"closed","template":"","meta":[],"product_cat":[56,64],"product_tag":[],"_links":{"self":[{"href":"https:\/\/food-shop.org\/index.php?rest_route=\/wp\/v2\/product\/7436"}],"collection":[{"href":"https:\/\/food-shop.org\/index.php?rest_route=\/wp\/v2\/product"}],"about":[{"href":"https:\/\/food-shop.org\/index.php?rest_route=\/wp\/v2\/types\/product"}],"replies":[{"embeddable":true,"href":"https:\/\/food-shop.org\/index.php?rest_route=%2Fwp%2Fv2%2Fcomments&post=7436"}],"wp:featuredmedia":[{"embeddable":true,"href":"https:\/\/food-shop.org\/index.php?rest_route=\/wp\/v2\/media\/7437"}],"wp:attachment":[{"href":"https:\/\/food-shop.org\/index.php?rest_route=%2Fwp%2Fv2%2Fmedia&parent=7436"}],"wp:term":[{"taxonomy":"product_cat","embeddable":true,"href":"https:\/\/food-shop.org\/index.php?rest_route=%2Fwp%2Fv2%2Fproduct_cat&post=7436"},{"taxonomy":"product_tag","embeddable":true,"href":"https:\/\/food-shop.org\/index.php?rest_route=%2Fwp%2Fv2%2Fproduct_tag&post=7436"}],"curies":[{"name":"wp","href":"https:\/\/api.w.org\/{rel}","templated":true}]}}