{"id":7420,"date":"2020-08-31T13:51:47","date_gmt":"2020-08-31T13:51:47","guid":{"rendered":"https:\/\/food-shop.org\/?product=schaer-sauerteigbrot-glutenfrei-240g-5er-pack"},"modified":"2023-04-10T18:03:44","modified_gmt":"2023-04-10T18:03:44","slug":"schaer-sauerteigbrot-glutenfrei-240g-5er-pack","status":"publish","type":"product","link":"https:\/\/food-shop.org\/?product=schaer-sauerteigbrot-glutenfrei-240g-5er-pack","title":{"rendered":"Sch\u00e4r Sauerteigbrot glutenfrei 240g, 5er Pack"},"content":{"rendered":"<div class=\"disclaim\"> Gr\u00f6\u00dfe:<strong>5 x 240 g<\/strong> <\/div>\n<p> <!-- show up to 2 reviews by default --> <\/p>\n<h3>Inhaltsstoffe \/ Zutaten<\/h3>\n<p>Zutaten: Wasser, Kartoffelst\u00e4rke, Maisst\u00e4rke, Sauerteig 11% (Reismehl, Wasser), Sorghummehl, Maismehl, pflanzliche Faser (Psyllium), Leinsamenmehl 3,8%, Zuckerr\u00fcbensirup, Sonnenblumen\u00f6l, Quinoamehl, Zucker, Verdickungsmittel: Hydroxipropylmethylcellulose; Preiselbeerkompott 2,1% (Preiselbeeren, Zucker, Verdickungsmittel: Pectin; S\u00e4uerungsmittel: Zitronens\u00e4ure), Preiselbeersirup 1,5% (Preiselbeersaftkonzentrat, Zucker, S\u00e4uerungsmittel: Zitronens\u00e4ure), Hefe, Salz, Kastanienmehl, nat\u00fcrliches Aroma. Kann Spuren von SOJA enthalten. <\/p>\n<h3>Gebrauchsanweisung<\/h3>\n<p>Verzehrfertig <\/p>\n<div data-a-expander-name=\"toggle_description\" class=\"a-row a-expander-container a-expander-extend-container\">\n<div class=\"a-expander-content a-expander-extend-content\">\n<h3>Anschrift Hersteller\/Importeur<\/h3>\n<p>Winkelau 9 &#8211; 39014 Burgstall \/ Postal (BZ) &#8211; Italy <\/p>\n<\/p><\/div>\n<p> <a href=\"void(0)\" data-action=\"a-expander-toggle\" class=\"a-expander-header a-declarative a-expander-extend-header\" data-a-expander-toggle=\"{\"><i class=\"a-icon a-icon-extender-expand\"><\/i><span class=\"a-expander-prompt\">Weitere Informationen<\/span><\/a> <\/div>\n<p>5x 240g<br \/>\nGlutenfrei<br \/>\nWeizenfrei<br \/>\nLaktosefrei<br \/>\nHerzhaft dunkles Sauerteig-Schnittbrot. Ideal f\u00fcrs Abendbrot<br \/>\n<div class=\"main-cross-sell\" data-asin=\"B00RCOR3QG\">\n\n\t<div class=\"WooZone-cross-sell-loader\">\n\t\t<div>\n\t\t\t<div id=\"floatingBarsG\">\n\t\t\t\t<div class=\"blockG\" id=\"rotateG_01\"><\/div>\n\t\t\t\t<div class=\"blockG\" id=\"rotateG_02\"><\/div>\n\t\t\t\t<div class=\"blockG\" id=\"rotateG_03\"><\/div>\n\t\t\t\t<div class=\"blockG\" id=\"rotateG_04\"><\/div>\n\t\t\t\t<div class=\"blockG\" id=\"rotateG_05\"><\/div>\n\t\t\t\t<div class=\"blockG\" id=\"rotateG_06\"><\/div>\n\t\t\t\t<div class=\"blockG\" id=\"rotateG_07\"><\/div>\n\t\t\t\t<div class=\"blockG\" id=\"rotateG_08\"><\/div>\n\t\t\t<\/div>\n\t\t\t<div class=\"WooZone-cross-sell-loader-text\"><\/div>\n\t\t<\/div>\n\t<\/div>\n\n\t\t\n<\/div>\n<div style=\"clear:both;\"><\/div>\n","protected":false},"excerpt":{"rendered":"5x 240g\nGlutenfrei\nWeizenfrei","protected":false},"featured_media":7421,"comment_status":"open","ping_status":"closed","template":"","meta":[],"product_cat":[56,64],"product_tag":[],"_links":{"self":[{"href":"https:\/\/food-shop.org\/index.php?rest_route=\/wp\/v2\/product\/7420"}],"collection":[{"href":"https:\/\/food-shop.org\/index.php?rest_route=\/wp\/v2\/product"}],"about":[{"href":"https:\/\/food-shop.org\/index.php?rest_route=\/wp\/v2\/types\/product"}],"replies":[{"embeddable":true,"href":"https:\/\/food-shop.org\/index.php?rest_route=%2Fwp%2Fv2%2Fcomments&post=7420"}],"wp:featuredmedia":[{"embeddable":true,"href":"https:\/\/food-shop.org\/index.php?rest_route=\/wp\/v2\/media\/7421"}],"wp:attachment":[{"href":"https:\/\/food-shop.org\/index.php?rest_route=%2Fwp%2Fv2%2Fmedia&parent=7420"}],"wp:term":[{"taxonomy":"product_cat","embeddable":true,"href":"https:\/\/food-shop.org\/index.php?rest_route=%2Fwp%2Fv2%2Fproduct_cat&post=7420"},{"taxonomy":"product_tag","embeddable":true,"href":"https:\/\/food-shop.org\/index.php?rest_route=%2Fwp%2Fv2%2Fproduct_tag&post=7420"}],"curies":[{"name":"wp","href":"https:\/\/api.w.org\/{rel}","templated":true}]}}