{"id":7412,"date":"2020-08-31T13:51:44","date_gmt":"2020-08-31T13:51:44","guid":{"rendered":"https:\/\/food-shop.org\/?product=leichtcross-knusperbrot-goldweizen-8er-pack-8-x-125-g"},"modified":"2023-04-10T18:03:44","modified_gmt":"2023-04-10T18:03:44","slug":"leichtcross-knusperbrot-goldweizen-8er-pack-8-x-125-g","status":"publish","type":"product","link":"https:\/\/food-shop.org\/?product=leichtcross-knusperbrot-goldweizen-8er-pack-8-x-125-g","title":{"rendered":"LEICHT&amp;CROSS Knusperbrot Goldweizen, 8er Pack (8 x 125 g)"},"content":{"rendered":"<p><!-- show up to 2 reviews by default --> <\/p>\n<h3>Produktbeschreibung<\/h3>\n<p>Knusperbrot Weizen <\/p>\n<h3>Inhaltsstoffe \/ Zutaten<\/h3>\n<p>Zutaten: WEIZENMEHL, S\u00dc\u00dfMOLKENPULVER, Zucker, Sonnenblumen\u00f6l, Salz.Zur Herstellung von 100g Knusperbrot Weizen werden 98g Weizenmehl verwendet. Kann Spuren enthalten von: SOJA. <\/p>\n<div data-a-expander-name=\"toggle_description\" class=\"a-row a-expander-container a-expander-extend-container\">\n<div class=\"a-expander-content a-expander-extend-content\">\n<h3>Gebrauchsanweisung<\/h3>\n<p>verzehrfertig <\/p>\n<h3>Anschrift Hersteller\/Importeur<\/h3>\n<p>D-56751 Polch <\/p>\n<\/p><\/div>\n<p> <a href=\"void(0)\" data-action=\"a-expander-toggle\" class=\"a-expander-header a-declarative a-expander-extend-header\" data-a-expander-toggle=\"{\"><i class=\"a-icon a-icon-extender-expand\"><\/i><span class=\"a-expander-prompt\">Weitere Informationen<\/span><\/a> <\/div>\n<p>Knuspriges Trockenflachbrot mit hochwertigem Getreide<br \/>\nLEICHT&amp;CROSS passt hervorragend auf den Fr\u00fchst\u00fcckstisch<br \/>\nIdeal auch f\u00fcr den Verzehr zwischendurch geeignet<br \/>\nSchmeckt besonders gut mit Belag oder Aufstrich &#8211; egal ob herzhaft oder s\u00fc\u00df<br \/>\nBrot &amp; Backwaren<br \/>\nKn\u00e4ckebrot &amp; Zwieback<br \/>\n<div class=\"main-cross-sell\" data-asin=\"B013SSEE5W\">\n\n\t<div class=\"WooZone-cross-sell-loader\">\n\t\t<div>\n\t\t\t<div id=\"floatingBarsG\">\n\t\t\t\t<div class=\"blockG\" id=\"rotateG_01\"><\/div>\n\t\t\t\t<div class=\"blockG\" id=\"rotateG_02\"><\/div>\n\t\t\t\t<div class=\"blockG\" id=\"rotateG_03\"><\/div>\n\t\t\t\t<div class=\"blockG\" id=\"rotateG_04\"><\/div>\n\t\t\t\t<div class=\"blockG\" id=\"rotateG_05\"><\/div>\n\t\t\t\t<div class=\"blockG\" id=\"rotateG_06\"><\/div>\n\t\t\t\t<div class=\"blockG\" id=\"rotateG_07\"><\/div>\n\t\t\t\t<div class=\"blockG\" id=\"rotateG_08\"><\/div>\n\t\t\t<\/div>\n\t\t\t<div class=\"WooZone-cross-sell-loader-text\"><\/div>\n\t\t<\/div>\n\t<\/div>\n\n\t\t\n<\/div>\n<div style=\"clear:both;\"><\/div>\n","protected":false},"excerpt":{"rendered":"Knuspriges Trockenflachbrot mit hochwertigem Getreide\nLEICHT&amp;CROSS passt hervorragend auf den Fr\u00fchst\u00fcckstisch\nIdeal auch f\u00fcr den Verzehr zwischendurch geeignet","protected":false},"featured_media":7413,"comment_status":"open","ping_status":"closed","template":"","meta":[],"product_cat":[56,64],"product_tag":[],"_links":{"self":[{"href":"https:\/\/food-shop.org\/index.php?rest_route=\/wp\/v2\/product\/7412"}],"collection":[{"href":"https:\/\/food-shop.org\/index.php?rest_route=\/wp\/v2\/product"}],"about":[{"href":"https:\/\/food-shop.org\/index.php?rest_route=\/wp\/v2\/types\/product"}],"replies":[{"embeddable":true,"href":"https:\/\/food-shop.org\/index.php?rest_route=%2Fwp%2Fv2%2Fcomments&post=7412"}],"wp:featuredmedia":[{"embeddable":true,"href":"https:\/\/food-shop.org\/index.php?rest_route=\/wp\/v2\/media\/7413"}],"wp:attachment":[{"href":"https:\/\/food-shop.org\/index.php?rest_route=%2Fwp%2Fv2%2Fmedia&parent=7412"}],"wp:term":[{"taxonomy":"product_cat","embeddable":true,"href":"https:\/\/food-shop.org\/index.php?rest_route=%2Fwp%2Fv2%2Fproduct_cat&post=7412"},{"taxonomy":"product_tag","embeddable":true,"href":"https:\/\/food-shop.org\/index.php?rest_route=%2Fwp%2Fv2%2Fproduct_tag&post=7412"}],"curies":[{"name":"wp","href":"https:\/\/api.w.org\/{rel}","templated":true}]}}