{"id":7406,"date":"2020-08-31T13:51:41","date_gmt":"2020-08-31T13:51:41","guid":{"rendered":"https:\/\/food-shop.org\/?product=harry-brot-unser-mildes-500-g-geschnitten-10"},"modified":"2023-04-10T18:03:43","modified_gmt":"2023-04-10T18:03:43","slug":"harry-brot-unser-mildes-500-g-geschnitten-10","status":"publish","type":"product","link":"https:\/\/food-shop.org\/?product=harry-brot-unser-mildes-500-g-geschnitten-10","title":{"rendered":"Harry Brot Unser Mildes 500 g geschnitten (10)"},"content":{"rendered":"<div class=\"disclaim\"> St\u00fcckzahl:<strong>10<\/strong> <\/div>\n<p> <!-- show up to 2 reviews by default --> <\/p>\n<h3>Produktbeschreibungen<\/h3>\n<p>1688 Unser Mildes 500 g, geschnitten Frisches, lockeres Weizenmischbrot in saftigen Scheiben und besonders mild im Geschmack. Besonders beliebt wegen der lockeren Krume mit zarter Kruste. Verkehrsbezeichnung: Weizenmischbrot mit 58 % Weizenmehl <\/p>\n<h3>Inhaltsstoffe \/ Zutaten<\/h3>\n<p>WEIZENmehl, Wasser, Natursauerteig (Wasser, ROGGENvollkornmehl, ROGGENmehl), ROGGENmehl, Salz, Hefe, Raps\u00f6l, Invertzuckersirup, Mono- und Diglyceride von Speisefetts\u00e4uren (E471) 1), Natriumacetate. 1) pflanzlicher Ursprung Kann Spuren von SESAM enthalten. <\/p>\n<div data-a-expander-name=\"toggle_description\" class=\"a-row a-expander-container a-expander-extend-container\">\n<div class=\"a-expander-content a-expander-extend-content\">\n<h3>Rechtliche Hinweise<\/h3>\n<p>Shoerassic versendet dieses Produkt nur Mo und Mi aufgrund von begrenzter Haltbarkeit. Bestellungen die zwischen Donnerstag und Freitag 15:00 eingehen werden auf Grund der Frische erst am Montag der folgenden Woche versendet. Bestellungen die von Freitag 17:00 Uhr bis Dienstag eintreffen werden am Mittwoch versendet. Wir versenden unsere Ware immer so frisch wie m\u00f6glich. Lebensmittel vom Umtausch ausgeschlossen. <\/p>\n<\/p><\/div>\n<p> <a href=\"void(0)\" data-action=\"a-expander-toggle\" class=\"a-expander-header a-declarative a-expander-extend-header\" data-a-expander-toggle=\"{\"><i class=\"a-icon a-icon-extender-expand\"><\/i><span class=\"a-expander-prompt\">Weitere Informationen<\/span><\/a> <\/div>\n<p>Gro\u00dfe 500g Packung f\u00fcr die ganze Familie von Klein bis Gro\u00df<br \/>\nLecker-saftiges Weizenmischbrot mit einem Weizenanteil von 58%<br \/>\nMit Natursauerteig und ohne Konservierungsstoffe gebacken<br \/>\nMHD von 10 Tagen ab Herstellung (bitte Versandzeit bedenken).<br \/>\nMade in Germany.<br \/>\n<div class=\"main-cross-sell\" data-asin=\"B07ZBJWR2Q\">\n\n\t<div class=\"WooZone-cross-sell-loader\">\n\t\t<div>\n\t\t\t<div id=\"floatingBarsG\">\n\t\t\t\t<div class=\"blockG\" id=\"rotateG_01\"><\/div>\n\t\t\t\t<div class=\"blockG\" id=\"rotateG_02\"><\/div>\n\t\t\t\t<div class=\"blockG\" id=\"rotateG_03\"><\/div>\n\t\t\t\t<div class=\"blockG\" id=\"rotateG_04\"><\/div>\n\t\t\t\t<div class=\"blockG\" id=\"rotateG_05\"><\/div>\n\t\t\t\t<div class=\"blockG\" id=\"rotateG_06\"><\/div>\n\t\t\t\t<div class=\"blockG\" id=\"rotateG_07\"><\/div>\n\t\t\t\t<div class=\"blockG\" id=\"rotateG_08\"><\/div>\n\t\t\t<\/div>\n\t\t\t<div class=\"WooZone-cross-sell-loader-text\"><\/div>\n\t\t<\/div>\n\t<\/div>\n\n\t\t\n<\/div>\n<div style=\"clear:both;\"><\/div>\n","protected":false},"excerpt":{"rendered":"Gro\u00dfe 500g Packung f\u00fcr die ganze Familie von Klein bis Gro\u00df\nLecker-saftiges Weizenmischbrot mit einem Weizenanteil von 58%\nMit Natursauerteig und ohne Konservierungsstoffe gebacken","protected":false},"featured_media":7407,"comment_status":"open","ping_status":"closed","template":"","meta":[],"product_cat":[56,64],"product_tag":[],"_links":{"self":[{"href":"https:\/\/food-shop.org\/index.php?rest_route=\/wp\/v2\/product\/7406"}],"collection":[{"href":"https:\/\/food-shop.org\/index.php?rest_route=\/wp\/v2\/product"}],"about":[{"href":"https:\/\/food-shop.org\/index.php?rest_route=\/wp\/v2\/types\/product"}],"replies":[{"embeddable":true,"href":"https:\/\/food-shop.org\/index.php?rest_route=%2Fwp%2Fv2%2Fcomments&post=7406"}],"wp:featuredmedia":[{"embeddable":true,"href":"https:\/\/food-shop.org\/index.php?rest_route=\/wp\/v2\/media\/7407"}],"wp:attachment":[{"href":"https:\/\/food-shop.org\/index.php?rest_route=%2Fwp%2Fv2%2Fmedia&parent=7406"}],"wp:term":[{"taxonomy":"product_cat","embeddable":true,"href":"https:\/\/food-shop.org\/index.php?rest_route=%2Fwp%2Fv2%2Fproduct_cat&post=7406"},{"taxonomy":"product_tag","embeddable":true,"href":"https:\/\/food-shop.org\/index.php?rest_route=%2Fwp%2Fv2%2Fproduct_tag&post=7406"}],"curies":[{"name":"wp","href":"https:\/\/api.w.org\/{rel}","templated":true}]}}