{"id":7392,"date":"2020-08-31T13:51:35","date_gmt":"2020-08-31T13:51:35","guid":{"rendered":"https:\/\/food-shop.org\/?product=mestemacher-eiweissbrot-3x-250g"},"modified":"2023-04-10T18:03:43","modified_gmt":"2023-04-10T18:03:43","slug":"mestemacher-eiweissbrot-3x-250g","status":"publish","type":"product","link":"https:\/\/food-shop.org\/?product=mestemacher-eiweissbrot-3x-250g","title":{"rendered":"Mestemacher Eiwei\u00dfbrot 3x 250g"},"content":{"rendered":"<p><!-- show up to 2 reviews by default --> <\/p>\n<p>Zutaten: Wasser, Eiwei\u00dfmischung (Weizeneiwei\u00df, Erbseneiwei\u00df), Leinsaat braun, Roggenvollkornmehl, Sojaschrot (6%), Sojamehl (3%), Weizenkleie, Goldleinsaat, Sonnenblumenkerne, Sesam, Hefe, Haferfaser, Salz, S\u00e4ureregulator: Natriumdiacetat, eiwei\u00dfangereichertes Molkepulver. Allergene: Gluten, Soja, Sesam, Milcherzeugnis. Hersteller: Mestemacher GmbH, Am Anger 16, D-33332 G\u00fctersloh Inhalt: 250g N\u00e4hrwertdeklaration: Durchschnittliche N\u00e4hrwerte je 100 g Brennwert: 1105,3 kJ \/ 264 Kcal Fett: 13,1 g davon: &#8211; ges\u00e4ttigte Fetts\u00e4uren: 1,4 g Kohlenhydrate: 7,5 g davon: &#8211; Zucker 0,9 g Balaststoffe: 14,2 g Eiwei\u00df: 22 g Salz: 1,1 g <\/p>\n<div class=\"main-cross-sell\" data-asin=\"B00HAFQWB4\">\n\n\t<div class=\"WooZone-cross-sell-loader\">\n\t\t<div>\n\t\t\t<div id=\"floatingBarsG\">\n\t\t\t\t<div class=\"blockG\" id=\"rotateG_01\"><\/div>\n\t\t\t\t<div class=\"blockG\" id=\"rotateG_02\"><\/div>\n\t\t\t\t<div class=\"blockG\" id=\"rotateG_03\"><\/div>\n\t\t\t\t<div class=\"blockG\" id=\"rotateG_04\"><\/div>\n\t\t\t\t<div class=\"blockG\" id=\"rotateG_05\"><\/div>\n\t\t\t\t<div class=\"blockG\" id=\"rotateG_06\"><\/div>\n\t\t\t\t<div class=\"blockG\" id=\"rotateG_07\"><\/div>\n\t\t\t\t<div class=\"blockG\" id=\"rotateG_08\"><\/div>\n\t\t\t<\/div>\n\t\t\t<div class=\"WooZone-cross-sell-loader-text\"><\/div>\n\t\t<\/div>\n\t<\/div>\n\n\t\t\n<\/div>\n<div style=\"clear:both;\"><\/div>\n","protected":false},"excerpt":{"rendered":"Zutaten: Wasser, Eiwei\u00dfmischung (Weizeneiwei\u00df, Erbseneiwei\u00df), Leinsaat braun, Roggenvollkornmehl, Sojaschrot (6%), Sojamehl (3%), Weizenkleie, Goldleinsaat, Sonnenblumenkerne, Sesam, Hefe, Haferfaser, Salz, S\u00e4ureregulator: Natriumdiacetat, eiwei\u00dfangereichertes Molkepulver. Allergene: Gluten, Soja, Sesam, Milcherzeugnis. Hersteller: Mestemacher GmbH, Am Anger 16, D-33332 G\u00fctersloh Inhalt: 250g N\u00e4hrwertdeklaration: Durchschnittliche N\u00e4hrwerte je 100 g Brennwert: 1105,3 kJ \/ 264 Kcal Fett: 13,1 g davon: - [...]","protected":false},"featured_media":7393,"comment_status":"open","ping_status":"closed","template":"","meta":[],"product_cat":[56,64],"product_tag":[],"_links":{"self":[{"href":"https:\/\/food-shop.org\/index.php?rest_route=\/wp\/v2\/product\/7392"}],"collection":[{"href":"https:\/\/food-shop.org\/index.php?rest_route=\/wp\/v2\/product"}],"about":[{"href":"https:\/\/food-shop.org\/index.php?rest_route=\/wp\/v2\/types\/product"}],"replies":[{"embeddable":true,"href":"https:\/\/food-shop.org\/index.php?rest_route=%2Fwp%2Fv2%2Fcomments&post=7392"}],"wp:featuredmedia":[{"embeddable":true,"href":"https:\/\/food-shop.org\/index.php?rest_route=\/wp\/v2\/media\/7393"}],"wp:attachment":[{"href":"https:\/\/food-shop.org\/index.php?rest_route=%2Fwp%2Fv2%2Fmedia&parent=7392"}],"wp:term":[{"taxonomy":"product_cat","embeddable":true,"href":"https:\/\/food-shop.org\/index.php?rest_route=%2Fwp%2Fv2%2Fproduct_cat&post=7392"},{"taxonomy":"product_tag","embeddable":true,"href":"https:\/\/food-shop.org\/index.php?rest_route=%2Fwp%2Fv2%2Fproduct_tag&post=7392"}],"curies":[{"name":"wp","href":"https:\/\/api.w.org\/{rel}","templated":true}]}}