{"id":7356,"date":"2020-08-31T13:45:11","date_gmt":"2020-08-31T13:45:11","guid":{"rendered":"https:\/\/food-shop.org\/?product=tilda-reis-basmati-8er-pack-8-x-500-g"},"modified":"2023-04-10T17:56:56","modified_gmt":"2023-04-10T17:56:56","slug":"tilda-reis-basmati-8er-pack-8-x-500-g","status":"publish","type":"product","link":"https:\/\/food-shop.org\/?product=tilda-reis-basmati-8er-pack-8-x-500-g","title":{"rendered":"TILDA &#8211; Basmati Reis &#8211; Multipack (8 X 500 GR)"},"content":{"rendered":"<p><!-- show up to 2 reviews by default --> <\/p>\n<h3>Produktbeschreibung<\/h3>\n<p>Diese einzigartige Reissorte ist f\u00fcr ihren k\u00f6stlichen Geschmack, feines Aroma und zarte, lockere Struktur bekannt. Reiner Basmati Reis von Tilda wird an den Ausl\u00e4ufern des Himalayagebirges angebaut und geernet. Das klare Wasser der Himalyagebirge gibt dem Langkornreis sein einzigartiges Aroma. Der Tilda Basmatireis in h\u00f6chster Qualit\u00e4t ist ideal f\u00fcr alle orientalischen Gerichte oder als Beilage zu jeder Mahlzeit. <\/p>\n<h3>Inhaltsstoffe \/ Zutaten<\/h3>\n<p>Zutaten: Basmatireis (100%) <\/p>\n<div data-a-expander-name=\"toggle_description\" class=\"a-row a-expander-container a-expander-extend-container\">\n<div class=\"a-expander-content a-expander-extend-content\">\n<h3>Gebrauchsanweisung<\/h3>\n<p>Pro Portion 60 g Reis abmessen. Eine Ma\u00dfeinheit Reis auf zwei Ma\u00dfeinheiten Wasser. F\u00fcr beste Kochergebnisse den Reis 30 Minuten quellen lassen. Wasser zum Kochen bringen, den Reis einr\u00fchren und das Ganze erneut zum Kochen bringen. Den Topf abdecken und den Reis 10 Minuten k\u00f6cheln lassen. <\/p>\n<h3>Anschrift Hersteller\/Importeur<\/h3>\n<p>Industriestra\u00dfe 40-42, 28876 Oyten, Germany <\/p>\n<\/p><\/div>\n<p> <a href=\"void(0)\" data-action=\"a-expander-toggle\" class=\"a-expander-header a-declarative a-expander-extend-header\" data-a-expander-toggle=\"{\"><i class=\"a-icon a-icon-extender-expand\"><\/i><span class=\"a-expander-prompt\">Weitere Informationen<\/span><\/a> <\/div>\n<p>Basmatireis in h\u00f6chster Qualit\u00e4t.<br \/>\nK\u00f6stlicher Geschmack, feines Aroma.<br \/>\nIdeal f\u00fcr Gerichte aller Art.<br \/>\nHerkunftsland: Indien<br \/>\n<div class=\"main-cross-sell\" data-asin=\"B01KA3M4TG\">\n\n\t<div class=\"WooZone-cross-sell-loader\">\n\t\t<div>\n\t\t\t<div id=\"floatingBarsG\">\n\t\t\t\t<div class=\"blockG\" id=\"rotateG_01\"><\/div>\n\t\t\t\t<div class=\"blockG\" id=\"rotateG_02\"><\/div>\n\t\t\t\t<div class=\"blockG\" id=\"rotateG_03\"><\/div>\n\t\t\t\t<div class=\"blockG\" id=\"rotateG_04\"><\/div>\n\t\t\t\t<div class=\"blockG\" id=\"rotateG_05\"><\/div>\n\t\t\t\t<div class=\"blockG\" id=\"rotateG_06\"><\/div>\n\t\t\t\t<div class=\"blockG\" id=\"rotateG_07\"><\/div>\n\t\t\t\t<div class=\"blockG\" id=\"rotateG_08\"><\/div>\n\t\t\t<\/div>\n\t\t\t<div class=\"WooZone-cross-sell-loader-text\"><\/div>\n\t\t<\/div>\n\t<\/div>\n\n\t\t\n<\/div>\n<div style=\"clear:both;\"><\/div>\n","protected":false},"excerpt":{"rendered":"Basmatireis in h\u00f6chster Qualit\u00e4t.\nK\u00f6stlicher Geschmack, feines Aroma.\nIdeal f\u00fcr Gerichte aller Art.","protected":false},"featured_media":7357,"comment_status":"open","ping_status":"closed","template":"","meta":[],"product_cat":[64,55],"product_tag":[],"_links":{"self":[{"href":"https:\/\/food-shop.org\/index.php?rest_route=\/wp\/v2\/product\/7356"}],"collection":[{"href":"https:\/\/food-shop.org\/index.php?rest_route=\/wp\/v2\/product"}],"about":[{"href":"https:\/\/food-shop.org\/index.php?rest_route=\/wp\/v2\/types\/product"}],"replies":[{"embeddable":true,"href":"https:\/\/food-shop.org\/index.php?rest_route=%2Fwp%2Fv2%2Fcomments&post=7356"}],"wp:featuredmedia":[{"embeddable":true,"href":"https:\/\/food-shop.org\/index.php?rest_route=\/wp\/v2\/media\/7357"}],"wp:attachment":[{"href":"https:\/\/food-shop.org\/index.php?rest_route=%2Fwp%2Fv2%2Fmedia&parent=7356"}],"wp:term":[{"taxonomy":"product_cat","embeddable":true,"href":"https:\/\/food-shop.org\/index.php?rest_route=%2Fwp%2Fv2%2Fproduct_cat&post=7356"},{"taxonomy":"product_tag","embeddable":true,"href":"https:\/\/food-shop.org\/index.php?rest_route=%2Fwp%2Fv2%2Fproduct_tag&post=7356"}],"curies":[{"name":"wp","href":"https:\/\/api.w.org\/{rel}","templated":true}]}}